{"id":7561,"date":"2025-07-18T14:40:17","date_gmt":"2025-07-18T12:40:17","guid":{"rendered":"https:\/\/hamma-uwt.de\/gtc\/"},"modified":"2026-03-04T10:49:44","modified_gmt":"2026-03-04T09:49:44","slug":"gtc","status":"publish","type":"page","link":"https:\/\/hamma-uwt.de\/cs\/sluzba\/gtc\/","title":{"rendered":"GTC"},"content":{"rendered":"\t\t<div data-elementor-type=\"wp-page\" data-elementor-id=\"7561\" class=\"elementor elementor-7561 elementor-1659\" data-elementor-post-type=\"page\">\n\t\t\t\t<div class=\"elementor-element elementor-element-b678910 e-flex e-con-boxed e-con e-parent\" data-id=\"b678910\" data-element_type=\"container\" data-e-type=\"container\" data-settings=\"{&quot;jet_parallax_layout_list&quot;:[]}\">\n\t\t\t\t\t<div class=\"e-con-inner\">\n\t\t\t\t<div class=\"elementor-element elementor-element-f307924 elementor-widget elementor-widget-heading\" data-id=\"f307924\" data-element_type=\"widget\" data-e-type=\"widget\" data-widget_type=\"heading.default\">\n\t\t\t\t\t<h2 class=\"elementor-heading-title elementor-size-default\">AGB - V\u0161eobecn\u00e9 obchodn\u00ed podm\u00ednky<\/h2>\t\t\t\t<\/div>\n\t\t\t\t<div class=\"elementor-element elementor-element-829c0db elementor-widget elementor-widget-text-editor\" data-id=\"829c0db\" data-element_type=\"widget\" data-e-type=\"widget\" data-widget_type=\"text-editor.default\">\n\t\t\t\t\t\t\t\t\t<div class=\"n module-type-header diyfeLiveArea \"><p><span style=\"font-size: 16px;\">N\u00e1sleduj\u00edc\u00ed podm\u00ednky jsou ur\u010deny pro dod\u00e1vky a slu\u017eby obchodn\u00edk\u016fm pro jejich obchodn\u00ed \u010dinnost.<\/span><\/p><\/div><div class=\"n module-type-text diyfeLiveArea \"><p>Dod\u00e1vky a slu\u017eby jsou poskytov\u00e1ny v\u00fdhradn\u011b v souladu s na\u0161imi dodac\u00edmi a platebn\u00edmi podm\u00ednkami, kter\u00e9 z\u00e1kazn\u00edk uzn\u00e1v\u00e1 po obdr\u017een\u00ed potvrzen\u00ed na\u0161\u00ed objedn\u00e1vky, nejpozd\u011bji p\u0159i p\u0159evzet\u00ed objednan\u00e9ho zbo\u017e\u00ed. Odchyln\u00e9 n\u00e1kupn\u00ed podm\u00ednky z\u00e1kazn\u00edka se nest\u00e1vaj\u00ed sou\u010d\u00e1st\u00ed smlouvy ani v p\u0159\u00edpad\u011b p\u0159ijet\u00ed objedn\u00e1vky. Objedn\u00e1vky, vedlej\u0161\u00ed ujedn\u00e1n\u00ed, dodatky a dal\u0161\u00ed dohody nab\u00fdvaj\u00ed \u00fa\u010dinnosti a\u017e po na\u0161em p\u00edsemn\u00e9m potvrzen\u00ed.  <\/p><p>Ceny: Plat\u00ed ceny a cenov\u00e9 podm\u00ednky zve\u0159ejn\u011bn\u00e9 v den dod\u00e1n\u00ed. DPH bude \u00fa\u010dtov\u00e1na dodate\u010dn\u011b v platn\u00e9 sazb\u011b. <\/p><p>V\u00fdrobky na m\u00edru: V p\u0159\u00edpad\u011b vzork\u016f a v\u00fdrobk\u016f na zak\u00e1zku mimo p\u0159\u00edslu\u0161n\u00fd platn\u00fd rozsah dod\u00e1vek se m\u00e1 za to, \u017ee bylo dohodnuto p\u0159im\u011b\u0159en\u00e9 nadm\u011brn\u00e9 nebo mal\u00e9 mno\u017estv\u00ed.<\/p><p>Dodac\u00ed lh\u016fty jsou nez\u00e1vazn\u00e9 a\u017e do p\u0159ijet\u00ed objedn\u00e1vky - s v\u00fdhradou prozat\u00edmn\u00edho prodeje - a po\u010d\u00edtaj\u00ed se od p\u0159ijet\u00ed objedn\u00e1vky nebo nejd\u0159\u00edve od kone\u010dn\u00e9 dohody o proveden\u00ed objedn\u00e1vky a poskytnut\u00ed ve\u0161ker\u00fdch dokument\u016f, opr\u00e1vn\u011bn\u00ed a schv\u00e1len\u00ed, kter\u00e9 mus\u00ed z\u00e1kazn\u00edk obstarat. Pokud jsou dodac\u00ed lh\u016fty uvedeny ve dnech, po\u010d\u00edtaj\u00ed se pouze obvykl\u00e9 pracovn\u00ed dny. Dodac\u00ed lh\u016fta se pova\u017euje za dodr\u017eenou, pokud p\u0159edm\u011bt dod\u00e1vky opustil v\u00fdrobn\u00ed z\u00e1vod nebo byla ozn\u00e1mena p\u0159ipravenost k odesl\u00e1n\u00ed do jej\u00edho uplynut\u00ed.  <\/p><p>Dodac\u00ed lh\u016fty jsou podm\u00edn\u011bny v\u00fdznamn\u00fdmi nep\u0159edv\u00eddateln\u00fdmi ud\u00e1lostmi b\u011bhem v\u00fdroby a dal\u0161\u00edmi p\u0159ek\u00e1\u017ekami, jako je vy\u0161\u0161\u00ed moc, zpo\u017ed\u011bn\u00ed dopravy, provozn\u00ed poruchy nebo pracovn\u00ed spory v na\u0161ich vlastn\u00edch z\u00e1vodech nebo u na\u0161ich dodavatel\u016f.<br>Pokud z\u00e1kazn\u00edkovi vznikne \u0161koda v d\u016fsledku zpo\u017ed\u011bn\u00ed, za kter\u00e9 hrub\u011b odpov\u00edd\u00e1me, je opr\u00e1vn\u011bn po\u017eadovat n\u00e1hradu za zpo\u017ed\u011bn\u00ed. Tato n\u00e1hrada \u010din\u00ed 1\/2 procenta za ka\u017ed\u00fd cel\u00fd t\u00fdden zpo\u017ed\u011bn\u00ed, celkem v\u0161ak nejv\u00fd\u0161e 5 procent hodnoty t\u00e9 \u010d\u00e1sti dod\u00e1vky, kter\u00e1 nebyla dod\u00e1na v\u010das nebo kterou nelze v d\u016fsledku zpo\u017ed\u011bn\u00ed pou\u017e\u00edt v souladu se smlouvou. Dal\u0161\u00ed n\u00e1roky jsou vylou\u010deny.  <\/p><p>Obaly: Jednor\u00e1zov\u00e9 obaly, jako jsou d\u0159ev\u011bn\u00e9 bedny, kartonov\u00e9 krabice atd., budou \u00fa\u010dtov\u00e1ny v cen\u011b n\u00e1klad\u016f a nebudou p\u0159ijaty zp\u011bt. Opakovan\u011b pou\u017eiteln\u00e9 a s\u00ed\u0165ov\u00e9 krabicov\u00e9 palety, palety se stohovac\u00edmi r\u00e1my a v\u00edky, kontejnery a kazety z\u016fst\u00e1vaj\u00ed na\u0161\u00edm majetkem a mus\u00ed b\u00fdt neprodlen\u011b bezplatn\u011b vr\u00e1ceny na m\u00edsto dod\u00e1n\u00ed.<br>Hromadn\u00e9 obaly obsahuj\u00ed po\u010det jednotek uveden\u00fd v na\u0161ich cen\u00edc\u00edch jako olov\u011bn\u00e9 obaly. Mno\u017estv\u00ed odchyln\u00e1 od tohoto mno\u017estv\u00ed nebo jejich n\u00e1sobky mohou b\u00fdt dod\u00e1ny pouze v individu\u00e1ln\u00edm balen\u00ed, pokud to nen\u00ed v rozporu s minim\u00e1ln\u00edmi objednac\u00edmi mno\u017estv\u00edmi.  <\/p><p>Odesl\u00e1n\u00ed je na n\u00e1klady a riziko p\u0159\u00edjemce zdarma n\u011bmeck\u00e9 m\u00edsto ur\u010den\u00ed, ale s vylou\u010den\u00edm jak\u00fdchkoli poplatk\u016f za p\u0159epravu. Dodate\u010dn\u00e9 n\u00e1klady na expresn\u00ed zbo\u017e\u00ed a p\u0159epravn\u00ed n\u00e1klady na mal\u00e9 z\u00e1silky hrad\u00ed z\u00e1kazn\u00edk. Volba zp\u016fsobu odesl\u00e1n\u00ed je ponech\u00e1na na m\u00edst\u011b dod\u00e1n\u00ed. D\u00edl\u010d\u00ed dod\u00e1vky jsou povoleny.   <\/p><p>Koncept vr\u00e1cen\u00ed: Pokud zakoupen\u00e9 za\u0159\u00edzen\u00ed doslou\u017eilo a ji\u017e jej nepot\u0159ebujete, m\u016f\u017eete jej v p\u0159im\u011b\u0159en\u00e9m stavu zaslat k recyklaci\/likvidaci na n\u00e1sleduj\u00edc\u00ed adresu.  <\/p><p>Armin Hamma Umwelttechnik, WEEE - Recycling\/Disposal, Kettelerstra\u00dfe 44-46, D- 78532 Tuttlingen.<\/p><p>Nezaplacen\u00e9 z\u00e1silky nebudou p\u0159ijaty nebo budou p\u0159ijaty pouze na z\u00e1klad\u011b dobr\u00e9 v\u016fle. Vr\u00e1cen\u00e9 v\u00fdrobky ji\u017e nelze reklamovat. <\/p><p> <\/p><p>Platby se zpravidla prov\u00e1d\u011bj\u00ed v EURO, plus z\u00e1konn\u00e1 DPH, do hodnoty objedn\u00e1vky 7 700,00 E netto ihned, od hodnoty objedn\u00e1vky 7 700,00 E 1\/3 v\u017edy po potvrzen\u00ed objedn\u00e1vky \/ dod\u00e1n\u00ed \/ obdr\u017een\u00ed faktury. V p\u0159\u00edpad\u011b platby ze zahrani\u010d\u00ed se platba prov\u00e1d\u00ed formou akreditivu nebo z\u00e1lohy.<br>P\u0159i p\u0159ekro\u010den\u00ed lh\u016fty splatnosti bude \u00fa\u010dtov\u00e1n bankovn\u00ed \u00farok.<br>Z\u00e1kazn\u00edk nen\u00ed opr\u00e1vn\u011bn zadr\u017eet nebo zapo\u010d\u00edst platby proti protipohled\u00e1vk\u00e1m.<br>V p\u0159\u00edpad\u011b pozastaven\u00ed platby nebo p\u0159edlu\u017een\u00ed ze strany z\u00e1kazn\u00edka, jako\u017e i nedodr\u017een\u00ed dohodnut\u00fdch platebn\u00edch podm\u00ednek se st\u00e1vaj\u00ed okam\u017eit\u011b splatn\u00fdmi v\u0161echny pohled\u00e1vky, na kter\u00e9 m\u00e1me v\u016f\u010di z\u00e1kazn\u00edkovi n\u00e1rok, v\u010detn\u011b sm\u011bne\u010dn\u00fdch pohled\u00e1vek. <\/p><p>V\u00fdhrada vlastnick\u00e9ho pr\u00e1va: Vlastnick\u00e9 pr\u00e1vo k ve\u0161ker\u00e9mu n\u00e1mi dodan\u00e9mu zbo\u017e\u00ed si ponech\u00e1v\u00e1me a\u017e do \u00fapln\u00e9ho zaplacen\u00ed: v\u0161echny dod\u00e1vky jsou pova\u017eov\u00e1ny za jednu dodac\u00ed transakci. V p\u0159\u00edpad\u011b b\u011b\u017en\u00e9ho \u00fa\u010dtu slou\u017e\u00ed v\u00fdhrada vlastnick\u00e9ho pr\u00e1va jako zaji\u0161t\u011bn\u00ed na\u0161\u00ed pohled\u00e1vky za z\u016fstatkem. <\/p><p>Pokud z\u00e1kazn\u00edk spoj\u00ed na\u0161e zbo\u017e\u00ed s jin\u00fdmi polo\u017ekami do jedn\u00e9 polo\u017eky, staneme se pom\u011brn\u011b spoluvlastn\u00edky nov\u00e9 polo\u017eky. Pokud z\u00e1kazn\u00edk n\u00e1mi dodan\u00e9 zbo\u017e\u00ed d\u00e1le prod\u00e1 podle sv\u00e9ho ur\u010den\u00ed, postupuje n\u00e1m t\u00edmto pohled\u00e1vky v\u016f\u010di sv\u00fdm z\u00e1kazn\u00edk\u016fm vznikl\u00e9 z prodeje spolu se v\u0161emi vedlej\u0161\u00edmi pr\u00e1vy, a to a\u017e do \u00fapln\u00e9ho vyrovn\u00e1n\u00ed v\u0161ech na\u0161ich pohled\u00e1vek. Na na\u0161i \u017e\u00e1dost je z\u00e1kazn\u00edk povinen informovat t\u0159et\u00ed kupuj\u00edc\u00ed o postoupen\u00ed a poskytnout n\u00e1m informace a dokumenty pot\u0159ebn\u00e9 k uplatn\u011bn\u00ed na\u0161ich pr\u00e1v.  <br>Z\u00e1kazn\u00edk n\u00e1s mus\u00ed neprodlen\u011b informovat o jak\u00e9mkoli zabaven\u00ed zbo\u017e\u00ed s v\u00fdhradou vlastnictv\u00ed nebo o jak\u00e9mkoli jin\u00e9m poru\u0161en\u00ed na\u0161ich pr\u00e1v t\u0159et\u00edmi stranami.<br>Uvoln\u00edme n\u00e1mi dr\u017een\u00e9 cenn\u00e9 pap\u00edry v rozsahu, v jak\u00e9m jejich hodnota p\u0159evy\u0161uje pohled\u00e1vky, kter\u00e9 maj\u00ed b\u00fdt zaji\u0161t\u011bny, o v\u00edce ne\u017e 25 % v sou\u010dtu.<br>Pokud nen\u00ed v\u00fdhrada vlastnick\u00e9ho pr\u00e1va v t\u00e9to form\u011b ze z\u00e1konn\u00fdch d\u016fvod\u016f pln\u011b \u00fa\u010dinn\u00e1, je z\u00e1kazn\u00edk povinen zajistit na\u0161e pohled\u00e1vky za zbo\u017e\u00edm odpov\u00eddaj\u00edc\u00edm pr\u00e1vn\u011b \u00fa\u010dinn\u00fdm zp\u016fsobem a spolupracovat p\u0159i nezbytn\u00fdch opat\u0159en\u00edch.<\/p><p>Z\u00e1ruka: V p\u0159\u00edpad\u011b dod\u00e1vek, kter\u00e9 jsou prokazateln\u011b zcela nebo z\u010d\u00e1sti nepou\u017eiteln\u00e9 v d\u016fsledku vad, za kter\u00e9 odpov\u00edd\u00e1me, nebo absence v\u00fdslovn\u011b zaru\u010den\u00fdch vlastnost\u00ed, provedeme podle na\u0161eho uv\u00e1\u017een\u00ed a s p\u0159ihl\u00e9dnut\u00edm k ekonomick\u00fdm a technick\u00fdm hledisk\u016fm bu\u010f bezplatnou opravu zbo\u017e\u00ed, novou dod\u00e1vku nebo sn\u00ed\u017e\u00edme prodejn\u00ed cenu. Z p\u0159\u00edm\u00fdch n\u00e1klad\u016f vznikl\u00fdch v souvislosti s opravou nebo n\u00e1hradn\u00ed dod\u00e1vkou poneseme n\u00e1klady na opravu nebo n\u00e1hradn\u00ed dod\u00e1vku, v\u010detn\u011b n\u00e1klad\u016f na dopravu, jako\u017e i p\u0159im\u011b\u0159en\u00e9 n\u00e1klady na st\u011bhov\u00e1n\u00ed a instalaci vych\u00e1zej\u00edc\u00ed z hodnoty vadn\u00e9ho p\u0159edm\u011btu dod\u00e1vky, pokud se vztahuj\u00ed k N\u011bmecku. N\u00e1klady na p\u0159epravu zp\u011bt vadn\u00e9ho zbo\u017e\u00ed budou uhrazeny pouze v p\u0159\u00edpad\u011b, \u017ee vr\u00e1cen\u00ed prob\u011bhne na na\u0161i v\u00fdslovnou \u017e\u00e1dost.  <\/p><p>V opa\u010dn\u00e9m p\u0159\u00edpad\u011b nese n\u00e1klady z\u00e1kazn\u00edk.<br>Z\u00e1ru\u010dn\u00ed doba je 12 m\u011bs\u00edc\u016f od data dod\u00e1n\u00ed. V p\u0159\u00edpad\u011b n\u00e1sledn\u00e9ho vylep\u0161en\u00ed a n\u00e1hradn\u00ed dod\u00e1vky se prodlu\u017euje pouze o dobu, po kterou nelze p\u0159edm\u011bt dod\u00e1vky pou\u017e\u00edvat. Opot\u0159ebiteln\u00e9 d\u00edly jsou z tohoto ustanoven\u00ed vylou\u010deny.<br>Rozpoznateln\u00e9 po\u0161kozen\u00ed p\u0159i p\u0159eprav\u011b a v\u0161echny ostatn\u00ed z\u00e1vady n\u00e1m mus\u00ed b\u00fdt neprodlen\u011b ozn\u00e1meny do 8 dn\u016f od jejich zji\u0161t\u011bn\u00ed.<br>Pokud n\u00e1m z\u00e1vady nebudou v\u010das ozn\u00e1meny, m\u016f\u017eeme odm\u00edtnout pln\u011bn\u00ed z\u00e1ru\u010dn\u00edch n\u00e1rok\u016f. Tot\u00e9\u017e plat\u00ed, pokud n\u00e1m nen\u00ed poskytnut pot\u0159ebn\u00fd \u010das a mo\u017enost p\u0159ijmout ve\u0161ker\u00e1 opat\u0159en\u00ed, kter\u00e1 pova\u017eujeme za nezbytn\u00e1 podle na\u0161eho uv\u00e1\u017een\u00ed. Pouze v nal\u00e9hav\u00fdch p\u0159\u00edpadech, kdy je ohro\u017eena bezpe\u010dnost provozu z\u00e1kazn\u00edka a aby se p\u0159ede\u0161lo nep\u0159im\u011b\u0159en\u011b velk\u00fdm \u0161kod\u00e1m, v takov\u00e9m p\u0159\u00edpad\u011b je t\u0159eba n\u00e1s neprodlen\u011b informovat, nebo pokud jsme v prodlen\u00ed s odstran\u011bn\u00edm vady, m\u00e1 z\u00e1kazn\u00edk pr\u00e1vo odstranit vadu s\u00e1m nebo ji nechat odstranit t\u0159et\u00ed osobou a po\u017eadovat po n\u00e1s n\u00e1hradu n\u00e1klad\u016f, kter\u00e9 m\u00e1 n\u00e9st v r\u00e1mci z\u00e1ruky.    <\/p><p>Vedlej\u0161\u00ed povinnosti a poradenstv\u00ed: Vedlej\u0161\u00ed smluvn\u00ed slu\u017eby (nap\u0159. n\u00e1vod k \u00fadr\u017eb\u011b) a poradenstv\u00ed, pokud se vztahuj\u00ed k p\u0159edm\u011btu dod\u00e1vky, poskytujeme pe\u010dliv\u011b a podle na\u0161eho nejlep\u0161\u00edho v\u011bdom\u00ed v souladu s p\u0159\u00edslu\u0161n\u00fdm stavem techniky a podm\u00ednkami pou\u017eit\u00ed, kter\u00e9 n\u00e1m z\u00e1kazn\u00edk sd\u011blil; pokud jde o z\u00e1ruku, v\u010detn\u011b p\u0159\u00edpadn\u00fdch opomenut\u00ed, plat\u00ed v\u00fd\u0161e uveden\u00e9 podm\u00ednky obdobn\u011b.<br>Pouh\u00e1 doporu\u010den\u00ed nejsou z\u00e1vazn\u00e1. Katalogov\u00e9 a seznamov\u00e9 specifikace nep\u0159edstavuj\u00ed z\u00e1ruku vlastnost\u00ed. <\/p><p>Odpov\u011bdnost: Dal\u0161\u00ed n\u00e1roky z\u00e1kazn\u00edka, zejm\u00e9na n\u00e1rok na n\u00e1hradu \u0161kody, kter\u00e1 nevznikla na samotn\u00e9m p\u0159edm\u011btu dod\u00e1vky nebo kter\u00e1 se zakl\u00e1d\u00e1 na poru\u0161en\u00ed vlastnick\u00fdch pr\u00e1v, jsou v z\u00e1konn\u00e9m rozsahu vylou\u010deny. To plat\u00ed i pro neopr\u00e1vn\u011bn\u00e9 jedn\u00e1n\u00ed. <\/p><p>Odstoupen\u00ed od smlouvy: Pokud je spln\u011bn\u00ed smlouvy nebo n\u00e1rok\u016f ze z\u00e1ruky nemo\u017en\u00e9 nebo pokud jsme je zavin\u011bn\u011b odlo\u017eili nad p\u0159im\u011b\u0159enou lh\u016ftu, m\u016f\u017ee z\u00e1kazn\u00edk od smlouvy odstoupit. Jak\u00e9koli jin\u00e9 n\u00e1roky z\u00e1kazn\u00edka v\u016f\u010di n\u00e1m, na\u0161im z\u00e1stupc\u016fm nebo asistent\u016fm pln\u011bn\u00ed, zejm\u00e9na n\u00e1roky na n\u00e1hradu \u0161kody v\u0161eho druhu a ze v\u0161ech pr\u00e1vn\u00edch d\u016fvod\u016f, jsou vylou\u010deny. <\/p><p>M\u00edsto p\u0159\u00edslu\u0161nosti: M\u00edstem pln\u011bn\u00ed pro dod\u00e1n\u00ed a platbu je z\u00e1vod dodavatele. Ve v\u0161ech sporech vypl\u00fdvaj\u00edc\u00edch ze smluvn\u00edho vztahu je t\u0159eba podat \u017ealobu u soudu p\u0159\u00edslu\u0161n\u00e9ho podle s\u00eddla nebo pobo\u010dky dodavatele prov\u00e1d\u011bj\u00edc\u00edho dod\u00e1vku. Dodavatel je rovn\u011b\u017e opr\u00e1vn\u011bn podat \u017ealobu v s\u00eddle odb\u011bratele.  <\/p><p> <\/p><p> <\/p><p>Stav: 12.01.2023<\/p><\/div>\t\t\t\t\t\t\t\t<\/div>\n\t\t\t\t\t<\/div>\n\t\t\t\t<\/div>\n\t\t\t\t<\/div>\n\t\t","protected":false},"excerpt":{"rendered":"<p>AGB - V\u0161eobecn\u00e9 obchodn\u00ed podm\u00ednky N\u00e1sleduj\u00edc\u00ed podm\u00ednky jsou ur\u010deny pro dod\u00e1vky a slu\u017eby obchodn\u00edk\u016fm pro jejich obchodn\u00ed \u010dinnost. Dod\u00e1vky a slu\u017eby jsou poskytov\u00e1ny v\u00fdhradn\u011b v souladu s na\u0161imi dodac\u00edmi a platebn\u00edmi podm\u00ednkami, kter\u00e9 z\u00e1kazn\u00edk uzn\u00e1v\u00e1 po obdr\u017een\u00ed potvrzen\u00ed na\u0161\u00ed objedn\u00e1vky, nejpozd\u011bji p\u0159i p\u0159evzet\u00ed objednan\u00e9ho zbo\u017e\u00ed. Odchyln\u00e9 n\u00e1kupn\u00ed podm\u00ednky z\u00e1kazn\u00edka se nest\u00e1vaj\u00ed sou\u010d\u00e1st\u00ed smlouvy ani v [&hellip;]<\/p>\n","protected":false},"author":3,"featured_media":0,"parent":8462,"menu_order":0,"comment_status":"closed","ping_status":"closed","template":"","meta":{"_acf_changed":false,"footnotes":""},"class_list":["post-7561","page","type-page","status-publish","hentry"],"acf":[],"_links":{"self":[{"href":"https:\/\/hamma-uwt.de\/cs\/wp-json\/wp\/v2\/pages\/7561","targetHints":{"allow":["GET"]}}],"collection":[{"href":"https:\/\/hamma-uwt.de\/cs\/wp-json\/wp\/v2\/pages"}],"about":[{"href":"https:\/\/hamma-uwt.de\/cs\/wp-json\/wp\/v2\/types\/page"}],"author":[{"embeddable":true,"href":"https:\/\/hamma-uwt.de\/cs\/wp-json\/wp\/v2\/users\/3"}],"replies":[{"embeddable":true,"href":"https:\/\/hamma-uwt.de\/cs\/wp-json\/wp\/v2\/comments?post=7561"}],"version-history":[{"count":1,"href":"https:\/\/hamma-uwt.de\/cs\/wp-json\/wp\/v2\/pages\/7561\/revisions"}],"predecessor-version":[{"id":7562,"href":"https:\/\/hamma-uwt.de\/cs\/wp-json\/wp\/v2\/pages\/7561\/revisions\/7562"}],"up":[{"embeddable":true,"href":"https:\/\/hamma-uwt.de\/cs\/wp-json\/wp\/v2\/pages\/8462"}],"wp:attachment":[{"href":"https:\/\/hamma-uwt.de\/cs\/wp-json\/wp\/v2\/media?parent=7561"}],"curies":[{"name":"wp","href":"https:\/\/api.w.org\/{rel}","templated":true}]}}