{"id":8462,"date":"2025-04-11T13:47:23","date_gmt":"2025-04-11T11:47:23","guid":{"rendered":"https:\/\/hamma-uwt.de\/sluzba\/"},"modified":"2026-03-04T10:49:51","modified_gmt":"2026-03-04T09:49:51","slug":"sluzba","status":"publish","type":"page","link":"https:\/\/hamma-uwt.de\/cs\/sluzba\/","title":{"rendered":"Slu\u017eba"},"content":{"rendered":"\t\t<div data-elementor-type=\"wp-page\" data-elementor-id=\"8462\" class=\"elementor elementor-8462 elementor-37\" data-elementor-post-type=\"page\">\n\t\t\t\t<div class=\"elementor-element elementor-element-3101cb4 e-flex e-con-boxed e-con e-parent\" data-id=\"3101cb4\" data-element_type=\"container\" data-e-type=\"container\" data-settings=\"{&quot;background_background&quot;:&quot;classic&quot;,&quot;jet_parallax_layout_list&quot;:[]}\">\n\t\t\t\t\t<div class=\"e-con-inner\">\n\t\t<div class=\"elementor-element elementor-element-d29d8c0 e-con-full e-flex e-con e-child\" data-id=\"d29d8c0\" data-element_type=\"container\" data-e-type=\"container\" data-settings=\"{&quot;jet_parallax_layout_list&quot;:[]}\">\n\t\t\t\t<div class=\"elementor-element elementor-element-bdf39cb elementor-widget elementor-widget-heading\" data-id=\"bdf39cb\" data-element_type=\"widget\" data-e-type=\"widget\" data-widget_type=\"heading.default\">\n\t\t\t\t\t<h1 class=\"elementor-heading-title elementor-size-default\">SERVIS<\/h1>\t\t\t\t<\/div>\n\t\t\t\t<div class=\"elementor-element elementor-element-f992e32 elementor-widget elementor-widget-text-editor\" data-id=\"f992e32\" data-element_type=\"widget\" data-e-type=\"widget\" data-widget_type=\"text-editor.default\">\n\t\t\t\t\t\t\t\t\t<p>Zde najdete v\u0161e o na\u0161ich produktech.<\/p>\t\t\t\t\t\t\t\t<\/div>\n\t\t\t\t<\/div>\n\t\t\t\t<div class=\"elementor-element elementor-element-9df908a elementor-widget elementor-widget-image\" data-id=\"9df908a\" data-element_type=\"widget\" data-e-type=\"widget\" data-widget_type=\"image.default\">\n\t\t\t\t\t\t\t\t\t\t\t\t\t\t\t<img fetchpriority=\"high\" decoding=\"async\" width=\"539\" height=\"1000\" src=\"https:\/\/hamma-uwt.de\/wp-content\/uploads\/Servicefrog-Modeling-008a-free.png\" class=\"attachment-large size-large wp-image-8463\" alt=\"\" srcset=\"https:\/\/hamma-uwt.de\/wp-content\/uploads\/Servicefrog-Modeling-008a-free.png 539w, https:\/\/hamma-uwt.de\/wp-content\/uploads\/Servicefrog-Modeling-008a-free-162x300.png 162w\" sizes=\"(max-width: 539px) 100vw, 539px\" \/>\t\t\t\t\t\t\t\t\t\t\t\t\t\t\t<\/div>\n\t\t\t\t\t<\/div>\n\t\t\t\t<\/div>\n\t\t<div class=\"elementor-element elementor-element-9dcc97e e-flex e-con-boxed e-con e-parent\" data-id=\"9dcc97e\" data-element_type=\"container\" data-e-type=\"container\" data-settings=\"{&quot;jet_parallax_layout_list&quot;:[]}\">\n\t\t\t\t\t<div class=\"e-con-inner\">\n\t\t<div class=\"elementor-element elementor-element-0373ef4 e-con-full e-flex e-con e-child\" data-id=\"0373ef4\" data-element_type=\"container\" data-e-type=\"container\" data-settings=\"{&quot;background_background&quot;:&quot;classic&quot;,&quot;jet_parallax_layout_list&quot;:[]}\">\n\t\t\t\t<div class=\"elementor-element elementor-element-9767d9c elementor-widget elementor-widget-heading\" data-id=\"9767d9c\" data-element_type=\"widget\" data-e-type=\"widget\" data-widget_type=\"heading.default\">\n\t\t\t\t\t<h3 class=\"elementor-heading-title elementor-size-default\">Ke sta\u017een\u00ed na<\/h3>\t\t\t\t<\/div>\n\t\t\t\t<div class=\"elementor-element elementor-element-95a4dbe elementor-widget elementor-widget-text-editor\" data-id=\"95a4dbe\" data-element_type=\"widget\" data-e-type=\"widget\" data-widget_type=\"text-editor.default\">\n\t\t\t\t\t\t\t\t\t<div class=\"n module-type-matrix diyfeLiveArea \"><div class=\"diyfeModGridGroup diyfeModGrid2\"><div class=\"diyfeModGridElement diyfeModGridCol66\"><div class=\"diyfeModGridContent\"><div id=\"matrix_1025890055\" class=\"sortable-matrix-child\" data-matrixid=\"1025890055\"><div class=\"n module-type-text diyfeLiveArea \"><p>n\u00e1vody k obsluze a stru\u010dn\u00e9 referen\u010dn\u00ed p\u0159\u00edru\u010dky, popisy v\u00fdrobk\u016f a dal\u0161\u00ed dokumenty t\u00fdkaj\u00edc\u00ed se na\u0161ich v\u00fdrobk\u016f.<\/p><\/div><\/div><\/div><\/div><\/div><\/div>\t\t\t\t\t\t\t\t<\/div>\n\t\t\t\t<div class=\"elementor-element elementor-element-d5f9abb ham-btn elementor-widget elementor-widget-button\" data-id=\"d5f9abb\" data-element_type=\"widget\" data-e-type=\"widget\" data-widget_type=\"button.default\">\n\t\t\t\t\t\t\t\t\t\t<a class=\"elementor-button elementor-button-link elementor-size-sm\" href=\"https:\/\/hamma-uwt.de\/cs\/ke-stazeni-na\/\">\n\t\t\t\t\t\t<span class=\"elementor-button-content-wrapper\">\n\t\t\t\t\t\t\t\t\t<span class=\"elementor-button-text\">V\u00edce informac\u00ed<\/span>\n\t\t\t\t\t<\/span>\n\t\t\t\t\t<\/a>\n\t\t\t\t\t\t\t\t<\/div>\n\t\t\t\t<\/div>\n\t\t<div class=\"elementor-element elementor-element-12e7f45 e-con-full e-flex e-con e-child\" data-id=\"12e7f45\" data-element_type=\"container\" data-e-type=\"container\" data-settings=\"{&quot;background_background&quot;:&quot;classic&quot;,&quot;jet_parallax_layout_list&quot;:[]}\">\n\t\t\t\t<div class=\"elementor-element elementor-element-0442579 elementor-widget elementor-widget-heading\" data-id=\"0442579\" data-element_type=\"widget\" data-e-type=\"widget\" data-widget_type=\"heading.default\">\n\t\t\t\t\t<h3 class=\"elementor-heading-title elementor-size-default\">\u010cASTO KLADEN\u00c9 DOTAZY<\/h3>\t\t\t\t<\/div>\n\t\t\t\t<div class=\"elementor-element elementor-element-b2314fa elementor-widget elementor-widget-text-editor\" data-id=\"b2314fa\" data-element_type=\"widget\" data-e-type=\"widget\" data-widget_type=\"text-editor.default\">\n\t\t\t\t\t\t\t\t\t<p>Zde najdete odpov\u011bdi na \u010dasto kladen\u00e9 ot\u00e1zky.<\/p>\t\t\t\t\t\t\t\t<\/div>\n\t\t\t\t<div class=\"elementor-element elementor-element-3e3ae05 ham-btn elementor-widget elementor-widget-button\" data-id=\"3e3ae05\" data-element_type=\"widget\" data-e-type=\"widget\" data-widget_type=\"button.default\">\n\t\t\t\t\t\t\t\t\t\t<a class=\"elementor-button elementor-button-link elementor-size-sm\" href=\"https:\/\/hamma-uwt.de\/cs\/sluzba\/casto-kladene-dotazy\/\">\n\t\t\t\t\t\t<span class=\"elementor-button-content-wrapper\">\n\t\t\t\t\t\t\t\t\t<span class=\"elementor-button-text\">V\u00edce informac\u00ed<\/span>\n\t\t\t\t\t<\/span>\n\t\t\t\t\t<\/a>\n\t\t\t\t\t\t\t\t<\/div>\n\t\t\t\t<\/div>\n\t\t<div class=\"elementor-element elementor-element-6d237b9 e-con-full e-flex e-con e-child\" data-id=\"6d237b9\" data-element_type=\"container\" data-e-type=\"container\" data-settings=\"{&quot;background_background&quot;:&quot;classic&quot;,&quot;jet_parallax_layout_list&quot;:[]}\">\n\t\t\t\t<div class=\"elementor-element elementor-element-016be6b elementor-widget elementor-widget-heading\" data-id=\"016be6b\" data-element_type=\"widget\" data-e-type=\"widget\" data-widget_type=\"heading.default\">\n\t\t\t\t\t<h3 class=\"elementor-heading-title elementor-size-default\">GTC<\/h3>\t\t\t\t<\/div>\n\t\t\t\t<div class=\"elementor-element elementor-element-d00adc9 elementor-widget elementor-widget-text-editor\" data-id=\"d00adc9\" data-element_type=\"widget\" data-e-type=\"widget\" data-widget_type=\"text-editor.default\">\n\t\t\t\t\t\t\t\t\t<div class=\"n module-type-spacer diyfeLiveArea \"><div class=\"the-spacer id5799633250\">Zde najdete na\u0161e v\u0161eobecn\u00e9 obchodn\u00ed podm\u00ednky.<\/div><\/div>\t\t\t\t\t\t\t\t<\/div>\n\t\t\t\t<div class=\"elementor-element elementor-element-921fcec ham-btn elementor-widget elementor-widget-button\" data-id=\"921fcec\" data-element_type=\"widget\" data-e-type=\"widget\" data-widget_type=\"button.default\">\n\t\t\t\t\t\t\t\t\t\t<a class=\"elementor-button elementor-button-link elementor-size-sm\" href=\"https:\/\/hamma-uwt.de\/cs\/sluzba\/gtc\/\">\n\t\t\t\t\t\t<span class=\"elementor-button-content-wrapper\">\n\t\t\t\t\t\t\t\t\t<span class=\"elementor-button-text\">V\u00edce informac\u00ed<\/span>\n\t\t\t\t\t<\/span>\n\t\t\t\t\t<\/a>\n\t\t\t\t\t\t\t\t<\/div>\n\t\t\t\t<\/div>\n\t\t\t\t\t<\/div>\n\t\t\t\t<\/div>\n\t\t<div class=\"elementor-element elementor-element-2cba74a e-flex e-con-boxed e-con e-parent\" data-id=\"2cba74a\" data-element_type=\"container\" data-e-type=\"container\" data-settings=\"{&quot;jet_parallax_layout_list&quot;:[]}\">\n\t\t\t\t\t<div class=\"e-con-inner\">\n\t\t\t\t<div class=\"elementor-element elementor-element-1b1720b elementor-widget elementor-widget-heading\" data-id=\"1b1720b\" data-element_type=\"widget\" data-e-type=\"widget\" data-widget_type=\"heading.default\">\n\t\t\t\t\t<h2 class=\"elementor-heading-title elementor-size-default\">N\u00e1\u0161 servis - abyste z v\u00fdrobk\u016f Hamma<br> dostali to nejlep\u0161\u00ed.\n<\/h2>\t\t\t\t<\/div>\n\t\t\t\t<div class=\"elementor-element elementor-element-757360e elementor-widget elementor-widget-text-editor\" data-id=\"757360e\" data-element_type=\"widget\" data-e-type=\"widget\" data-widget_type=\"text-editor.default\">\n\t\t\t\t\t\t\t\t\t<p>Jako rodinn\u00e1 firma db\u00e1me nejen na kvalitu na\u0161ich v\u00fdrobk\u016f, ale tak\u00e9 na p\u00e9\u010di o na\u0161e z\u00e1kazn\u00edky. V na\u0161\u00ed servisn\u00ed z\u00f3n\u011b najdete v\u0161echny d\u016fle\u017eit\u00e9 informace o na\u0161ich \u0159e\u0161en\u00edch p\u00e9\u010de o chladic\u00ed maziva - od n\u00e1vod\u016f k obsluze a popis\u016f v\u00fdrobk\u016f a\u017e po \u010dasto kladen\u00e9 ot\u00e1zky a na\u0161e v\u0161eobecn\u00e9 obchodn\u00ed podm\u00ednky. <\/p><p>A\u0165 u\u017e se jedn\u00e1 o m\u00edcha\u010dku MISCEO, provzdu\u0161\u0148ova\u010d MIKRO, skimmer RAPID nebo CLEAN-TOWER - ke ka\u017ed\u00e9mu na\u0161emu v\u00fdrobku v\u00e1m nab\u00edz\u00edme ke sta\u017een\u00ed obs\u00e1hl\u00e9 dokumenty. D\u00edky tomu m\u00e1te v\u017edy po ruce n\u00e1vody, stru\u010dn\u00e9 pr\u016fvodce, technick\u00e9 listy a dal\u0161\u00ed dokumenty. V na\u0161\u00ed sekci FAQ odpov\u00edd\u00e1me na nej\u010dast\u011bj\u0161\u00ed dotazy t\u00fdkaj\u00edc\u00ed se provozu, \u00fadr\u017eby a pou\u017e\u00edv\u00e1n\u00ed na\u0161\u00ed techniky. Pokud budete pot\u0159ebovat dal\u0161\u00ed podporu, jsme v\u00e1m samoz\u0159ejm\u011b k dispozici i osobn\u011b.   <\/p><p>Spole\u010dnost Armin Hamma Umwelttechnik je dr\u017eitelem certifik\u00e1tu DIN EN ISO 9001:2015, co\u017e je p\u0159\u00edslib kvality, kter\u00fd se prol\u00edn\u00e1 celou \u0161k\u00e1lou na\u0161ich slu\u017eeb: od v\u00fdvoje a v\u00fdroby a\u017e po servis.<\/p>\t\t\t\t\t\t\t\t<\/div>\n\t\t\t\t\t<\/div>\n\t\t\t\t<\/div>\n\t\t\t\t<\/div>\n\t\t","protected":false},"excerpt":{"rendered":"<p>SERVIS Zde najdete v\u0161e o na\u0161ich produktech. Ke sta\u017een\u00ed na n\u00e1vody k obsluze a stru\u010dn\u00e9 referen\u010dn\u00ed p\u0159\u00edru\u010dky, popisy v\u00fdrobk\u016f a dal\u0161\u00ed dokumenty t\u00fdkaj\u00edc\u00ed se na\u0161ich v\u00fdrobk\u016f. V\u00edce informac\u00ed \u010cASTO KLADEN\u00c9 DOTAZY Zde najdete odpov\u011bdi na \u010dasto kladen\u00e9 ot\u00e1zky. V\u00edce informac\u00ed GTC Zde najdete na\u0161e v\u0161eobecn\u00e9 obchodn\u00ed podm\u00ednky. V\u00edce informac\u00ed N\u00e1\u0161 servis - abyste z v\u00fdrobk\u016f [&hellip;]<\/p>\n","protected":false},"author":3,"featured_media":0,"parent":0,"menu_order":40,"comment_status":"closed","ping_status":"closed","template":"","meta":{"_acf_changed":false,"footnotes":""},"class_list":["post-8462","page","type-page","status-publish","hentry"],"acf":[],"_links":{"self":[{"href":"https:\/\/hamma-uwt.de\/cs\/wp-json\/wp\/v2\/pages\/8462","targetHints":{"allow":["GET"]}}],"collection":[{"href":"https:\/\/hamma-uwt.de\/cs\/wp-json\/wp\/v2\/pages"}],"about":[{"href":"https:\/\/hamma-uwt.de\/cs\/wp-json\/wp\/v2\/types\/page"}],"author":[{"embeddable":true,"href":"https:\/\/hamma-uwt.de\/cs\/wp-json\/wp\/v2\/users\/3"}],"replies":[{"embeddable":true,"href":"https:\/\/hamma-uwt.de\/cs\/wp-json\/wp\/v2\/comments?post=8462"}],"version-history":[{"count":1,"href":"https:\/\/hamma-uwt.de\/cs\/wp-json\/wp\/v2\/pages\/8462\/revisions"}],"predecessor-version":[{"id":8464,"href":"https:\/\/hamma-uwt.de\/cs\/wp-json\/wp\/v2\/pages\/8462\/revisions\/8464"}],"wp:attachment":[{"href":"https:\/\/hamma-uwt.de\/cs\/wp-json\/wp\/v2\/media?parent=8462"}],"curies":[{"name":"wp","href":"https:\/\/api.w.org\/{rel}","templated":true}]}}