{"id":8674,"date":"2025-06-24T12:29:27","date_gmt":"2025-06-24T10:29:27","guid":{"rendered":"https:\/\/hamma-uwt.de\/biobalance\/"},"modified":"2026-03-04T10:51:09","modified_gmt":"2026-03-04T09:51:09","slug":"biobalance","status":"publish","type":"page","link":"https:\/\/hamma-uwt.de\/cs\/biobalance\/","title":{"rendered":"Biobalance"},"content":{"rendered":"\t\t<div data-elementor-type=\"wp-page\" data-elementor-id=\"8674\" class=\"elementor elementor-8674 elementor-484\" data-elementor-post-type=\"page\">\n\t\t\t\t<div class=\"elementor-element elementor-element-c3de555 e-flex e-con-boxed e-con e-parent\" data-id=\"c3de555\" data-element_type=\"container\" data-e-type=\"container\" data-settings=\"{&quot;background_background&quot;:&quot;video&quot;,&quot;jet_parallax_layout_list&quot;:[],&quot;background_video_link&quot;:&quot;https:\\\/\\\/hamma-uwt.de\\\/wp-content\\\/uploads\\\/Background-01.mp4&quot;}\">\n\t\t\t\t\t<div class=\"e-con-inner\">\n\t\t<div class=\"elementor-background-video-container elementor-hidden-mobile\">\n\t\t\t\t\t\t\t<video class=\"elementor-background-video-hosted\" role=\"presentation\" autoplay muted playsinline loop><\/video>\n\t\t\t\t\t<\/div><div class=\"elementor-element elementor-element-4b57c9e e-con-full e-flex e-con e-child\" data-id=\"4b57c9e\" data-element_type=\"container\" data-e-type=\"container\" data-settings=\"{&quot;jet_parallax_layout_list&quot;:[]}\">\n\t\t\t\t<div class=\"elementor-element elementor-element-488b1d5 elementor-widget elementor-widget-heading\" data-id=\"488b1d5\" data-element_type=\"widget\" data-e-type=\"widget\" data-widget_type=\"heading.default\">\n\t\t\t\t\t<h1 class=\"elementor-heading-title elementor-size-default\">BIOBALANCE <br>Chladic\u00ed mazac\u00ed p\u00e9\u010de<\/h1>\t\t\t\t<\/div>\n\t\t\t\t<div class=\"elementor-element elementor-element-8c9f7c1 elementor-widget elementor-widget-text-editor\" data-id=\"8c9f7c1\" data-element_type=\"widget\" data-e-type=\"widget\" data-widget_type=\"text-editor.default\">\n\t\t\t\t\t\t\t\t\t<p>Biobalance je prevence ne\u017e\u00e1douc\u00edho a nadm\u011brn\u00e9ho mno\u017een\u00ed z\u00e1rodk\u016f, bakteri\u00ed, pl\u00edsn\u00ed a kvasinek. Jedn\u00e1 se o zachov\u00e1n\u00ed p\u0159irozen\u00e9 biologick\u00e9 rovnov\u00e1hy. <\/p>\t\t\t\t\t\t\t\t<\/div>\n\t\t\t\t<\/div>\n\t\t\t\t\t<\/div>\n\t\t\t\t<\/div>\n\t\t<div class=\"elementor-element elementor-element-446b030 e-flex e-con-boxed e-con e-parent\" data-id=\"446b030\" data-element_type=\"container\" data-e-type=\"container\" data-settings=\"{&quot;jet_parallax_layout_list&quot;:[]}\">\n\t\t\t\t\t<div class=\"e-con-inner\">\n\t\t<div class=\"elementor-element elementor-element-25cff84 e-con-full e-flex e-con e-child\" data-id=\"25cff84\" data-element_type=\"container\" data-e-type=\"container\" data-settings=\"{&quot;jet_parallax_layout_list&quot;:[]}\">\n\t\t\t\t<div class=\"elementor-element elementor-element-631aa60 elementor-widget elementor-widget-heading\" data-id=\"631aa60\" data-element_type=\"widget\" data-e-type=\"widget\" data-widget_type=\"heading.default\">\n\t\t\t\t\t<h2 class=\"elementor-heading-title elementor-size-default\">Co je BIOBALANCE?<\/h2>\t\t\t\t<\/div>\n\t\t\t\t<\/div>\n\t\t\t\t\t<\/div>\n\t\t\t\t<\/div>\n\t\t<div class=\"elementor-element elementor-element-e3b5a3d e-flex e-con-boxed e-con e-parent\" data-id=\"e3b5a3d\" data-element_type=\"container\" data-e-type=\"container\" data-settings=\"{&quot;jet_parallax_layout_list&quot;:[]}\">\n\t\t\t\t\t<div class=\"e-con-inner\">\n\t\t<div class=\"elementor-element elementor-element-448250f e-con-full e-flex e-con e-child\" data-id=\"448250f\" data-element_type=\"container\" data-e-type=\"container\" data-settings=\"{&quot;jet_parallax_layout_list&quot;:[]}\">\n\t\t\t\t<div class=\"elementor-element elementor-element-7f4d35b elementor-widget elementor-widget-text-editor\" data-id=\"7f4d35b\" data-element_type=\"widget\" data-e-type=\"widget\" data-widget_type=\"text-editor.default\">\n\t\t\t\t\t\t\t\t\t<p>Zdrav\u00e9 a vysoce v\u00fdkonn\u00e9 chladic\u00ed mazivo je pro modern\u00ed v\u00fdrobu orientovanou na budoucnost nesm\u00edrn\u011b d\u016fle\u017eit\u00e9.<\/p>\t\t\t\t\t\t\t\t<\/div>\n\t\t\t\t<div class=\"elementor-element elementor-element-68b46eb elementor-widget elementor-widget-text-editor\" data-id=\"68b46eb\" data-element_type=\"widget\" data-e-type=\"widget\" data-widget_type=\"text-editor.default\">\n\t\t\t\t\t\t\t\t\t<p>Chcete-li za\u010d\u00edt spr\u00e1vn\u011b, mixujte pomoc\u00ed pln\u011b elektronick\u00e9ho mixovac\u00edho za\u0159\u00edzen\u00ed. <a href=\"https:\/\/hamma-uwt.de\/cs\/produkty\/misceo\/\"><strong>MISCEO<\/strong> <\/a>a nam\u00edchejte v\u00fdkonn\u00e9 a stabiln\u00ed chladic\u00ed mazivo. To umo\u017e\u0148uje pln\u011b realizovat po\u017eadovan\u00e9 vlastnosti produktu va\u0161eho chladic\u00edho maziva. <\/p><p>Ve f\u00e1zi \u00fadr\u017eby chladic\u00edho maziva se <a href=\"https:\/\/hamma-uwt.de\/cs\/produkty\/mikrovzdusnovac\/\"><strong>MIKRO<\/strong> <\/a>dod\u00e1v\u00e1 va\u0161emu chladic\u00edmu mazivu dostate\u010dn\u00e9 mno\u017estv\u00ed kysl\u00edku a pomoc\u00ed jemn\u011b definovan\u00fdch vzduchov\u00fdch bublinek vyn\u00e1\u0161\u00ed ne\u010distoty na povrch. Flotace vzduchov\u00fdch bublinek p\u0159esouv\u00e1 ne\u010distoty sm\u011brem k. <a href=\"https:\/\/hamma-uwt.de\/cs\/produkty\/rapid\/\"><strong>RAPID<\/strong> <\/a>ve sm\u011bru RAPID. T\u00edm se odstran\u00ed ne\u017e\u00e1douc\u00ed trampov\u00e9 oleje, kter\u00e9 chr\u00e1n\u00ed p\u0159ed nadm\u011brn\u00fdm maz\u00e1n\u00edm ve v\u00fdrobn\u00edm procesu. Odstra\u0148uj\u00ed se tak\u00e9 suspendovan\u00e9 \u010d\u00e1stice v\u00e1zan\u00e9 v oleji a sni\u017euje se abrazivita chladic\u00edho maziva. V\u00fdsledkem je v\u00fdrazn\u011b del\u0161\u00ed \u017eivotnost va\u0161ich stroj\u016f a n\u00e1stroj\u016f. Spole\u010dn\u011b <strong>odp\u011b\u0148ova\u010d oleje<\/strong> RAPID a <strong>mikroperl\u00e1tor<\/strong> MIKRO udr\u017euj\u00ed vysokou kvalitu va\u0161eho chladic\u00edho maziva po podstatn\u011b del\u0161\u00ed dobu. V\u00fdrazn\u011b se zlep\u0161uje hygiena m\u00e9dia. \u017dijete zdrav\u011bji a jste u\u0161et\u0159eni nep\u0159\u00edjemn\u00fdch z\u00e1pach\u016f.       <\/p>\t\t\t\t\t\t\t\t<\/div>\n\t\t\t\t<div class=\"elementor-element elementor-element-6155fc4 elementor-blockquote--skin-border elementor-widget elementor-widget-blockquote\" data-id=\"6155fc4\" data-element_type=\"widget\" data-e-type=\"widget\" data-widget_type=\"blockquote.default\">\n\t\t\t\t\t\t\t<blockquote class=\"elementor-blockquote\">\n\t\t\t<p class=\"elementor-blockquote__content\">\n\t\t\t\tKl\u00ed\u010dem k \u00fasp\u011bchu je hygienick\u00e9 chladic\u00ed mazivo, kter\u00e9 \u0161et\u0159\u00ed zdroje a je p\u0159izp\u016fsobeno v\u00fdrobn\u00edmu procesu.\t\t\t<\/p>\n\t\t\t\t\t<\/blockquote>\n\t\t\t\t\t\t<\/div>\n\t\t\t\t<div class=\"elementor-element elementor-element-981d647 elementor-widget elementor-widget-text-editor\" data-id=\"981d647\" data-element_type=\"widget\" data-e-type=\"widget\" data-widget_type=\"text-editor.default\">\n\t\t\t\t\t\t\t\t\t<p>Mobiln\u00ed \u00faklidov\u00fd syst\u00e9m <a href=\"https:\/\/hamma-uwt.de\/cs\/produkty\/cista-vez\/\"><strong>CLEAN-TOWER<\/strong><\/a> kombinuje \u010di\u0161t\u011bn\u00ed a provzdu\u0161\u0148ov\u00e1n\u00ed v jednom za\u0159\u00edzen\u00ed. Princip flotace rozpu\u0161t\u011bn\u00e9ho vzduchu zvy\u0161uje \u00fa\u010dinnost \u00fadr\u017eby na maximum. Udr\u017eujete tak chladic\u00ed mazivo na nejvy\u0161\u0161\u00ed \u00farovni.  <\/p><p>Dob\u0159e udr\u017eovan\u00e9 chladic\u00ed mazivo m\u016f\u017ee spole\u010dnostem p\u0159in\u00e9st v\u00fdrazn\u00e9 zv\u00fd\u0161en\u00ed v\u00fdkonu, zlep\u0161en\u00ed kvality a \u00fasporu n\u00e1klad\u016f. Z\u00e1pach by ji\u017e nem\u011bl b\u00fdt indik\u00e1torem zm\u011bny. Hroz\u00ed nebezpe\u010d\u00ed ohro\u017een\u00ed zdrav\u00ed, ztr\u00e1ty v\u00fdkonu a kvality. S pomoc\u00ed p\u0159\u00edpravk\u016f pro p\u00e9\u010di m\u016f\u017eete chladic\u00ed mazivo udr\u017eovat hygienick\u00e9, v\u00fdkonn\u00e9 a u\u0161et\u0159it pen\u00edze!   <\/p>\t\t\t\t\t\t\t\t<\/div>\n\t\t\t\t<\/div>\n\t\t<div class=\"elementor-element elementor-element-33ab6d2 e-con-full e-flex e-con e-child\" data-id=\"33ab6d2\" data-element_type=\"container\" data-e-type=\"container\" data-settings=\"{&quot;jet_parallax_layout_list&quot;:[]}\">\n\t\t\t\t<div class=\"elementor-element elementor-element-425b4f5 elementor-widget elementor-widget-image\" data-id=\"425b4f5\" data-element_type=\"widget\" data-e-type=\"widget\" data-widget_type=\"image.default\">\n\t\t\t\t\t\t\t\t\t\t\t\t\t\t\t<img fetchpriority=\"high\" decoding=\"async\" width=\"800\" height=\"418\" src=\"https:\/\/hamma-uwt.de\/wp-content\/uploads\/BIOBALANCE-Line-Chart.svg\" class=\"attachment-large size-large wp-image-8676\" alt=\"\" \/>\t\t\t\t\t\t\t\t\t\t\t\t\t\t\t<\/div>\n\t\t\t\t<div class=\"elementor-element elementor-element-1fbf195 elementor-widget elementor-widget-heading\" data-id=\"1fbf195\" data-element_type=\"widget\" data-e-type=\"widget\" data-widget_type=\"heading.default\">\n\t\t\t\t\t<h3 class=\"elementor-heading-title elementor-size-default\">Krok za krokem k BIOBALANCE<\/h3>\t\t\t\t<\/div>\n\t\t\t\t<div class=\"elementor-element elementor-element-9905a54 elementor-widget elementor-widget-jet-carousel\" data-id=\"9905a54\" data-element_type=\"widget\" data-e-type=\"widget\" data-settings=\"{&quot;slides_to_show&quot;:&quot;1&quot;,&quot;slides_to_scroll&quot;:&quot;1&quot;}\" data-widget_type=\"jet-carousel.default\">\n\t\t\t\t<div class=\"elementor-widget-container\">\n\t\t\t\t\t<div class=\"elementor-jet-carousel jet-elements\"><div class=\"jet-carousel-wrap\">\n\t<div class=\"jet-carousel\" data-slider_options=\"{&quot;autoplaySpeed&quot;:2500,&quot;autoplay&quot;:false,&quot;infinite&quot;:false,&quot;centerMode&quot;:true,&quot;centerPadding&quot;:&quot;0px&quot;,&quot;pauseOnHover&quot;:true,&quot;speed&quot;:1700,&quot;arrows&quot;:true,&quot;dots&quot;:false,&quot;variableWidth&quot;:false,&quot;prevArrow&quot;:&quot;.jet-carousel__prev-arrow-9905a54&quot;,&quot;nextArrow&quot;:&quot;.jet-carousel__next-arrow-9905a54&quot;,&quot;rtl&quot;:false,&quot;fractionNav&quot;:true,&quot;fade&quot;:false}\" dir=\"ltr\">\n\t<div class=\"elementor-slick-slider\">\n\n<div class=\"jet-carousel__item\">\n\t<div class=\"jet-carousel__item-inner\"><a href=\"#\" class=\"jet-carousel__item-link\" ><img decoding=\"async\" src=\"https:\/\/hamma-uwt.de\/wp-content\/uploads\/hamma_misceo_3_exklusiv_web-300x300.webp\" class=\"jet-carousel__item-img\" alt=\"MISCEO Exklusiv\" loading=\"lazy\"><\/a><div class=\"jet-carousel__content\"><div class=\"jet-carousel__item-title\">1. MISCEO<\/div><div class=\"jet-carousel__item-text\"><p><strong>Po\u010d\u00e1te\u010dn\u00ed f\u00e1ze -<\/strong> m\u00edch\u00e1n\u00ed chladic\u00edho maziva<\/p><p><strong>Kroky:<br><\/strong>P\u0159ipravte si chladic\u00ed mazivo<br>Sm\u00edchejte pln\u011b automaticky s MISCEO<br>Aktivuj\u00ed se optim\u00e1ln\u00ed vlastnosti produktu.<\/p><\/div><\/div><\/div>\n<\/div>\n\n<div class=\"jet-carousel__item\">\n\t<div class=\"jet-carousel__item-inner\"><a href=\"#\" class=\"jet-carousel__item-link\" ><img decoding=\"async\" src=\"https:\/\/hamma-uwt.de\/wp-content\/uploads\/Hamma_MIKRO-300_2102000_03659-300x300.webp\" class=\"jet-carousel__item-img\" alt=\"Hamma_MIKRO-300_2102000_03659\" loading=\"lazy\"><\/a><div class=\"jet-carousel__content\"><div class=\"jet-carousel__item-title\">2. MIKRO<\/div><div class=\"jet-carousel__item-text\"><p><strong>F\u00e1ze \u00fadr\u017eby -<\/strong> provzdu\u0161\u0148ov\u00e1n\u00ed a flotace<\/p><p><strong>Kroky:<br><\/strong>Zaveden\u00ed kysl\u00edku do chladic\u00edho maziva<br>MIKRO vytv\u00e1\u0159\u00ed jemn\u00e9 vzduchov\u00e9 bubliny<br>Vzduchov\u00e9 bubliny transportuj\u00ed ne\u010distoty na povrch.<\/p><\/div><\/div><\/div>\n<\/div>\n\n<div class=\"jet-carousel__item\">\n\t<div class=\"jet-carousel__item-inner\"><a href=\"#\" class=\"jet-carousel__item-link\" ><img decoding=\"async\" src=\"https:\/\/hamma-uwt.de\/wp-content\/uploads\/hamma-rapid-1.1_230v_zeitschaltuhr_auslass_seitlich_mitschlauch_06085_schwarz_web-300x300.webp\" class=\"jet-carousel__item-img\" alt=\"hamma-rapid-1.1_230v_zeitschaltuhr_auslass_seitlich_mitschlauch_06085_schwarz_web\" loading=\"lazy\"><\/a><div class=\"jet-carousel__content\"><div class=\"jet-carousel__item-title\">3 RAPID<\/div><div class=\"jet-carousel__item-text\"><p><strong>F\u00e1ze \u00fadr\u017eby -<\/strong> odstra\u0148ov\u00e1n\u00ed odpadn\u00edch olej\u016f a suspendovan\u00fdch \u010d\u00e1stic<\/p><p><strong>Kroky:<br><\/strong>Dosa\u017een\u00ed zne\u010di\u0161t\u011bn\u00ed pomoc\u00ed flotace RAPID<br>RAPID odstra\u0148uje odpadn\u00ed oleje<br>Odstra\u0148uj\u00ed se tak\u00e9 suspendovan\u00e9 \u010d\u00e1stice v\u00e1zan\u00e9 v oleji<br>Sni\u017euje se abrazivita \u2192 Ochrana stroj\u016f a n\u00e1stroj\u016f.<\/p><\/div><\/div><\/div>\n<\/div>\n\n<div class=\"jet-carousel__item\">\n\t<div class=\"jet-carousel__item-inner\"><a href=\"#\" class=\"jet-carousel__item-link\" ><img decoding=\"async\" src=\"https:\/\/hamma-uwt.de\/wp-content\/uploads\/Hamma_Clean-Tower-150_1501000-9073-300x300.png\" class=\"jet-carousel__item-img\" alt=\"Hamma_Clean-Tower-150_1501000-9073\" loading=\"lazy\"><\/a><div class=\"jet-carousel__content\"><div class=\"jet-carousel__item-title\">4. \u010cIST\u00c1 V\u011a\u017d<\/div><div class=\"jet-carousel__item-text\"><p>Kombinace \u010di\u0161t\u011bn\u00ed a v\u011btr\u00e1n\u00ed<\/p><p><strong>Kroky:<br><\/strong>\u010ci\u0161t\u011bn\u00ed a provzdu\u0161\u0148ov\u00e1n\u00ed v jednom kroku<br>Flotace rozpu\u0161t\u011bn\u00fdm vzduchem zvy\u0161uje \u00fa\u010dinnost<br>Chladic\u00ed mazivo z\u016fst\u00e1v\u00e1 hygienick\u00e9 a \u00fa\u010dinn\u00e9.<\/p><\/div><\/div><\/div>\n<\/div>\n<\/div><div class=\"jet-carousel__prev-arrow-9905a54 jet-arrow prev-arrow\"><svg xmlns=\"http:\/\/www.w3.org\/2000\/svg\" viewBox=\"0 0 512 512\"><path d=\"M17 239L0 256l17 17L153 409l17 17L203.9 392l-17-17-95-95L488 280l24 0 0-48-24 0L91.9 232l95-95 17-17L169.9 86.1l-17 17L17 239z\"><\/path><\/svg><\/div><div class=\"jet-carousel__next-arrow-9905a54 jet-arrow next-arrow\"><svg xmlns=\"http:\/\/www.w3.org\/2000\/svg\" viewBox=\"0 0 512 512\"><path d=\"M495 273l17-17-17-17L359 103l-17-17L308.1 120l17 17 95 95L24 232 0 232l0 48 24 0 396.1 0-95 95-17 17 33.9 33.9 17-17L495 273z\"><\/path><\/svg><\/div><div class=\"jet-carousel__fraction-navigation\"><\/div><\/div>\n<\/div>\n<\/div>\t\t\t\t<\/div>\n\t\t\t\t<\/div>\n\t\t\t\t<\/div>\n\t\t\t\t\t<\/div>\n\t\t\t\t<\/div>\n\t\t\t\t<\/div>\n\t\t","protected":false},"excerpt":{"rendered":"<p>BIOBALANCE Chladic\u00ed mazac\u00ed p\u00e9\u010de Biobalance je prevence ne\u017e\u00e1douc\u00edho a nadm\u011brn\u00e9ho mno\u017een\u00ed z\u00e1rodk\u016f, bakteri\u00ed, pl\u00edsn\u00ed a kvasinek. Jedn\u00e1 se o zachov\u00e1n\u00ed p\u0159irozen\u00e9 biologick\u00e9 rovnov\u00e1hy. Co je BIOBALANCE? Zdrav\u00e9 a vysoce v\u00fdkonn\u00e9 chladic\u00ed mazivo je pro modern\u00ed v\u00fdrobu orientovanou na budoucnost nesm\u00edrn\u011b d\u016fle\u017eit\u00e9. Chcete-li za\u010d\u00edt spr\u00e1vn\u011b, mixujte pomoc\u00ed pln\u011b elektronick\u00e9ho mixovac\u00edho za\u0159\u00edzen\u00ed. MISCEO a nam\u00edchejte v\u00fdkonn\u00e9 a [&hellip;]<\/p>\n","protected":false},"author":2,"featured_media":0,"parent":0,"menu_order":200,"comment_status":"closed","ping_status":"closed","template":"","meta":{"_acf_changed":false,"footnotes":""},"class_list":["post-8674","page","type-page","status-publish","hentry"],"acf":[],"_links":{"self":[{"href":"https:\/\/hamma-uwt.de\/cs\/wp-json\/wp\/v2\/pages\/8674","targetHints":{"allow":["GET"]}}],"collection":[{"href":"https:\/\/hamma-uwt.de\/cs\/wp-json\/wp\/v2\/pages"}],"about":[{"href":"https:\/\/hamma-uwt.de\/cs\/wp-json\/wp\/v2\/types\/page"}],"author":[{"embeddable":true,"href":"https:\/\/hamma-uwt.de\/cs\/wp-json\/wp\/v2\/users\/2"}],"replies":[{"embeddable":true,"href":"https:\/\/hamma-uwt.de\/cs\/wp-json\/wp\/v2\/comments?post=8674"}],"version-history":[{"count":1,"href":"https:\/\/hamma-uwt.de\/cs\/wp-json\/wp\/v2\/pages\/8674\/revisions"}],"predecessor-version":[{"id":8681,"href":"https:\/\/hamma-uwt.de\/cs\/wp-json\/wp\/v2\/pages\/8674\/revisions\/8681"}],"wp:attachment":[{"href":"https:\/\/hamma-uwt.de\/cs\/wp-json\/wp\/v2\/media?parent=8674"}],"curies":[{"name":"wp","href":"https:\/\/api.w.org\/{rel}","templated":true}]}}