{"id":11798,"date":"2025-07-14T12:06:49","date_gmt":"2025-07-14T10:06:49","guid":{"rendered":"https:\/\/hamma-uwt.de\/produkt\/drzak-pro-fue-1\/"},"modified":"2025-07-14T12:06:49","modified_gmt":"2025-07-14T10:06:49","slug":"drzak-pro-fue-1","status":"publish","type":"product","link":"https:\/\/hamma-uwt.de\/cs\/produkt\/drzak-pro-fue-1\/","title":{"rendered":"Dr\u017e\u00e1k pro F\u00dc-1"},"content":{"rendered":"","protected":false},"excerpt":{"rendered":"<p>P\u0159\u00edslu\u0161enstv\u00ed pro hl\u00edd\u00e1n\u00ed hladiny<\/p>\n","protected":false},"featured_media":1100,"comment_status":"closed","ping_status":"closed","template":"","meta":{"_acf_changed":false},"product_brand":[],"product_cat":[780],"product_tag":[],"class_list":{"0":"post-11798","1":"product","2":"type-product","3":"status-publish","4":"has-post-thumbnail","6":"product_cat-prislusenstvi-fue-1","8":"first","9":"instock","10":"purchasable","11":"product-type-simple"},"acf":[],"_links":{"self":[{"href":"https:\/\/hamma-uwt.de\/cs\/wp-json\/wp\/v2\/product\/11798","targetHints":{"allow":["GET"]}}],"collection":[{"href":"https:\/\/hamma-uwt.de\/cs\/wp-json\/wp\/v2\/product"}],"about":[{"href":"https:\/\/hamma-uwt.de\/cs\/wp-json\/wp\/v2\/types\/product"}],"replies":[{"embeddable":true,"href":"https:\/\/hamma-uwt.de\/cs\/wp-json\/wp\/v2\/comments?post=11798"}],"wp:featuredmedia":[{"embeddable":true,"href":"https:\/\/hamma-uwt.de\/cs\/wp-json\/wp\/v2\/media\/1100"}],"wp:attachment":[{"href":"https:\/\/hamma-uwt.de\/cs\/wp-json\/wp\/v2\/media?parent=11798"}],"wp:term":[{"taxonomy":"product_brand","embeddable":true,"href":"https:\/\/hamma-uwt.de\/cs\/wp-json\/wp\/v2\/product_brand?post=11798"},{"taxonomy":"product_cat","embeddable":true,"href":"https:\/\/hamma-uwt.de\/cs\/wp-json\/wp\/v2\/product_cat?post=11798"},{"taxonomy":"product_tag","embeddable":true,"href":"https:\/\/hamma-uwt.de\/cs\/wp-json\/wp\/v2\/product_tag?post=11798"}],"curies":[{"name":"wp","href":"https:\/\/api.w.org\/{rel}","templated":true}]}}