{"id":11805,"date":"2025-08-11T13:43:37","date_gmt":"2025-08-11T11:43:37","guid":{"rendered":"https:\/\/hamma-uwt.de\/produkt\/privodni-hadice-vody\/"},"modified":"2025-08-11T13:43:37","modified_gmt":"2025-08-11T11:43:37","slug":"privodni-hadice-vody","status":"publish","type":"product","link":"https:\/\/hamma-uwt.de\/cs\/produkt\/privodni-hadice-vody\/","title":{"rendered":"P\u0159\u00edvodn\u00ed hadice vody"},"content":{"rendered":"<p>P\u0159\u00edvodn\u00ed hadice vody 2 m pro Misceo 3, v\u010detn\u011b p\u0159\u00edpojky 3\/4 &#8222;i (vnit\u0159n\u00ed z\u00e1vit). <\/p>\n","protected":false},"excerpt":{"rendered":"<p>v\u010detn\u011b. P\u0159ipojen\u00ed vodovodn\u00edho kohoutku, p\u0159\u00edslu\u0161enstv\u00ed MISCEO 3<\/p>\n","protected":false},"featured_media":2530,"comment_status":"closed","ping_status":"closed","template":"","meta":{"_acf_changed":false},"product_brand":[],"product_cat":[845,844],"product_tag":[],"class_list":{"0":"post-11805","1":"product","2":"type-product","3":"status-publish","4":"has-post-thumbnail","6":"product_cat-hadice","7":"product_cat-prislusenstvi-misceo","9":"first","10":"instock","11":"shipping-taxable","12":"purchasable","13":"product-type-simple"},"acf":[],"_links":{"self":[{"href":"https:\/\/hamma-uwt.de\/cs\/wp-json\/wp\/v2\/product\/11805","targetHints":{"allow":["GET"]}}],"collection":[{"href":"https:\/\/hamma-uwt.de\/cs\/wp-json\/wp\/v2\/product"}],"about":[{"href":"https:\/\/hamma-uwt.de\/cs\/wp-json\/wp\/v2\/types\/product"}],"replies":[{"embeddable":true,"href":"https:\/\/hamma-uwt.de\/cs\/wp-json\/wp\/v2\/comments?post=11805"}],"wp:featuredmedia":[{"embeddable":true,"href":"https:\/\/hamma-uwt.de\/cs\/wp-json\/wp\/v2\/media\/2530"}],"wp:attachment":[{"href":"https:\/\/hamma-uwt.de\/cs\/wp-json\/wp\/v2\/media?parent=11805"}],"wp:term":[{"taxonomy":"product_brand","embeddable":true,"href":"https:\/\/hamma-uwt.de\/cs\/wp-json\/wp\/v2\/product_brand?post=11805"},{"taxonomy":"product_cat","embeddable":true,"href":"https:\/\/hamma-uwt.de\/cs\/wp-json\/wp\/v2\/product_cat?post=11805"},{"taxonomy":"product_tag","embeddable":true,"href":"https:\/\/hamma-uwt.de\/cs\/wp-json\/wp\/v2\/product_tag?post=11805"}],"curies":[{"name":"wp","href":"https:\/\/api.w.org\/{rel}","templated":true}]}}