{"id":11910,"date":"2025-07-14T12:06:49","date_gmt":"2025-07-14T10:06:49","guid":{"rendered":"https:\/\/hamma-uwt.de\/produkt\/hlavenovy-klic\/"},"modified":"2025-07-14T12:06:49","modified_gmt":"2025-07-14T10:06:49","slug":"hlavenovy-klic","status":"publish","type":"product","link":"https:\/\/hamma-uwt.de\/cs\/produkt\/hlavenovy-klic\/","title":{"rendered":"Hlave\u0148ov\u00fd kl\u00ed\u010d"},"content":{"rendered":"<p>S kl\u00ed\u010dem na bubny m\u016f\u017eete bubny otev\u0159\u00edt a zav\u0159\u00edt b\u011bhem chvilky. Integrovan\u00fd odstra\u0148ova\u010d t\u011bsn\u011bn\u00ed odstran\u00ed t\u011bsn\u011bn\u00ed bubnu snadno a bezpe\u010dn\u011b. Ru\u010dn\u00ed kl\u00ed\u010d na sudy poskytuje optim\u00e1ln\u00ed p\u00e1ku pro bezpe\u010dn\u00e9<br \/>\notev\u00edr\u00e1n\u00ed ocelov\u00fdch sud\u016f o objemu 200 litr\u016f. D\u00edky optimalizovan\u00e9 konstrukci z robustn\u00ed a<br \/>\nkalen\u00e9 nerezov\u00e9 oceli je velmi odoln\u00fd a snadno se pou\u017e\u00edv\u00e1.   <\/p>\n<p>D\u00edky dob\u0159e um\u00edst\u011bn\u00e9mu upev\u0148ovac\u00edmu otvoru se hlav\u0148ov\u00fd kl\u00ed\u010d snadno skladuje.<\/p>\n<p>Va\u0161e v\u00fdhody<\/p>\n<ul>\n<li>Snadn\u00e9 otev\u00edr\u00e1n\u00ed d\u00edky optimalizovan\u00e9mu<\/li>\n<li>P\u00e1kov\u00fd efekt<\/li>\n<li>Integrovan\u00fd odstra\u0148ova\u010d t\u011bsn\u011bn\u00ed<\/li>\n<li>Vysoce kvalitn\u00ed proveden\u00ed z nerezov\u00e9 oceli<\/li>\n<li>Robustn\u00ed a praktick\u00e9<\/li>\n<li>Kompaktn\u00ed design<\/li>\n<li>Ergonomick\u00e1 rukoje\u0165<\/li>\n<\/ul>\n","protected":false},"excerpt":{"rendered":"<p>Pro otev\u00edr\u00e1n\u00ed 60litrov\u00fdch a 200litrov\u00fdch sud\u016f<\/p>\n","protected":false},"featured_media":3850,"comment_status":"closed","ping_status":"closed","template":"","meta":{"_acf_changed":false},"product_brand":[],"product_cat":[910,844,911],"product_tag":[],"class_list":{"0":"post-11910","1":"product","2":"type-product","3":"status-publish","4":"has-post-thumbnail","6":"product_cat-klic-ke-kontejneru","7":"product_cat-prislusenstvi-misceo","8":"product_cat-silni-pomocnici","10":"first","11":"instock","12":"purchasable","13":"product-type-simple"},"acf":[],"_links":{"self":[{"href":"https:\/\/hamma-uwt.de\/cs\/wp-json\/wp\/v2\/product\/11910","targetHints":{"allow":["GET"]}}],"collection":[{"href":"https:\/\/hamma-uwt.de\/cs\/wp-json\/wp\/v2\/product"}],"about":[{"href":"https:\/\/hamma-uwt.de\/cs\/wp-json\/wp\/v2\/types\/product"}],"replies":[{"embeddable":true,"href":"https:\/\/hamma-uwt.de\/cs\/wp-json\/wp\/v2\/comments?post=11910"}],"wp:featuredmedia":[{"embeddable":true,"href":"https:\/\/hamma-uwt.de\/cs\/wp-json\/wp\/v2\/media\/3850"}],"wp:attachment":[{"href":"https:\/\/hamma-uwt.de\/cs\/wp-json\/wp\/v2\/media?parent=11910"}],"wp:term":[{"taxonomy":"product_brand","embeddable":true,"href":"https:\/\/hamma-uwt.de\/cs\/wp-json\/wp\/v2\/product_brand?post=11910"},{"taxonomy":"product_cat","embeddable":true,"href":"https:\/\/hamma-uwt.de\/cs\/wp-json\/wp\/v2\/product_cat?post=11910"},{"taxonomy":"product_tag","embeddable":true,"href":"https:\/\/hamma-uwt.de\/cs\/wp-json\/wp\/v2\/product_tag?post=11910"}],"curies":[{"name":"wp","href":"https:\/\/api.w.org\/{rel}","templated":true}]}}