{"id":12008,"date":"2025-09-25T16:14:06","date_gmt":"2025-09-25T14:14:06","guid":{"rendered":"https:\/\/hamma-uwt.de\/produkt\/rapid-2-1-konfigurator\/"},"modified":"2025-09-25T16:14:06","modified_gmt":"2025-09-25T14:14:06","slug":"rapid-2-1-konfigurator","status":"publish","type":"product","link":"https:\/\/hamma-uwt.de\/cs\/produkt\/rapid-2-1-konfigurator\/","title":{"rendered":"RAPID 2.1 - Konfigur\u00e1tor"},"content":{"rendered":"<p>Zde m\u016f\u017eete nakonfigurovat z\u00e1kladn\u00ed sou\u010d\u00e1sti syst\u00e9mu RAPID 2.1 pro sv\u016fj dotaz.<\/p>\n","protected":false},"excerpt":{"rendered":"<p>P\u0159izp\u016fsobte si sv\u016fj RAPID 2.1 - dokonale p\u0159izp\u016fsoben\u00fd va\u0161im provozn\u00edm podm\u00ednk\u00e1m<\/p>\n","protected":false},"featured_media":4294,"comment_status":"closed","ping_status":"closed","template":"","meta":{"_acf_changed":false},"product_brand":[],"product_cat":[947],"product_tag":[],"class_list":{"0":"post-12008","1":"product","2":"type-product","3":"status-publish","4":"has-post-thumbnail","6":"product_cat-rapid-2-1","8":"first","9":"instock","10":"shipping-taxable","11":"product-type-grouped"},"acf":[],"_links":{"self":[{"href":"https:\/\/hamma-uwt.de\/cs\/wp-json\/wp\/v2\/product\/12008","targetHints":{"allow":["GET"]}}],"collection":[{"href":"https:\/\/hamma-uwt.de\/cs\/wp-json\/wp\/v2\/product"}],"about":[{"href":"https:\/\/hamma-uwt.de\/cs\/wp-json\/wp\/v2\/types\/product"}],"replies":[{"embeddable":true,"href":"https:\/\/hamma-uwt.de\/cs\/wp-json\/wp\/v2\/comments?post=12008"}],"wp:featuredmedia":[{"embeddable":true,"href":"https:\/\/hamma-uwt.de\/cs\/wp-json\/wp\/v2\/media\/4294"}],"wp:attachment":[{"href":"https:\/\/hamma-uwt.de\/cs\/wp-json\/wp\/v2\/media?parent=12008"}],"wp:term":[{"taxonomy":"product_brand","embeddable":true,"href":"https:\/\/hamma-uwt.de\/cs\/wp-json\/wp\/v2\/product_brand?post=12008"},{"taxonomy":"product_cat","embeddable":true,"href":"https:\/\/hamma-uwt.de\/cs\/wp-json\/wp\/v2\/product_cat?post=12008"},{"taxonomy":"product_tag","embeddable":true,"href":"https:\/\/hamma-uwt.de\/cs\/wp-json\/wp\/v2\/product_tag?post=12008"}],"curies":[{"name":"wp","href":"https:\/\/api.w.org\/{rel}","templated":true}]}}