{"id":12037,"date":"2025-08-12T12:52:49","date_gmt":"2025-08-12T10:52:49","guid":{"rendered":"https:\/\/hamma-uwt.de\/produkt\/zpetny-ventil-mikro\/"},"modified":"2025-08-12T12:52:49","modified_gmt":"2025-08-12T10:52:49","slug":"zpetny-ventil-mikro","status":"publish","type":"product","link":"https:\/\/hamma-uwt.de\/cs\/produkt\/zpetny-ventil-mikro\/","title":{"rendered":"Zp\u011btn\u00fd ventil MIKRO"},"content":{"rendered":"<p>Zp\u011btn\u00fd ventil pro ochranu proti zp\u011btn\u00e9mu toku pro mikro.<\/p>\n","protected":false},"excerpt":{"rendered":"<p>Plast, p\u0159\u00edslu\u0161enstv\u00ed MIKRO<\/p>\n","protected":false},"featured_media":3478,"comment_status":"closed","ping_status":"closed","template":"","meta":{"_acf_changed":false},"product_brand":[],"product_cat":[970],"product_tag":[],"class_list":{"0":"post-12037","1":"product","2":"type-product","3":"status-publish","4":"has-post-thumbnail","6":"product_cat-mikroprislusenstvi","8":"first","9":"instock","10":"shipping-taxable","11":"purchasable","12":"product-type-simple"},"acf":[],"_links":{"self":[{"href":"https:\/\/hamma-uwt.de\/cs\/wp-json\/wp\/v2\/product\/12037","targetHints":{"allow":["GET"]}}],"collection":[{"href":"https:\/\/hamma-uwt.de\/cs\/wp-json\/wp\/v2\/product"}],"about":[{"href":"https:\/\/hamma-uwt.de\/cs\/wp-json\/wp\/v2\/types\/product"}],"replies":[{"embeddable":true,"href":"https:\/\/hamma-uwt.de\/cs\/wp-json\/wp\/v2\/comments?post=12037"}],"wp:featuredmedia":[{"embeddable":true,"href":"https:\/\/hamma-uwt.de\/cs\/wp-json\/wp\/v2\/media\/3478"}],"wp:attachment":[{"href":"https:\/\/hamma-uwt.de\/cs\/wp-json\/wp\/v2\/media?parent=12037"}],"wp:term":[{"taxonomy":"product_brand","embeddable":true,"href":"https:\/\/hamma-uwt.de\/cs\/wp-json\/wp\/v2\/product_brand?post=12037"},{"taxonomy":"product_cat","embeddable":true,"href":"https:\/\/hamma-uwt.de\/cs\/wp-json\/wp\/v2\/product_cat?post=12037"},{"taxonomy":"product_tag","embeddable":true,"href":"https:\/\/hamma-uwt.de\/cs\/wp-json\/wp\/v2\/product_tag?post=12037"}],"curies":[{"name":"wp","href":"https:\/\/api.w.org\/{rel}","templated":true}]}}