{"id":12170,"date":"2025-08-13T08:25:50","date_gmt":"2025-08-13T06:25:50","guid":{"rendered":"https:\/\/hamma-uwt.de\/produkt\/specialne-potazeny-vetraci-panel\/"},"modified":"2025-08-13T08:25:50","modified_gmt":"2025-08-13T06:25:50","slug":"specialne-potazeny-vetraci-panel","status":"publish","type":"product","link":"https:\/\/hamma-uwt.de\/cs\/produkt\/specialne-potazeny-vetraci-panel\/","title":{"rendered":"Speci\u00e1ln\u011b pota\u017een\u00fd v\u011btrac\u00ed panel"},"content":{"rendered":"<p>Speci\u00e1ln\u00ed povrchov\u00e1 \u00faprava pro vy\u0161\u0161\u00ed chemickou odolnost.<\/p>\n","protected":false},"excerpt":{"rendered":"<p>kulat\u00fd, \u00d8 132 mm<\/p>\n","protected":false},"featured_media":3442,"comment_status":"closed","ping_status":"closed","template":"","meta":{"_acf_changed":false},"product_brand":[],"product_cat":[970],"product_tag":[],"class_list":{"0":"post-12170","1":"product","2":"type-product","3":"status-publish","4":"has-post-thumbnail","6":"product_cat-mikroprislusenstvi","8":"first","9":"instock","10":"shipping-taxable","11":"purchasable","12":"product-type-simple"},"acf":[],"_links":{"self":[{"href":"https:\/\/hamma-uwt.de\/cs\/wp-json\/wp\/v2\/product\/12170","targetHints":{"allow":["GET"]}}],"collection":[{"href":"https:\/\/hamma-uwt.de\/cs\/wp-json\/wp\/v2\/product"}],"about":[{"href":"https:\/\/hamma-uwt.de\/cs\/wp-json\/wp\/v2\/types\/product"}],"replies":[{"embeddable":true,"href":"https:\/\/hamma-uwt.de\/cs\/wp-json\/wp\/v2\/comments?post=12170"}],"wp:featuredmedia":[{"embeddable":true,"href":"https:\/\/hamma-uwt.de\/cs\/wp-json\/wp\/v2\/media\/3442"}],"wp:attachment":[{"href":"https:\/\/hamma-uwt.de\/cs\/wp-json\/wp\/v2\/media?parent=12170"}],"wp:term":[{"taxonomy":"product_brand","embeddable":true,"href":"https:\/\/hamma-uwt.de\/cs\/wp-json\/wp\/v2\/product_brand?post=12170"},{"taxonomy":"product_cat","embeddable":true,"href":"https:\/\/hamma-uwt.de\/cs\/wp-json\/wp\/v2\/product_cat?post=12170"},{"taxonomy":"product_tag","embeddable":true,"href":"https:\/\/hamma-uwt.de\/cs\/wp-json\/wp\/v2\/product_tag?post=12170"}],"curies":[{"name":"wp","href":"https:\/\/api.w.org\/{rel}","templated":true}]}}