{"id":12251,"date":"2025-08-13T16:58:03","date_gmt":"2025-08-13T14:58:03","guid":{"rendered":"https:\/\/hamma-uwt.de\/produkt\/nahradni-skimmerova-paska-5-specialni\/"},"modified":"2025-08-13T16:58:03","modified_gmt":"2025-08-13T14:58:03","slug":"nahradni-skimmerova-paska-5-specialni","status":"publish","type":"product","link":"https:\/\/hamma-uwt.de\/cs\/produkt\/nahradni-skimmerova-paska-5-specialni\/","title":{"rendered":"N\u00e1hradn\u00ed skimmerov\u00e1 p\u00e1ska 5 Speci\u00e1ln\u00ed"},"content":{"rendered":"","protected":false},"excerpt":{"rendered":"<p>pro hork\u00e1 m\u00e9dia do 70 \u00b0C, pH 4 - 13, p\u0159\u00edslu\u0161enstv\u00ed RAPID 5 Special<\/p>\n","protected":false},"featured_media":3499,"comment_status":"closed","ping_status":"closed","template":"","meta":{"_acf_changed":false},"product_brand":[],"product_cat":[988],"product_tag":[],"class_list":{"0":"post-12251","1":"product","2":"type-product","3":"status-publish","4":"has-post-thumbnail","6":"product_cat-prislusenstvi-rapid-5","8":"first","9":"instock","10":"purchasable","11":"product-type-variable"},"acf":[],"_links":{"self":[{"href":"https:\/\/hamma-uwt.de\/cs\/wp-json\/wp\/v2\/product\/12251","targetHints":{"allow":["GET"]}}],"collection":[{"href":"https:\/\/hamma-uwt.de\/cs\/wp-json\/wp\/v2\/product"}],"about":[{"href":"https:\/\/hamma-uwt.de\/cs\/wp-json\/wp\/v2\/types\/product"}],"replies":[{"embeddable":true,"href":"https:\/\/hamma-uwt.de\/cs\/wp-json\/wp\/v2\/comments?post=12251"}],"wp:featuredmedia":[{"embeddable":true,"href":"https:\/\/hamma-uwt.de\/cs\/wp-json\/wp\/v2\/media\/3499"}],"wp:attachment":[{"href":"https:\/\/hamma-uwt.de\/cs\/wp-json\/wp\/v2\/media?parent=12251"}],"wp:term":[{"taxonomy":"product_brand","embeddable":true,"href":"https:\/\/hamma-uwt.de\/cs\/wp-json\/wp\/v2\/product_brand?post=12251"},{"taxonomy":"product_cat","embeddable":true,"href":"https:\/\/hamma-uwt.de\/cs\/wp-json\/wp\/v2\/product_cat?post=12251"},{"taxonomy":"product_tag","embeddable":true,"href":"https:\/\/hamma-uwt.de\/cs\/wp-json\/wp\/v2\/product_tag?post=12251"}],"curies":[{"name":"wp","href":"https:\/\/api.w.org\/{rel}","templated":true}]}}