{"id":12771,"date":"2025-08-15T08:27:29","date_gmt":"2025-08-15T06:27:29","guid":{"rendered":"https:\/\/hamma-uwt.de\/produkt\/testovaci-pripad-maly\/"},"modified":"2025-08-15T08:27:29","modified_gmt":"2025-08-15T06:27:29","slug":"testovaci-pripad-maly","status":"publish","type":"product","link":"https:\/\/hamma-uwt.de\/cs\/produkt\/testovaci-pripad-maly\/","title":{"rendered":"TESTOVAC\u00cd P\u0158\u00cdPAD mal\u00fd"},"content":{"rendered":"<p>Testovac\u00ed sada Light se dod\u00e1v\u00e1 bez refraktometru. Kompaktn\u00ed testovac\u00ed sada je p\u0159ipravena pro m\u011b\u0159en\u00ed TRGS-611. <\/p>\n<p>D\u00edky testovac\u00edmu p\u0159\u00edpadu jste ide\u00e1ln\u011b p\u0159ipraveni na m\u011b\u0159en\u00ed chladic\u00edho maziva. \u00dadaje o chladic\u00edm mazivu vypov\u00eddaj\u00ed hodn\u011b o kvalit\u011b a v\u00fdkonu va\u0161eho chladic\u00edho maziva. P\u0159i neust\u00e1l\u00e9m sledov\u00e1n\u00ed a spr\u00e1vn\u00e9m zach\u00e1zen\u00ed se skr\u00fdv\u00e1 ve va\u0161em chladic\u00edm mazivu obrovsk\u00fd potenci\u00e1l pro v\u00fdkon a \u00faspory. N\u00e1klady na stroje a n\u00e1stroje lze v\u00fdrazn\u011b sn\u00ed\u017eit, vytvo\u0159\u00edte hygienick\u00e9 prost\u0159ed\u00ed a budete p\u0159esn\u011b v\u011bd\u011bt, kdy je nutn\u00e1 v\u00fdm\u011bna.   <\/p>\n<p>Va\u0161e v\u00fdhody:<\/p>\n<ul>\n<li>Robustn\u00ed, vysoce kvalitn\u00ed a kompaktn\u00ed<\/li>\n<li>Hygienick\u00e9, jednoduch\u00e9 a \u00fa\u010dinn\u00e9<\/li>\n<li>spl\u0148uje po\u017eadavky TRGS 611<\/li>\n<li>Stabiln\u00ed biobalance<\/li>\n<li>Zvy\u0161uje v\u00fdkon a \u0161et\u0159\u00ed pen\u00edze<\/li>\n<\/ul>\n","protected":false},"excerpt":{"rendered":"<p>Testovac\u00ed sada Light se dod\u00e1v\u00e1 bez refraktometru. Kompaktn\u00ed testovac\u00ed sada je p\u0159ipravena pro m\u011b\u0159en\u00ed TRGS-611. D\u00edky testovac\u00edmu p\u0159\u00edpadu jste ide\u00e1ln\u011b p\u0159ipraveni na m\u011b\u0159en\u00ed chladic\u00edho maziva. \u00dadaje o chladic\u00edm mazivu vypov\u00eddaj\u00ed hodn\u011b o kvalit\u011b a v\u00fdkonu va\u0161eho chladic\u00edho maziva. P\u0159i neust\u00e1l\u00e9m sledov\u00e1n\u00ed a spr\u00e1vn\u00e9m zach\u00e1zen\u00ed se skr\u00fdv\u00e1 ve va\u0161em chladic\u00edm mazivu obrovsk\u00fd potenci\u00e1l pro v\u00fdkon a [&hellip;]<\/p>\n","protected":false},"featured_media":3508,"comment_status":"closed","ping_status":"closed","template":"","meta":{"_acf_changed":false},"product_brand":[],"product_cat":[676],"product_tag":[],"class_list":{"0":"post-12771","1":"product","2":"type-product","3":"status-publish","4":"has-post-thumbnail","6":"product_cat-testovaci-pripad","8":"first","9":"instock","10":"shipping-taxable","11":"purchasable","12":"product-type-variable","13":"has-default-attributes"},"acf":[],"_links":{"self":[{"href":"https:\/\/hamma-uwt.de\/cs\/wp-json\/wp\/v2\/product\/12771","targetHints":{"allow":["GET"]}}],"collection":[{"href":"https:\/\/hamma-uwt.de\/cs\/wp-json\/wp\/v2\/product"}],"about":[{"href":"https:\/\/hamma-uwt.de\/cs\/wp-json\/wp\/v2\/types\/product"}],"replies":[{"embeddable":true,"href":"https:\/\/hamma-uwt.de\/cs\/wp-json\/wp\/v2\/comments?post=12771"}],"wp:featuredmedia":[{"embeddable":true,"href":"https:\/\/hamma-uwt.de\/cs\/wp-json\/wp\/v2\/media\/3508"}],"wp:attachment":[{"href":"https:\/\/hamma-uwt.de\/cs\/wp-json\/wp\/v2\/media?parent=12771"}],"wp:term":[{"taxonomy":"product_brand","embeddable":true,"href":"https:\/\/hamma-uwt.de\/cs\/wp-json\/wp\/v2\/product_brand?post=12771"},{"taxonomy":"product_cat","embeddable":true,"href":"https:\/\/hamma-uwt.de\/cs\/wp-json\/wp\/v2\/product_cat?post=12771"},{"taxonomy":"product_tag","embeddable":true,"href":"https:\/\/hamma-uwt.de\/cs\/wp-json\/wp\/v2\/product_tag?post=12771"}],"curies":[{"name":"wp","href":"https:\/\/api.w.org\/{rel}","templated":true}]}}