{"id":12873,"date":"2025-11-12T16:35:06","date_gmt":"2025-11-12T15:35:06","guid":{"rendered":"https:\/\/hamma-uwt.de\/produkt\/univerzalni-sroubovaci-drzak-maly\/"},"modified":"2025-11-12T16:35:06","modified_gmt":"2025-11-12T15:35:06","slug":"univerzalni-sroubovaci-drzak-maly","status":"publish","type":"product","link":"https:\/\/hamma-uwt.de\/cs\/produkt\/univerzalni-sroubovaci-drzak-maly\/","title":{"rendered":"Univerz\u00e1ln\u00ed \u0161roubovac\u00ed dr\u017e\u00e1k mal\u00fd"},"content":{"rendered":"<p>Univerz\u00e1ln\u00ed \u0161roubovac\u00ed dr\u017e\u00e1k pro mont\u00e1\u017e za\u0159\u00edzen\u00ed RAPIDS<\/p>\n","protected":false},"excerpt":{"rendered":"<p>Univerz\u00e1ln\u00ed mal\u00fd \u0161roubovac\u00ed dr\u017e\u00e1k k upevn\u011bn\u00ed pomoc\u00ed magnetu nebo k p\u0159i\u0161roubov\u00e1n\u00ed - ide\u00e1ln\u00ed pro plnic\u00ed pistoli.<\/p>\n","protected":false},"featured_media":3523,"comment_status":"closed","ping_status":"closed","template":"","meta":{"_acf_changed":false},"product_brand":[],"product_cat":[1392,844,1390,702,1391],"product_tag":[],"class_list":{"0":"post-12873","1":"product","2":"type-product","3":"status-publish","4":"has-post-thumbnail","6":"product_cat-chip-maxx-a-magneticke-koste","7":"product_cat-prislusenstvi-misceo","8":"product_cat-prislusenstvi-rapid-1-1","9":"product_cat-prislusenstvi-rapid-2-1","10":"product_cat-prislusenstvi-rapid-3-1","12":"first","13":"instock","14":"purchasable","15":"product-type-simple"},"acf":[],"_links":{"self":[{"href":"https:\/\/hamma-uwt.de\/cs\/wp-json\/wp\/v2\/product\/12873","targetHints":{"allow":["GET"]}}],"collection":[{"href":"https:\/\/hamma-uwt.de\/cs\/wp-json\/wp\/v2\/product"}],"about":[{"href":"https:\/\/hamma-uwt.de\/cs\/wp-json\/wp\/v2\/types\/product"}],"replies":[{"embeddable":true,"href":"https:\/\/hamma-uwt.de\/cs\/wp-json\/wp\/v2\/comments?post=12873"}],"wp:featuredmedia":[{"embeddable":true,"href":"https:\/\/hamma-uwt.de\/cs\/wp-json\/wp\/v2\/media\/3523"}],"wp:attachment":[{"href":"https:\/\/hamma-uwt.de\/cs\/wp-json\/wp\/v2\/media?parent=12873"}],"wp:term":[{"taxonomy":"product_brand","embeddable":true,"href":"https:\/\/hamma-uwt.de\/cs\/wp-json\/wp\/v2\/product_brand?post=12873"},{"taxonomy":"product_cat","embeddable":true,"href":"https:\/\/hamma-uwt.de\/cs\/wp-json\/wp\/v2\/product_cat?post=12873"},{"taxonomy":"product_tag","embeddable":true,"href":"https:\/\/hamma-uwt.de\/cs\/wp-json\/wp\/v2\/product_tag?post=12873"}],"curies":[{"name":"wp","href":"https:\/\/api.w.org\/{rel}","templated":true}]}}