{"id":13448,"date":"2025-08-12T14:37:48","date_gmt":"2025-08-12T12:37:48","guid":{"rendered":"https:\/\/hamma-uwt.de\/produkt\/kompaktni-konzola-pro-peci\/"},"modified":"2026-03-17T16:05:53","modified_gmt":"2026-03-17T15:05:53","slug":"kompaktni-konzola-pro-peci","status":"publish","type":"product","link":"https:\/\/hamma-uwt.de\/cs\/produkt\/kompaktni-konzola-pro-peci\/","title":{"rendered":"Kompaktn\u00ed konzola pro p\u00e9\u010di"},"content":{"rendered":"<p>Konzola pro \u00fadr\u017ebu kombinuje za\u0159\u00edzen\u00ed a v\u00fdhody syst\u00e9m\u016f MIKRO, RAPID a RUBI. D\u00edky funk\u010dn\u00edmu designu lze jednotku pro \u00fadr\u017ebu snadno a rychle p\u0159ipojit ke stroji. Instalaci je\u0161t\u011b v\u00edce usnad\u0148uj\u00ed adapt\u00e9rov\u00e9 desky.  <\/p>\n<p>&nbsp;<\/p>\n","protected":false},"excerpt":{"rendered":"<p>v\u010detn\u011b. RAPID 2.1 a RUBI<\/p>\n","protected":false},"featured_media":23518,"comment_status":"closed","ping_status":"closed","template":"","meta":{"_acf_changed":false},"product_brand":[],"product_cat":[945],"product_tag":[],"class_list":{"0":"post-13448","1":"product","2":"type-product","3":"status-publish","4":"has-post-thumbnail","6":"product_cat-biobalance","8":"first","9":"instock","10":"shipping-taxable","11":"purchasable","12":"product-type-variable"},"acf":[],"_links":{"self":[{"href":"https:\/\/hamma-uwt.de\/cs\/wp-json\/wp\/v2\/product\/13448","targetHints":{"allow":["GET"]}}],"collection":[{"href":"https:\/\/hamma-uwt.de\/cs\/wp-json\/wp\/v2\/product"}],"about":[{"href":"https:\/\/hamma-uwt.de\/cs\/wp-json\/wp\/v2\/types\/product"}],"replies":[{"embeddable":true,"href":"https:\/\/hamma-uwt.de\/cs\/wp-json\/wp\/v2\/comments?post=13448"}],"wp:featuredmedia":[{"embeddable":true,"href":"https:\/\/hamma-uwt.de\/cs\/wp-json\/wp\/v2\/media\/23518"}],"wp:attachment":[{"href":"https:\/\/hamma-uwt.de\/cs\/wp-json\/wp\/v2\/media?parent=13448"}],"wp:term":[{"taxonomy":"product_brand","embeddable":true,"href":"https:\/\/hamma-uwt.de\/cs\/wp-json\/wp\/v2\/product_brand?post=13448"},{"taxonomy":"product_cat","embeddable":true,"href":"https:\/\/hamma-uwt.de\/cs\/wp-json\/wp\/v2\/product_cat?post=13448"},{"taxonomy":"product_tag","embeddable":true,"href":"https:\/\/hamma-uwt.de\/cs\/wp-json\/wp\/v2\/product_tag?post=13448"}],"curies":[{"name":"wp","href":"https:\/\/api.w.org\/{rel}","templated":true}]}}