{"id":13459,"date":"2025-08-11T13:19:15","date_gmt":"2025-08-11T11:19:15","guid":{"rendered":"https:\/\/hamma-uwt.de\/produkt\/saci-hadice-z-pu-koncentratu\/"},"modified":"2025-08-11T13:19:15","modified_gmt":"2025-08-11T11:19:15","slug":"saci-hadice-z-pu-koncentratu","status":"publish","type":"product","link":"https:\/\/hamma-uwt.de\/cs\/produkt\/saci-hadice-z-pu-koncentratu\/","title":{"rendered":"Sac\u00ed hadice z PU koncentr\u00e1tu"},"content":{"rendered":"<p>Sac\u00ed hadice na koncentr\u00e1t 2 m z PU pro Misceo 3, v\u010detn\u011b sac\u00ed patky. <\/p>\n","protected":false},"excerpt":{"rendered":"<p>v\u010detn\u011b. Sac\u00ed patka, p\u0159\u00edslu\u0161enstv\u00ed MISCEO 3<\/p>\n","protected":false},"featured_media":1783,"comment_status":"closed","ping_status":"closed","template":"","meta":{"_acf_changed":false},"product_brand":[],"product_cat":[845,844],"product_tag":[],"class_list":{"0":"post-13459","1":"product","2":"type-product","3":"status-publish","4":"has-post-thumbnail","6":"product_cat-hadice","7":"product_cat-prislusenstvi-misceo","9":"first","10":"instock","11":"shipping-taxable","12":"purchasable","13":"product-type-simple"},"acf":[],"_links":{"self":[{"href":"https:\/\/hamma-uwt.de\/cs\/wp-json\/wp\/v2\/product\/13459","targetHints":{"allow":["GET"]}}],"collection":[{"href":"https:\/\/hamma-uwt.de\/cs\/wp-json\/wp\/v2\/product"}],"about":[{"href":"https:\/\/hamma-uwt.de\/cs\/wp-json\/wp\/v2\/types\/product"}],"replies":[{"embeddable":true,"href":"https:\/\/hamma-uwt.de\/cs\/wp-json\/wp\/v2\/comments?post=13459"}],"wp:featuredmedia":[{"embeddable":true,"href":"https:\/\/hamma-uwt.de\/cs\/wp-json\/wp\/v2\/media\/1783"}],"wp:attachment":[{"href":"https:\/\/hamma-uwt.de\/cs\/wp-json\/wp\/v2\/media?parent=13459"}],"wp:term":[{"taxonomy":"product_brand","embeddable":true,"href":"https:\/\/hamma-uwt.de\/cs\/wp-json\/wp\/v2\/product_brand?post=13459"},{"taxonomy":"product_cat","embeddable":true,"href":"https:\/\/hamma-uwt.de\/cs\/wp-json\/wp\/v2\/product_cat?post=13459"},{"taxonomy":"product_tag","embeddable":true,"href":"https:\/\/hamma-uwt.de\/cs\/wp-json\/wp\/v2\/product_tag?post=13459"}],"curies":[{"name":"wp","href":"https:\/\/api.w.org\/{rel}","templated":true}]}}