{"id":13462,"date":"2025-07-14T12:06:44","date_gmt":"2025-07-14T10:06:44","guid":{"rendered":"https:\/\/hamma-uwt.de\/produkt\/analogovy-rucni-refraktometr\/"},"modified":"2025-07-14T12:06:44","modified_gmt":"2025-07-14T10:06:44","slug":"analogovy-rucni-refraktometr","status":"publish","type":"product","link":"https:\/\/hamma-uwt.de\/cs\/produkt\/analogovy-rucni-refraktometr\/","title":{"rendered":"Analogov\u00fd ru\u010dn\u00ed refraktometr"},"content":{"rendered":"<div class=\"n module-type-text diyfeLiveArea \">\n<p>Pomoc\u00ed analogov\u00e9ho refraktometru m\u016f\u017eete snadno a pohodln\u011b kontrolovat koncentraci chladic\u00edho maziva. Refraktometr m\u00e1 automatick\u00e9 vyrovn\u00e1v\u00e1n\u00ed teploty, kter\u00e9 zaji\u0161\u0165uje rychl\u00e9 a spolehliv\u00e9 m\u011b\u0159en\u00ed. Refraktometrem m\u016f\u017eete m\u011b\u0159it procentu\u00e1ln\u00ed rozsah 0,0 - 18,0 %.  <\/p>\n<p>Va\u0161e v\u00fdhody:<\/p>\n<ul>\n<li>S integrovan\u00fdm osv\u011btlen\u00edm (LED)<\/li>\n<li>Snadn\u00e9 ovl\u00e1d\u00e1n\u00ed<\/li>\n<li>Automatick\u00e9 vyrovn\u00e1v\u00e1n\u00ed teploty<\/li>\n<li>Optimalizovan\u00e9 stupnice pro m\u011b\u0159en\u00ed chladic\u00edho maziva (0 - 18)<\/li>\n<\/ul>\n<\/div>\n<p>&nbsp;<\/p>\n<p>Lehk\u00e1 konstrukce d\u00edky nov\u00e9 technologii hranol\u016f<\/p>\n","protected":false},"excerpt":{"rendered":"<p>0 - 18 % (p\u0159\u00edr\u016fstek = 0,1 %)<\/p>\n","protected":false},"featured_media":2479,"comment_status":"closed","ping_status":"closed","template":"","meta":{"_acf_changed":false},"product_brand":[],"product_cat":[1039],"product_tag":[],"class_list":{"0":"post-13462","1":"product","2":"type-product","3":"status-publish","4":"has-post-thumbnail","6":"product_cat-prislusenstvi-testovaciho-pripadu","8":"first","9":"instock","10":"purchasable","11":"product-type-simple"},"acf":[],"_links":{"self":[{"href":"https:\/\/hamma-uwt.de\/cs\/wp-json\/wp\/v2\/product\/13462","targetHints":{"allow":["GET"]}}],"collection":[{"href":"https:\/\/hamma-uwt.de\/cs\/wp-json\/wp\/v2\/product"}],"about":[{"href":"https:\/\/hamma-uwt.de\/cs\/wp-json\/wp\/v2\/types\/product"}],"replies":[{"embeddable":true,"href":"https:\/\/hamma-uwt.de\/cs\/wp-json\/wp\/v2\/comments?post=13462"}],"wp:featuredmedia":[{"embeddable":true,"href":"https:\/\/hamma-uwt.de\/cs\/wp-json\/wp\/v2\/media\/2479"}],"wp:attachment":[{"href":"https:\/\/hamma-uwt.de\/cs\/wp-json\/wp\/v2\/media?parent=13462"}],"wp:term":[{"taxonomy":"product_brand","embeddable":true,"href":"https:\/\/hamma-uwt.de\/cs\/wp-json\/wp\/v2\/product_brand?post=13462"},{"taxonomy":"product_cat","embeddable":true,"href":"https:\/\/hamma-uwt.de\/cs\/wp-json\/wp\/v2\/product_cat?post=13462"},{"taxonomy":"product_tag","embeddable":true,"href":"https:\/\/hamma-uwt.de\/cs\/wp-json\/wp\/v2\/product_tag?post=13462"}],"curies":[{"name":"wp","href":"https:\/\/api.w.org\/{rel}","templated":true}]}}