{"id":13500,"date":"2025-07-14T12:06:44","date_gmt":"2025-07-14T10:06:44","guid":{"rendered":"https:\/\/hamma-uwt.de\/produkt\/sada-pro-monitorovani-hladiny\/"},"modified":"2025-07-14T12:06:44","modified_gmt":"2025-07-14T10:06:44","slug":"sada-pro-monitorovani-hladiny","status":"publish","type":"product","link":"https:\/\/hamma-uwt.de\/cs\/produkt\/sada-pro-monitorovani-hladiny\/","title":{"rendered":"Sada pro monitorov\u00e1n\u00ed hladiny"},"content":{"rendered":"<p>Hl\u00edda\u010d stavu napln\u011bn\u00ed F\u00dc-1 je pln\u011b elektronicky \u0159\u00edzen\u00fd monitorovac\u00ed syst\u00e9m pro kontrolu automatick\u00e9ho pln\u011bn\u00ed z\u00e1sobn\u00edku. Monitorovac\u00ed syst\u00e9m pomoc\u00ed senzor\u016f rozpozn\u00e1v\u00e1 \u00farove\u0148 napln\u011bn\u00ed z\u00e1sobn\u00edku a podle pot\u0159eby otev\u00edr\u00e1 a zav\u00edr\u00e1 ventil. Vysoce kvalitn\u00ed komponenty (nap\u0159. nouzov\u00e9 zastaven\u00ed podle WHG) umo\u017e\u0148uj\u00ed bezpe\u010dn\u00e9, spolehliv\u00e9 a automatick\u00e9 pln\u011bn\u00ed.  <\/p>\n<p>D\u00edky sad\u011b p\u0159ipraven\u00e9 k p\u0159ipojen\u00ed m\u016f\u017eete stroj plnit rychle, snadno a spolehliv\u011b automaticky v kombinaci s MISCEO 3.<\/p>\n<p>Va\u0161e v\u00fdhody:<\/p>\n<ul>\n<li>Automatick\u00e9 pln\u011bn\u00ed stroje<\/li>\n<li>Spolehliv\u00e1 v\u00fdroba<\/li>\n<li>Kompletn\u00ed \u0159e\u0161en\u00ed p\u0159ipraven\u00e9 k p\u0159ipojen\u00ed (jednoduch\u00e1 instalace)<\/li>\n<li>Nouzov\u00e9 zastaven\u00ed podle WHG<\/li>\n<li>Rovnom\u011brn\u00e1 teplota chladic\u00edho maziva \/ Stabiln\u00ed koncentrace chladic\u00edho maziva<\/li>\n<\/ul>\n","protected":false},"excerpt":{"rendered":"<p>Hl\u00edda\u010d hladiny F\u00dc-1-24D kompletn\u00ed sada<\/p>\n","protected":false},"featured_media":3786,"comment_status":"closed","ping_status":"closed","template":"","meta":{"_acf_changed":false},"product_brand":[],"product_cat":[1664],"product_tag":[],"class_list":{"0":"post-13500","1":"product","2":"type-product","3":"status-publish","4":"has-post-thumbnail","6":"product_cat-sledovani-hladiny-naplne","8":"first","9":"instock","10":"purchasable","11":"product-type-simple"},"acf":[],"_links":{"self":[{"href":"https:\/\/hamma-uwt.de\/cs\/wp-json\/wp\/v2\/product\/13500","targetHints":{"allow":["GET"]}}],"collection":[{"href":"https:\/\/hamma-uwt.de\/cs\/wp-json\/wp\/v2\/product"}],"about":[{"href":"https:\/\/hamma-uwt.de\/cs\/wp-json\/wp\/v2\/types\/product"}],"replies":[{"embeddable":true,"href":"https:\/\/hamma-uwt.de\/cs\/wp-json\/wp\/v2\/comments?post=13500"}],"wp:featuredmedia":[{"embeddable":true,"href":"https:\/\/hamma-uwt.de\/cs\/wp-json\/wp\/v2\/media\/3786"}],"wp:attachment":[{"href":"https:\/\/hamma-uwt.de\/cs\/wp-json\/wp\/v2\/media?parent=13500"}],"wp:term":[{"taxonomy":"product_brand","embeddable":true,"href":"https:\/\/hamma-uwt.de\/cs\/wp-json\/wp\/v2\/product_brand?post=13500"},{"taxonomy":"product_cat","embeddable":true,"href":"https:\/\/hamma-uwt.de\/cs\/wp-json\/wp\/v2\/product_cat?post=13500"},{"taxonomy":"product_tag","embeddable":true,"href":"https:\/\/hamma-uwt.de\/cs\/wp-json\/wp\/v2\/product_tag?post=13500"}],"curies":[{"name":"wp","href":"https:\/\/api.w.org\/{rel}","templated":true}]}}