{"id":13513,"date":"2025-07-14T12:06:44","date_gmt":"2025-07-14T10:06:44","guid":{"rendered":"https:\/\/hamma-uwt.de\/produkt\/baterie\/"},"modified":"2025-07-14T12:06:44","modified_gmt":"2025-07-14T10:06:44","slug":"baterie","status":"publish","type":"product","link":"https:\/\/hamma-uwt.de\/cs\/produkt\/baterie\/","title":{"rendered":"Baterie"},"content":{"rendered":"<p>D\u00edky dob\u00edjec\u00ed baterii je za\u0159\u00edzen\u00ed Misceo 3 je\u0161t\u011b flexibiln\u011bj\u0161\u00ed.<\/p>\n<p>D\u00edky vysok\u00e9mu v\u00fdkonu m\u016f\u017eete Misceo provozovat p\u0159ibli\u017en\u011b 8 hodin bez nutnosti p\u0159ipojen\u00ed k elektrick\u00e9 s\u00edti a p\u0159ehledn\u00fd displej v\u00e1s neust\u00e1le informuje o stavu nabit\u00ed baterie. Baterii lze kdykoli zapnout a vypnout pomoc\u00ed tla\u010d\u00edtka on\/off a lze ji namontovat p\u0159\u00edmo na Misceo nebo um\u00edstit na buben za Misceo. D\u00edky jednotn\u00e9mu vzhledu tvo\u0159\u00ed za\u0159\u00edzen\u00ed Misceo a baterie v\u00fdkonn\u00fd celek.  <\/p>\n<p>Akumul\u00e1tor m\u016f\u017ee slou\u017eit tak\u00e9 jako v\u00fdkonn\u00e1 z\u00e1sob\u00e1rna energie pro dal\u0161\u00ed za\u0159\u00edzen\u00ed se stejnosm\u011brn\u00fdm nap\u011bt\u00edm 24 V.<\/p>\n","protected":false},"excerpt":{"rendered":"<p>Dob\u00edjec\u00ed baterie pro mix\u00e9r Misceo<\/p>\n","protected":false},"featured_media":1031,"comment_status":"closed","ping_status":"closed","template":"","meta":{"_acf_changed":false},"product_brand":[],"product_cat":[1672],"product_tag":[],"class_list":{"0":"post-13513","1":"product","2":"type-product","3":"status-publish","4":"has-post-thumbnail","6":"product_cat-mixer-misceo","8":"first","9":"instock","10":"purchasable","11":"product-type-simple"},"acf":[],"_links":{"self":[{"href":"https:\/\/hamma-uwt.de\/cs\/wp-json\/wp\/v2\/product\/13513","targetHints":{"allow":["GET"]}}],"collection":[{"href":"https:\/\/hamma-uwt.de\/cs\/wp-json\/wp\/v2\/product"}],"about":[{"href":"https:\/\/hamma-uwt.de\/cs\/wp-json\/wp\/v2\/types\/product"}],"replies":[{"embeddable":true,"href":"https:\/\/hamma-uwt.de\/cs\/wp-json\/wp\/v2\/comments?post=13513"}],"wp:featuredmedia":[{"embeddable":true,"href":"https:\/\/hamma-uwt.de\/cs\/wp-json\/wp\/v2\/media\/1031"}],"wp:attachment":[{"href":"https:\/\/hamma-uwt.de\/cs\/wp-json\/wp\/v2\/media?parent=13513"}],"wp:term":[{"taxonomy":"product_brand","embeddable":true,"href":"https:\/\/hamma-uwt.de\/cs\/wp-json\/wp\/v2\/product_brand?post=13513"},{"taxonomy":"product_cat","embeddable":true,"href":"https:\/\/hamma-uwt.de\/cs\/wp-json\/wp\/v2\/product_cat?post=13513"},{"taxonomy":"product_tag","embeddable":true,"href":"https:\/\/hamma-uwt.de\/cs\/wp-json\/wp\/v2\/product_tag?post=13513"}],"curies":[{"name":"wp","href":"https:\/\/api.w.org\/{rel}","templated":true}]}}