{"id":13564,"date":"2025-08-13T16:30:40","date_gmt":"2025-08-13T14:30:40","guid":{"rendered":"https:\/\/hamma-uwt.de\/produkt\/rapid-5-special\/"},"modified":"2025-08-13T16:30:40","modified_gmt":"2025-08-13T14:30:40","slug":"rapid-5-special","status":"publish","type":"product","link":"https:\/\/hamma-uwt.de\/cs\/produkt\/rapid-5-special\/","title":{"rendered":"RAPID 5 Special"},"content":{"rendered":"<p>Rapid 5 Special je p\u00e1sov\u00fd odp\u011b\u0148ova\u010d s nastaviteln\u00fdm ramenem a magnetick\u00fdm dr\u017e\u00e1kem, kter\u00fd je v\u00fdkonn\u00fd, flexibiln\u00ed a snadno pou\u017eiteln\u00fd i pro t\u011b\u017eko p\u0159\u00edstupn\u00e9 n\u00e1doby. Je vhodn\u00fd pro plochy do 2 m\u00b2. <\/p>\n","protected":false},"excerpt":{"rendered":"<p>P\u00e1sov\u00fd odp\u011b\u0148ova\u010d pro hork\u00e1 m\u00e9dia, plochy do 2 m\u00b2, v\u010detn\u011b odp\u011b\u0148ovac\u00edch p\u00e1s\u016f <\/p>\n","protected":false},"featured_media":968,"comment_status":"closed","ping_status":"closed","template":"","meta":{"_acf_changed":false},"product_brand":[],"product_cat":[1705],"product_tag":[],"class_list":{"0":"post-13564","1":"product","2":"type-product","3":"status-publish","4":"has-post-thumbnail","6":"product_cat-rapid-5","8":"first","9":"instock","10":"purchasable","11":"product-type-variable"},"acf":[],"_links":{"self":[{"href":"https:\/\/hamma-uwt.de\/cs\/wp-json\/wp\/v2\/product\/13564","targetHints":{"allow":["GET"]}}],"collection":[{"href":"https:\/\/hamma-uwt.de\/cs\/wp-json\/wp\/v2\/product"}],"about":[{"href":"https:\/\/hamma-uwt.de\/cs\/wp-json\/wp\/v2\/types\/product"}],"replies":[{"embeddable":true,"href":"https:\/\/hamma-uwt.de\/cs\/wp-json\/wp\/v2\/comments?post=13564"}],"wp:featuredmedia":[{"embeddable":true,"href":"https:\/\/hamma-uwt.de\/cs\/wp-json\/wp\/v2\/media\/968"}],"wp:attachment":[{"href":"https:\/\/hamma-uwt.de\/cs\/wp-json\/wp\/v2\/media?parent=13564"}],"wp:term":[{"taxonomy":"product_brand","embeddable":true,"href":"https:\/\/hamma-uwt.de\/cs\/wp-json\/wp\/v2\/product_brand?post=13564"},{"taxonomy":"product_cat","embeddable":true,"href":"https:\/\/hamma-uwt.de\/cs\/wp-json\/wp\/v2\/product_cat?post=13564"},{"taxonomy":"product_tag","embeddable":true,"href":"https:\/\/hamma-uwt.de\/cs\/wp-json\/wp\/v2\/product_tag?post=13564"}],"curies":[{"name":"wp","href":"https:\/\/api.w.org\/{rel}","templated":true}]}}