{"id":13845,"date":"2025-08-13T12:08:54","date_gmt":"2025-08-13T10:08:54","guid":{"rendered":"https:\/\/hamma-uwt.de\/produkt\/rapid-2-1\/"},"modified":"2025-08-13T12:08:54","modified_gmt":"2025-08-13T10:08:54","slug":"rapid-2-1","status":"publish","type":"product","link":"https:\/\/hamma-uwt.de\/cs\/produkt\/rapid-2-1\/","title":{"rendered":"RAPID 2.1"},"content":{"rendered":"<p>S nejprod\u00e1van\u011bj\u0161\u00edm p\u00e1sov\u00fdm odp\u011b\u0148ova\u010dem Rapid 2.1 je odstra\u0148ov\u00e1n\u00ed odpadn\u00edho oleje v chladic\u00edm mazivu ze stroj\u016f s plochou a\u017e 2 m\u00b2 rychl\u00e9 a snadn\u00e9.<\/p>\n<p>&nbsp;<\/p>\n","protected":false},"excerpt":{"rendered":"<p>pro chladic\u00ed kapalinu do 40 \u00b0C, plochy do 2 m\u00b2 (bez odlu\u010dovac\u00ed p\u00e1sky)<\/p>\n","protected":false},"featured_media":4294,"comment_status":"closed","ping_status":"closed","template":"","meta":{"_acf_changed":false},"product_brand":[],"product_cat":[947],"product_tag":[],"class_list":{"0":"post-13845","1":"product","2":"type-product","3":"status-publish","4":"has-post-thumbnail","6":"product_cat-rapid-2-1","8":"first","9":"instock","10":"purchasable","11":"product-type-variable"},"acf":[],"_links":{"self":[{"href":"https:\/\/hamma-uwt.de\/cs\/wp-json\/wp\/v2\/product\/13845","targetHints":{"allow":["GET"]}}],"collection":[{"href":"https:\/\/hamma-uwt.de\/cs\/wp-json\/wp\/v2\/product"}],"about":[{"href":"https:\/\/hamma-uwt.de\/cs\/wp-json\/wp\/v2\/types\/product"}],"replies":[{"embeddable":true,"href":"https:\/\/hamma-uwt.de\/cs\/wp-json\/wp\/v2\/comments?post=13845"}],"wp:featuredmedia":[{"embeddable":true,"href":"https:\/\/hamma-uwt.de\/cs\/wp-json\/wp\/v2\/media\/4294"}],"wp:attachment":[{"href":"https:\/\/hamma-uwt.de\/cs\/wp-json\/wp\/v2\/media?parent=13845"}],"wp:term":[{"taxonomy":"product_brand","embeddable":true,"href":"https:\/\/hamma-uwt.de\/cs\/wp-json\/wp\/v2\/product_brand?post=13845"},{"taxonomy":"product_cat","embeddable":true,"href":"https:\/\/hamma-uwt.de\/cs\/wp-json\/wp\/v2\/product_cat?post=13845"},{"taxonomy":"product_tag","embeddable":true,"href":"https:\/\/hamma-uwt.de\/cs\/wp-json\/wp\/v2\/product_tag?post=13845"}],"curies":[{"name":"wp","href":"https:\/\/api.w.org\/{rel}","templated":true}]}}