{"id":14564,"date":"2025-07-14T12:06:49","date_gmt":"2025-07-14T10:06:49","guid":{"rendered":"https:\/\/hamma-uwt.de\/produkt\/sada-e-drive-pro-dodatecne-vybaveni-bubnovych-voziku\/"},"modified":"2025-07-14T12:06:49","modified_gmt":"2025-07-14T10:06:49","slug":"sada-e-drive-pro-dodatecne-vybaveni-bubnovych-voziku","status":"publish","type":"product","link":"https:\/\/hamma-uwt.de\/cs\/produkt\/sada-e-drive-pro-dodatecne-vybaveni-bubnovych-voziku\/","title":{"rendered":"Sada E-Drive pro dodate\u010dn\u00e9 vybaven\u00ed bubnov\u00fdch voz\u00edk\u016f"},"content":{"rendered":"<p>Sada pro dodate\u010dnou mont\u00e1\u017e obsahuje v\u0161echny d\u00edly pot\u0159ebn\u00e9 k modernizaci bubnov\u00e9ho voz\u00edku HAMMA s pohonem E-Drive.<br \/>\nP\u0159i zad\u00e1v\u00e1n\u00ed popt\u00e1vky uve\u010fte \u00fadaje o v\u00fdrobku bubnov\u00e9ho voz\u00edku, viz \u0161t\u00edtek v\u00fdrobku.<\/p>\n","protected":false},"excerpt":{"rendered":"<p>pro bubnov\u00e9 voz\u00edky<\/p>\n","protected":false},"featured_media":873,"comment_status":"closed","ping_status":"closed","template":"","meta":{"_acf_changed":false},"product_brand":[],"product_cat":[794],"product_tag":[],"class_list":{"0":"post-14564","1":"product","2":"type-product","3":"status-publish","4":"has-post-thumbnail","6":"product_cat-prislusenstvi-k-vozikum-na-sudy","8":"first","9":"instock","10":"purchasable","11":"product-type-simple"},"acf":[],"_links":{"self":[{"href":"https:\/\/hamma-uwt.de\/cs\/wp-json\/wp\/v2\/product\/14564","targetHints":{"allow":["GET"]}}],"collection":[{"href":"https:\/\/hamma-uwt.de\/cs\/wp-json\/wp\/v2\/product"}],"about":[{"href":"https:\/\/hamma-uwt.de\/cs\/wp-json\/wp\/v2\/types\/product"}],"replies":[{"embeddable":true,"href":"https:\/\/hamma-uwt.de\/cs\/wp-json\/wp\/v2\/comments?post=14564"}],"wp:featuredmedia":[{"embeddable":true,"href":"https:\/\/hamma-uwt.de\/cs\/wp-json\/wp\/v2\/media\/873"}],"wp:attachment":[{"href":"https:\/\/hamma-uwt.de\/cs\/wp-json\/wp\/v2\/media?parent=14564"}],"wp:term":[{"taxonomy":"product_brand","embeddable":true,"href":"https:\/\/hamma-uwt.de\/cs\/wp-json\/wp\/v2\/product_brand?post=14564"},{"taxonomy":"product_cat","embeddable":true,"href":"https:\/\/hamma-uwt.de\/cs\/wp-json\/wp\/v2\/product_cat?post=14564"},{"taxonomy":"product_tag","embeddable":true,"href":"https:\/\/hamma-uwt.de\/cs\/wp-json\/wp\/v2\/product_tag?post=14564"}],"curies":[{"name":"wp","href":"https:\/\/api.w.org\/{rel}","templated":true}]}}