{"id":14757,"date":"2025-08-11T15:15:13","date_gmt":"2025-08-11T13:15:13","guid":{"rendered":"https:\/\/hamma-uwt.de\/produkt\/saci-hadice-koncentratu\/"},"modified":"2025-08-11T15:15:13","modified_gmt":"2025-08-11T13:15:13","slug":"saci-hadice-koncentratu","status":"publish","type":"product","link":"https:\/\/hamma-uwt.de\/cs\/produkt\/saci-hadice-koncentratu\/","title":{"rendered":"Sac\u00ed hadice koncentr\u00e1tu"},"content":{"rendered":"<p>\u010dern\u00e1, flexibiln\u00ed, snadno pou\u017eiteln\u00e1<\/p>\n","protected":false},"excerpt":{"rendered":"<p>(za metr) P\u0159\u00edslu\u0161enstv\u00ed MISCEO 3<\/p>\n","protected":false},"featured_media":2046,"comment_status":"closed","ping_status":"closed","template":"","meta":{"_acf_changed":false},"product_brand":[],"product_cat":[845,844],"product_tag":[],"class_list":{"0":"post-14757","1":"product","2":"type-product","3":"status-publish","4":"has-post-thumbnail","6":"product_cat-hadice","7":"product_cat-prislusenstvi-misceo","9":"first","10":"instock","11":"shipping-taxable","12":"purchasable","13":"product-type-simple"},"acf":[],"_links":{"self":[{"href":"https:\/\/hamma-uwt.de\/cs\/wp-json\/wp\/v2\/product\/14757","targetHints":{"allow":["GET"]}}],"collection":[{"href":"https:\/\/hamma-uwt.de\/cs\/wp-json\/wp\/v2\/product"}],"about":[{"href":"https:\/\/hamma-uwt.de\/cs\/wp-json\/wp\/v2\/types\/product"}],"replies":[{"embeddable":true,"href":"https:\/\/hamma-uwt.de\/cs\/wp-json\/wp\/v2\/comments?post=14757"}],"wp:featuredmedia":[{"embeddable":true,"href":"https:\/\/hamma-uwt.de\/cs\/wp-json\/wp\/v2\/media\/2046"}],"wp:attachment":[{"href":"https:\/\/hamma-uwt.de\/cs\/wp-json\/wp\/v2\/media?parent=14757"}],"wp:term":[{"taxonomy":"product_brand","embeddable":true,"href":"https:\/\/hamma-uwt.de\/cs\/wp-json\/wp\/v2\/product_brand?post=14757"},{"taxonomy":"product_cat","embeddable":true,"href":"https:\/\/hamma-uwt.de\/cs\/wp-json\/wp\/v2\/product_cat?post=14757"},{"taxonomy":"product_tag","embeddable":true,"href":"https:\/\/hamma-uwt.de\/cs\/wp-json\/wp\/v2\/product_tag?post=14757"}],"curies":[{"name":"wp","href":"https:\/\/api.w.org\/{rel}","templated":true}]}}