{"id":14779,"date":"2025-08-11T15:56:32","date_gmt":"2025-08-11T13:56:32","guid":{"rendered":"https:\/\/hamma-uwt.de\/produkt\/udrzba-small-misceo-3\/"},"modified":"2025-08-11T15:56:32","modified_gmt":"2025-08-11T13:56:32","slug":"udrzba-small-misceo-3","status":"publish","type":"product","link":"https:\/\/hamma-uwt.de\/cs\/produkt\/udrzba-small-misceo-3\/","title":{"rendered":"\u00dadr\u017eba &#8222;SMALL&#8220; MISCEO 3"},"content":{"rendered":"<p>Doporu\u010den\u00ed: drobn\u00e1\/ro\u010dn\u00ed \u00fadr\u017eba<\/p>\n","protected":false},"excerpt":{"rendered":"<p>Doporu\u010den\u00ed: drobn\u00e1\/ro\u010dn\u00ed \u00fadr\u017eba<\/p>\n","protected":false},"featured_media":5799,"comment_status":"closed","ping_status":"closed","template":"","meta":{"_acf_changed":false},"product_brand":[],"product_cat":[844,903],"product_tag":[],"class_list":{"0":"post-14779","1":"product","2":"type-product","3":"status-publish","4":"has-post-thumbnail","6":"product_cat-prislusenstvi-misceo","7":"product_cat-udrzba","9":"first","10":"instock","11":"purchasable","12":"product-type-variable"},"acf":[],"_links":{"self":[{"href":"https:\/\/hamma-uwt.de\/cs\/wp-json\/wp\/v2\/product\/14779","targetHints":{"allow":["GET"]}}],"collection":[{"href":"https:\/\/hamma-uwt.de\/cs\/wp-json\/wp\/v2\/product"}],"about":[{"href":"https:\/\/hamma-uwt.de\/cs\/wp-json\/wp\/v2\/types\/product"}],"replies":[{"embeddable":true,"href":"https:\/\/hamma-uwt.de\/cs\/wp-json\/wp\/v2\/comments?post=14779"}],"wp:featuredmedia":[{"embeddable":true,"href":"https:\/\/hamma-uwt.de\/cs\/wp-json\/wp\/v2\/media\/5799"}],"wp:attachment":[{"href":"https:\/\/hamma-uwt.de\/cs\/wp-json\/wp\/v2\/media?parent=14779"}],"wp:term":[{"taxonomy":"product_brand","embeddable":true,"href":"https:\/\/hamma-uwt.de\/cs\/wp-json\/wp\/v2\/product_brand?post=14779"},{"taxonomy":"product_cat","embeddable":true,"href":"https:\/\/hamma-uwt.de\/cs\/wp-json\/wp\/v2\/product_cat?post=14779"},{"taxonomy":"product_tag","embeddable":true,"href":"https:\/\/hamma-uwt.de\/cs\/wp-json\/wp\/v2\/product_tag?post=14779"}],"curies":[{"name":"wp","href":"https:\/\/api.w.org\/{rel}","templated":true}]}}