{"id":14837,"date":"2025-08-11T16:42:15","date_gmt":"2025-08-11T14:42:15","guid":{"rendered":"https:\/\/hamma-uwt.de\/produkt\/bubnovy-vozik-s-pohonem-e-drive\/"},"modified":"2025-08-11T16:42:15","modified_gmt":"2025-08-11T14:42:15","slug":"bubnovy-vozik-s-pohonem-e-drive","status":"publish","type":"product","link":"https:\/\/hamma-uwt.de\/cs\/produkt\/bubnovy-vozik-s-pohonem-e-drive\/","title":{"rendered":"Bubnov\u00fd voz\u00edk s pohonem E-Drive"},"content":{"rendered":"<p>D\u00edky bubnov\u00e9mu voz\u00edku je pln\u011bn\u00ed stroj\u016f velmi rychl\u00e9, snadn\u00e9 a flexibiln\u00ed. Buben s chladic\u00edm mazivem a m\u00edchac\u00ed technikou m\u016f\u017eete v kr\u00e1tk\u00e9m \u010dase p\u0159em\u00edstit p\u0159\u00edmo ke stroji<br \/>\na pohodln\u011b jej naplnit p\u0159\u00edmo na m\u00edst\u011b. Ka\u017ed\u00fd bubnov\u00fd voz\u00edk m\u00e1 hladce se pohybuj\u00edc\u00ed kole\u010dka, bezpe\u010dn\u00fd dr\u017e\u00e1k bubnu a kapacitu 220 litr\u016f, aby byla va\u0161e cesta ke stroji jednoduch\u00e1 a bezpe\u010dn\u00e1. Pokud chcete zv\u00fd\u0161it pohodl\u00ed, vyberte si voz\u00edk na bubny s pohonem E-Drive, se kter\u00fdm budou i del\u0161\u00ed cesty hra\u010dkou.   <\/p>\n<p>Do bubnov\u00e9ho voz\u00edku lze um\u00edstit za\u0159\u00edzen\u00ed Misceo 3 (v\u010detn\u011b baterie), dva hadicov\u00e9 bubny a navij\u00e1k kabelu.<\/p>\n<p>Va\u0161e v\u00fdhody:<\/p>\n<ul>\n<li>Ergonomick\u00e9 \u0159azen\u00ed s pohonem E-Drive<\/li>\n<li>Snadn\u00e9 p\u0159emis\u0165ov\u00e1n\u00ed d\u00edky kole\u010dk\u016fm s hladk\u00fdm chodem<\/li>\n<li>Vysoce kvalitn\u00ed a robustn\u00ed konstrukce<\/li>\n<li>Integrovan\u00e1 odkap\u00e1vac\u00ed miska<\/li>\n<li>Snadn\u00e9 \u010di\u0161t\u011bn\u00ed<\/li>\n<li>Ide\u00e1ln\u011b se hod\u00ed k va\u0161emu za\u0159\u00edzen\u00ed Misceo<\/li>\n<li>Mnoho praktick\u00fdch mo\u017enost\u00ed<\/li>\n<\/ul>\n","protected":false},"excerpt":{"rendered":"<p>\u010dern\u00e1 s odkap\u00e1vac\u00ed miskou, bezpe\u010dnostn\u00edm p\u00e1skem na buben a dr\u017e\u00e1kem pro MISCEO 3<\/p>\n","protected":false},"featured_media":2027,"comment_status":"closed","ping_status":"closed","template":"","meta":{"_acf_changed":false},"product_brand":[],"product_cat":[1919],"product_tag":[],"class_list":{"0":"post-14837","1":"product","2":"type-product","3":"status-publish","4":"has-post-thumbnail","6":"product_cat-vozik-na-sudy","8":"first","9":"instock","10":"purchasable","11":"product-type-simple"},"acf":[],"_links":{"self":[{"href":"https:\/\/hamma-uwt.de\/cs\/wp-json\/wp\/v2\/product\/14837","targetHints":{"allow":["GET"]}}],"collection":[{"href":"https:\/\/hamma-uwt.de\/cs\/wp-json\/wp\/v2\/product"}],"about":[{"href":"https:\/\/hamma-uwt.de\/cs\/wp-json\/wp\/v2\/types\/product"}],"replies":[{"embeddable":true,"href":"https:\/\/hamma-uwt.de\/cs\/wp-json\/wp\/v2\/comments?post=14837"}],"wp:featuredmedia":[{"embeddable":true,"href":"https:\/\/hamma-uwt.de\/cs\/wp-json\/wp\/v2\/media\/2027"}],"wp:attachment":[{"href":"https:\/\/hamma-uwt.de\/cs\/wp-json\/wp\/v2\/media?parent=14837"}],"wp:term":[{"taxonomy":"product_brand","embeddable":true,"href":"https:\/\/hamma-uwt.de\/cs\/wp-json\/wp\/v2\/product_brand?post=14837"},{"taxonomy":"product_cat","embeddable":true,"href":"https:\/\/hamma-uwt.de\/cs\/wp-json\/wp\/v2\/product_cat?post=14837"},{"taxonomy":"product_tag","embeddable":true,"href":"https:\/\/hamma-uwt.de\/cs\/wp-json\/wp\/v2\/product_tag?post=14837"}],"curies":[{"name":"wp","href":"https:\/\/api.w.org\/{rel}","templated":true}]}}