{"id":14881,"date":"2025-08-12T15:46:27","date_gmt":"2025-08-12T13:46:27","guid":{"rendered":"https:\/\/hamma-uwt.de\/produkt\/mikro-200\/"},"modified":"2026-03-12T11:52:31","modified_gmt":"2026-03-12T10:52:31","slug":"mikro-200","status":"publish","type":"product","link":"https:\/\/hamma-uwt.de\/cs\/produkt\/mikro-200\/","title":{"rendered":"MIKRO 200"},"content":{"rendered":"<p>Mikro 200 provzdu\u0161\u0148uje n\u00e1doby o objemu a\u017e 300 litr\u016f.<\/p>\n<p>Mikrovzdu\u0161\u0148ova\u010d poskytuje nejkvalitn\u011bj\u0161\u00ed chladic\u00ed mazivo d\u00edky p\u0159\u00edvodu atmosf\u00e9rick\u00e9ho kysl\u00edku. D\u00edky jednoduch\u00e9 instalaci a obsluze lze mikroaer\u00e1tor rychle p\u0159izp\u016fsobit po\u017eadavk\u016fm va\u0161eho chladic\u00edho maziva. Mikro lze ovl\u00e1dat podle pot\u0159eby pomoc\u00ed \u010dasov\u00e9ho sp\u00edna\u010de. Pomoc\u00ed jeho provzdu\u0161\u0148ovac\u00edch desek se nejjemn\u011bj\u0161\u00ed, definovan\u00e9 bublinky vzduchu vzn\u00e1\u0161ej\u00ed v chladic\u00edm mazivu p\u0159edem stanovenou vztlakovou rychlost\u00ed. To umo\u017e\u0148uje chladic\u00edmu mazivu znovu absorbovat pou\u017eit\u00fd kysl\u00edk a obnovit biobalanc.    <\/p>\n<p>Va\u0161e v\u00fdhody :<\/p>\n<ul>\n<li>Stabiln\u00ed biobalance<\/li>\n<li>Velmi v\u00fdkonn\u00e9 chladic\u00ed mazivo<\/li>\n<li>Nejvy\u0161\u0161\u00ed \u0159ezn\u00e9 \u00fadaje<\/li>\n<li>Dlouh\u00e1 \u017eivotnost va\u0161ich n\u00e1stroj\u016f a stroj\u016f<\/li>\n<li>Vysok\u00e1 hygiena poko\u017eky<\/li>\n<\/ul>\n<p>&nbsp;<\/p>\n<p>Chcete-li dokon\u010dit \u00fadr\u017ebu, zkombinujte mikroperl\u00e1tor s odp\u011b\u0148ova\u010dem oleje Rapid a z\u00edskejte trvale \u010dist\u00e9 a biologicky stabiln\u00ed chladic\u00ed mazivo s optim\u00e1ln\u00edmi v\u00fdrobn\u00edmi vlastnostmi.<\/p>\n","protected":false},"excerpt":{"rendered":"<p>v\u010detn\u011b. Ventila\u010dn\u00ed jednotka s 1 ventila\u010dn\u00edm panelem<\/p>\n","protected":false},"featured_media":14882,"comment_status":"closed","ping_status":"closed","template":"","meta":{"_acf_changed":false},"product_brand":[],"product_cat":[1296],"product_tag":[],"class_list":{"0":"post-14881","1":"product","2":"type-product","3":"status-publish","4":"has-post-thumbnail","6":"product_cat-mikrovzdusnovac","8":"first","9":"instock","10":"shipping-taxable","11":"purchasable","12":"product-type-simple"},"acf":[],"_links":{"self":[{"href":"https:\/\/hamma-uwt.de\/cs\/wp-json\/wp\/v2\/product\/14881","targetHints":{"allow":["GET"]}}],"collection":[{"href":"https:\/\/hamma-uwt.de\/cs\/wp-json\/wp\/v2\/product"}],"about":[{"href":"https:\/\/hamma-uwt.de\/cs\/wp-json\/wp\/v2\/types\/product"}],"replies":[{"embeddable":true,"href":"https:\/\/hamma-uwt.de\/cs\/wp-json\/wp\/v2\/comments?post=14881"}],"wp:featuredmedia":[{"embeddable":true,"href":"https:\/\/hamma-uwt.de\/cs\/wp-json\/wp\/v2\/media\/14882"}],"wp:attachment":[{"href":"https:\/\/hamma-uwt.de\/cs\/wp-json\/wp\/v2\/media?parent=14881"}],"wp:term":[{"taxonomy":"product_brand","embeddable":true,"href":"https:\/\/hamma-uwt.de\/cs\/wp-json\/wp\/v2\/product_brand?post=14881"},{"taxonomy":"product_cat","embeddable":true,"href":"https:\/\/hamma-uwt.de\/cs\/wp-json\/wp\/v2\/product_cat?post=14881"},{"taxonomy":"product_tag","embeddable":true,"href":"https:\/\/hamma-uwt.de\/cs\/wp-json\/wp\/v2\/product_tag?post=14881"}],"curies":[{"name":"wp","href":"https:\/\/api.w.org\/{rel}","templated":true}]}}