{"id":15347,"date":"2025-08-13T12:29:52","date_gmt":"2025-08-13T10:29:52","guid":{"rendered":"https:\/\/hamma-uwt.de\/produkt\/rapid-3-1\/"},"modified":"2025-08-13T12:29:52","modified_gmt":"2025-08-13T10:29:52","slug":"rapid-3-1","status":"publish","type":"product","link":"https:\/\/hamma-uwt.de\/cs\/produkt\/rapid-3-1\/","title":{"rendered":"RAPID 3.1"},"content":{"rendered":"<p>S hadicov\u00fdm odp\u011b\u0148ova\u010dem Rapid 3.1 je odstra\u0148ov\u00e1n\u00ed odpadn\u00edho oleje ze stroj\u016f s plochou a\u017e 15 m\u00b2 rychl\u00e9 a snadn\u00e9. D\u00edky plovouc\u00ed hadici je vhodn\u00fd zejm\u00e9na pro velk\u00e9 a\/nebo \u00fazk\u00e9 n\u00e1doby. <\/p>\n","protected":false},"excerpt":{"rendered":"<p>do 70 \u00b0C, plochy do 15 m\u00b2 (bez odkalovac\u00ed hadice)<\/p>\n","protected":false},"featured_media":4180,"comment_status":"closed","ping_status":"closed","template":"","meta":{"_acf_changed":false},"product_brand":[],"product_cat":[2096],"product_tag":[],"class_list":{"0":"post-15347","1":"product","2":"type-product","3":"status-publish","4":"has-post-thumbnail","6":"product_cat-rapid-3-1","8":"first","9":"instock","10":"purchasable","11":"product-type-variable"},"acf":[],"_links":{"self":[{"href":"https:\/\/hamma-uwt.de\/cs\/wp-json\/wp\/v2\/product\/15347","targetHints":{"allow":["GET"]}}],"collection":[{"href":"https:\/\/hamma-uwt.de\/cs\/wp-json\/wp\/v2\/product"}],"about":[{"href":"https:\/\/hamma-uwt.de\/cs\/wp-json\/wp\/v2\/types\/product"}],"replies":[{"embeddable":true,"href":"https:\/\/hamma-uwt.de\/cs\/wp-json\/wp\/v2\/comments?post=15347"}],"wp:featuredmedia":[{"embeddable":true,"href":"https:\/\/hamma-uwt.de\/cs\/wp-json\/wp\/v2\/media\/4180"}],"wp:attachment":[{"href":"https:\/\/hamma-uwt.de\/cs\/wp-json\/wp\/v2\/media?parent=15347"}],"wp:term":[{"taxonomy":"product_brand","embeddable":true,"href":"https:\/\/hamma-uwt.de\/cs\/wp-json\/wp\/v2\/product_brand?post=15347"},{"taxonomy":"product_cat","embeddable":true,"href":"https:\/\/hamma-uwt.de\/cs\/wp-json\/wp\/v2\/product_cat?post=15347"},{"taxonomy":"product_tag","embeddable":true,"href":"https:\/\/hamma-uwt.de\/cs\/wp-json\/wp\/v2\/product_tag?post=15347"}],"curies":[{"name":"wp","href":"https:\/\/api.w.org\/{rel}","templated":true}]}}