{"id":15409,"date":"2025-08-13T15:11:24","date_gmt":"2025-08-13T13:11:24","guid":{"rendered":"https:\/\/hamma-uwt.de\/produkt\/skimmer-tape-1-1-special\/"},"modified":"2025-08-13T15:11:24","modified_gmt":"2025-08-13T13:11:24","slug":"skimmer-tape-1-1-special","status":"publish","type":"product","link":"https:\/\/hamma-uwt.de\/cs\/produkt\/skimmer-tape-1-1-special\/","title":{"rendered":"Skimmer tape 1.1 Special"},"content":{"rendered":"<p>Na vy\u017e\u00e1d\u00e1n\u00ed (62,50 \u20ac) lze p\u0159idat p\u00e1s o d\u00e9lce 500 mm pro hloubku ponoru 250 mm.<\/p>\n","protected":false},"excerpt":{"rendered":"<p>pro hork\u00e1 m\u00e9dia do 70 \u00b0C, pH 4 - 13, p\u0159\u00edslu\u0161enstv\u00ed RAPID 1.1 Special<\/p>\n","protected":false},"featured_media":3498,"comment_status":"closed","ping_status":"closed","template":"","meta":{"_acf_changed":false},"product_brand":[],"product_cat":[1390],"product_tag":[],"class_list":{"0":"post-15409","1":"product","2":"type-product","3":"status-publish","4":"has-post-thumbnail","6":"product_cat-prislusenstvi-rapid-1-1","8":"first","9":"instock","10":"purchasable","11":"product-type-variable"},"acf":[],"_links":{"self":[{"href":"https:\/\/hamma-uwt.de\/cs\/wp-json\/wp\/v2\/product\/15409","targetHints":{"allow":["GET"]}}],"collection":[{"href":"https:\/\/hamma-uwt.de\/cs\/wp-json\/wp\/v2\/product"}],"about":[{"href":"https:\/\/hamma-uwt.de\/cs\/wp-json\/wp\/v2\/types\/product"}],"replies":[{"embeddable":true,"href":"https:\/\/hamma-uwt.de\/cs\/wp-json\/wp\/v2\/comments?post=15409"}],"wp:featuredmedia":[{"embeddable":true,"href":"https:\/\/hamma-uwt.de\/cs\/wp-json\/wp\/v2\/media\/3498"}],"wp:attachment":[{"href":"https:\/\/hamma-uwt.de\/cs\/wp-json\/wp\/v2\/media?parent=15409"}],"wp:term":[{"taxonomy":"product_brand","embeddable":true,"href":"https:\/\/hamma-uwt.de\/cs\/wp-json\/wp\/v2\/product_brand?post=15409"},{"taxonomy":"product_cat","embeddable":true,"href":"https:\/\/hamma-uwt.de\/cs\/wp-json\/wp\/v2\/product_cat?post=15409"},{"taxonomy":"product_tag","embeddable":true,"href":"https:\/\/hamma-uwt.de\/cs\/wp-json\/wp\/v2\/product_tag?post=15409"}],"curies":[{"name":"wp","href":"https:\/\/api.w.org\/{rel}","templated":true}]}}