{"id":15618,"date":"2025-08-20T08:29:47","date_gmt":"2025-08-20T06:29:47","guid":{"rendered":"https:\/\/hamma-uwt.de\/produkt\/misceo-premium\/"},"modified":"2025-08-20T08:29:47","modified_gmt":"2025-08-20T06:29:47","slug":"misceo-premium","status":"publish","type":"product","link":"https:\/\/hamma-uwt.de\/cs\/produkt\/misceo-premium\/","title":{"rendered":"Misceo Premium"},"content":{"rendered":"<p>Profesion\u00e1ln\u00ed \u0159e\u0161en\u00ed pro m\u00edch\u00e1n\u00ed vodou m\u00edsiteln\u00fdch chladic\u00edch maziv. Jeho jedine\u010dn\u00e1 m\u00edchac\u00ed jednotka a elektronika s jednoduchou navigac\u00ed v menu zaji\u0161\u0165uj\u00ed optim\u00e1ln\u00ed v\u00fdsledky. U\u0161et\u0159\u00edte \u010das i pen\u00edze.  <\/p>\n<p>Va\u0161e v\u00fdhody:<\/p>\n<ul>\n<li>dokonale prom\u00edchan\u00e9<\/li>\n<li>Chladic\u00ed mazivo<\/li>\n<li>P\u0159esn\u00fd v\u00fdsledek m\u00edch\u00e1n\u00ed<\/li>\n<li>Rozpozn\u00e1 pr\u00e1zdn\u00e9 n\u00e1doby<\/li>\n<li>D\u00e9lky flexibiln\u00edch hadic<\/li>\n<li>Automatick\u00e9 vypnut\u00ed<\/li>\n<li>Uzamykateln\u00e9 str\u00e1nky<\/li>\n<li>Automatick\u00e9 pln\u011bn\u00ed stroje<\/li>\n<li>Jednoduch\u00e9 ovl\u00e1d\u00e1n\u00ed<\/li>\n<li>Tankujte jako na \u010derpac\u00ed stanici<\/li>\n<\/ul>\n<p>Provozn\u00ed po\u017eadavky: Syst\u00e9mov\u00fd odlu\u010dova\u010d podle DIN EN 1717<\/p>\n","protected":false},"excerpt":{"rendered":"<p>Pln\u011b elektronicky \u0159\u00edzen\u00e1 sm\u011b\u0161ovac\u00ed jednotka<\/p>\n","protected":false},"featured_media":3962,"comment_status":"closed","ping_status":"closed","template":"","meta":{"_acf_changed":false},"product_brand":[],"product_cat":[1672],"product_tag":[],"class_list":{"0":"post-15618","1":"product","2":"type-product","3":"status-publish","4":"has-post-thumbnail","6":"product_cat-mixer-misceo","8":"first","9":"instock","10":"purchasable","11":"product-type-simple"},"acf":[],"_links":{"self":[{"href":"https:\/\/hamma-uwt.de\/cs\/wp-json\/wp\/v2\/product\/15618","targetHints":{"allow":["GET"]}}],"collection":[{"href":"https:\/\/hamma-uwt.de\/cs\/wp-json\/wp\/v2\/product"}],"about":[{"href":"https:\/\/hamma-uwt.de\/cs\/wp-json\/wp\/v2\/types\/product"}],"replies":[{"embeddable":true,"href":"https:\/\/hamma-uwt.de\/cs\/wp-json\/wp\/v2\/comments?post=15618"}],"wp:featuredmedia":[{"embeddable":true,"href":"https:\/\/hamma-uwt.de\/cs\/wp-json\/wp\/v2\/media\/3962"}],"wp:attachment":[{"href":"https:\/\/hamma-uwt.de\/cs\/wp-json\/wp\/v2\/media?parent=15618"}],"wp:term":[{"taxonomy":"product_brand","embeddable":true,"href":"https:\/\/hamma-uwt.de\/cs\/wp-json\/wp\/v2\/product_brand?post=15618"},{"taxonomy":"product_cat","embeddable":true,"href":"https:\/\/hamma-uwt.de\/cs\/wp-json\/wp\/v2\/product_cat?post=15618"},{"taxonomy":"product_tag","embeddable":true,"href":"https:\/\/hamma-uwt.de\/cs\/wp-json\/wp\/v2\/product_tag?post=15618"}],"curies":[{"name":"wp","href":"https:\/\/api.w.org\/{rel}","templated":true}]}}