{"id":16029,"date":"2025-07-14T11:22:37","date_gmt":"2025-07-14T09:22:37","guid":{"rendered":"https:\/\/hamma-uwt.de\/produkt\/systemovy-oddelovac\/"},"modified":"2025-07-14T11:22:37","modified_gmt":"2025-07-14T09:22:37","slug":"systemovy-oddelovac","status":"publish","type":"product","link":"https:\/\/hamma-uwt.de\/cs\/produkt\/systemovy-oddelovac\/","title":{"rendered":"Syst\u00e9mov\u00fd odd\u011blova\u010d"},"content":{"rendered":"<p>Chra\u0148te pitnou vodu p\u0159ed kontaminac\u00ed pomoc\u00ed<br \/>\nchladic\u00edho maziva. Zejm\u00e9na sm\u011b\u0161ovac\u00ed za\u0159\u00edzen\u00ed a hadice<br \/>\np\u0159edstavuj\u00ed ve firm\u00e1ch bezprost\u0159edn\u00ed riziko. Podle<br \/>\n<strong>vyhl\u00e1\u0161ky o pitn\u00e9 vod\u011b<\/strong> DIN EN 1717 je ka\u017ed\u00fd podnik povinen<br \/>\ndostate\u010dn\u011b chr\u00e1nit sv\u016fj syst\u00e9m pitn\u00e9 vody p\u0159ed kontaminac\u00ed<br \/>\n.  <\/p>\n<p>S t\u00edmto syst\u00e9mov\u00fdm odlu\u010dova\u010dem<br \/>\nzaru\u010dujete tuto ochranu pro chladic\u00ed maziva a dal\u0161\u00ed chemick\u00e9<br \/>\nl\u00e1tky a\u017e do t\u0159\u00eddy nebezpe\u010dnosti 4.<\/p>\n","protected":false},"excerpt":{"rendered":"<p>Pro dodate\u010dnou mont\u00e1\u017e a zaji\u0161t\u011bn\u00ed kohoutku.<\/p>\n","protected":false},"featured_media":3885,"comment_status":"closed","ping_status":"closed","template":"","meta":{"_acf_changed":false},"product_brand":[],"product_cat":[844],"product_tag":[],"class_list":{"0":"post-16029","1":"product","2":"type-product","3":"status-publish","4":"has-post-thumbnail","6":"product_cat-prislusenstvi-misceo","8":"first","9":"instock","10":"purchasable","11":"product-type-variable"},"acf":[],"_links":{"self":[{"href":"https:\/\/hamma-uwt.de\/cs\/wp-json\/wp\/v2\/product\/16029","targetHints":{"allow":["GET"]}}],"collection":[{"href":"https:\/\/hamma-uwt.de\/cs\/wp-json\/wp\/v2\/product"}],"about":[{"href":"https:\/\/hamma-uwt.de\/cs\/wp-json\/wp\/v2\/types\/product"}],"replies":[{"embeddable":true,"href":"https:\/\/hamma-uwt.de\/cs\/wp-json\/wp\/v2\/comments?post=16029"}],"wp:featuredmedia":[{"embeddable":true,"href":"https:\/\/hamma-uwt.de\/cs\/wp-json\/wp\/v2\/media\/3885"}],"wp:attachment":[{"href":"https:\/\/hamma-uwt.de\/cs\/wp-json\/wp\/v2\/media?parent=16029"}],"wp:term":[{"taxonomy":"product_brand","embeddable":true,"href":"https:\/\/hamma-uwt.de\/cs\/wp-json\/wp\/v2\/product_brand?post=16029"},{"taxonomy":"product_cat","embeddable":true,"href":"https:\/\/hamma-uwt.de\/cs\/wp-json\/wp\/v2\/product_cat?post=16029"},{"taxonomy":"product_tag","embeddable":true,"href":"https:\/\/hamma-uwt.de\/cs\/wp-json\/wp\/v2\/product_tag?post=16029"}],"curies":[{"name":"wp","href":"https:\/\/api.w.org\/{rel}","templated":true}]}}