{"id":16407,"date":"2025-07-14T11:22:34","date_gmt":"2025-07-14T09:22:34","guid":{"rendered":"https:\/\/hamma-uwt.de\/produkt\/vazici-valec\/"},"modified":"2025-07-14T11:22:34","modified_gmt":"2025-07-14T09:22:34","slug":"vazici-valec","status":"publish","type":"product","link":"https:\/\/hamma-uwt.de\/cs\/produkt\/vazici-valec\/","title":{"rendered":"V\u00e1\u017eic\u00ed v\u00e1lec"},"content":{"rendered":"","protected":false},"excerpt":{"rendered":"<p>P\u0159\u00edslu\u0161enstv\u00ed RAPID 1.1 \/ 2.1<\/p>\n","protected":false},"featured_media":3453,"comment_status":"closed","ping_status":"closed","template":"","meta":{"_acf_changed":false},"product_brand":[],"product_cat":[1390,702],"product_tag":[],"class_list":{"0":"post-16407","1":"product","2":"type-product","3":"status-publish","4":"has-post-thumbnail","6":"product_cat-prislusenstvi-rapid-1-1","7":"product_cat-prislusenstvi-rapid-2-1","9":"first","10":"instock","11":"purchasable","12":"product-type-variable"},"acf":[],"_links":{"self":[{"href":"https:\/\/hamma-uwt.de\/cs\/wp-json\/wp\/v2\/product\/16407","targetHints":{"allow":["GET"]}}],"collection":[{"href":"https:\/\/hamma-uwt.de\/cs\/wp-json\/wp\/v2\/product"}],"about":[{"href":"https:\/\/hamma-uwt.de\/cs\/wp-json\/wp\/v2\/types\/product"}],"replies":[{"embeddable":true,"href":"https:\/\/hamma-uwt.de\/cs\/wp-json\/wp\/v2\/comments?post=16407"}],"wp:featuredmedia":[{"embeddable":true,"href":"https:\/\/hamma-uwt.de\/cs\/wp-json\/wp\/v2\/media\/3453"}],"wp:attachment":[{"href":"https:\/\/hamma-uwt.de\/cs\/wp-json\/wp\/v2\/media?parent=16407"}],"wp:term":[{"taxonomy":"product_brand","embeddable":true,"href":"https:\/\/hamma-uwt.de\/cs\/wp-json\/wp\/v2\/product_brand?post=16407"},{"taxonomy":"product_cat","embeddable":true,"href":"https:\/\/hamma-uwt.de\/cs\/wp-json\/wp\/v2\/product_cat?post=16407"},{"taxonomy":"product_tag","embeddable":true,"href":"https:\/\/hamma-uwt.de\/cs\/wp-json\/wp\/v2\/product_tag?post=16407"}],"curies":[{"name":"wp","href":"https:\/\/api.w.org\/{rel}","templated":true}]}}