{"id":16852,"date":"2025-07-14T11:22:31","date_gmt":"2025-07-14T09:22:31","guid":{"rendered":"https:\/\/hamma-uwt.de\/produkt\/regulacni-ventil\/"},"modified":"2025-07-14T11:22:31","modified_gmt":"2025-07-14T09:22:31","slug":"regulacni-ventil","status":"publish","type":"product","link":"https:\/\/hamma-uwt.de\/cs\/produkt\/regulacni-ventil\/","title":{"rendered":"Regula\u010dn\u00ed ventil"},"content":{"rendered":"<p>\u0158\u00eddic\u00ed ventil pro regulaci vzduchu pro mikrosyst\u00e9m.<\/p>\n","protected":false},"excerpt":{"rendered":"<p>(4 mm) P\u0159\u00edslu\u0161enstv\u00ed MIKRO<\/p>\n","protected":false},"featured_media":3501,"comment_status":"closed","ping_status":"closed","template":"","meta":{"_acf_changed":false},"product_brand":[],"product_cat":[970],"product_tag":[],"class_list":{"0":"post-16852","1":"product","2":"type-product","3":"status-publish","4":"has-post-thumbnail","6":"product_cat-mikroprislusenstvi","8":"first","9":"instock","10":"purchasable","11":"product-type-variable"},"acf":[],"_links":{"self":[{"href":"https:\/\/hamma-uwt.de\/cs\/wp-json\/wp\/v2\/product\/16852","targetHints":{"allow":["GET"]}}],"collection":[{"href":"https:\/\/hamma-uwt.de\/cs\/wp-json\/wp\/v2\/product"}],"about":[{"href":"https:\/\/hamma-uwt.de\/cs\/wp-json\/wp\/v2\/types\/product"}],"replies":[{"embeddable":true,"href":"https:\/\/hamma-uwt.de\/cs\/wp-json\/wp\/v2\/comments?post=16852"}],"wp:featuredmedia":[{"embeddable":true,"href":"https:\/\/hamma-uwt.de\/cs\/wp-json\/wp\/v2\/media\/3501"}],"wp:attachment":[{"href":"https:\/\/hamma-uwt.de\/cs\/wp-json\/wp\/v2\/media?parent=16852"}],"wp:term":[{"taxonomy":"product_brand","embeddable":true,"href":"https:\/\/hamma-uwt.de\/cs\/wp-json\/wp\/v2\/product_brand?post=16852"},{"taxonomy":"product_cat","embeddable":true,"href":"https:\/\/hamma-uwt.de\/cs\/wp-json\/wp\/v2\/product_cat?post=16852"},{"taxonomy":"product_tag","embeddable":true,"href":"https:\/\/hamma-uwt.de\/cs\/wp-json\/wp\/v2\/product_tag?post=16852"}],"curies":[{"name":"wp","href":"https:\/\/api.w.org\/{rel}","templated":true}]}}