{"id":17221,"date":"2025-07-14T12:06:44","date_gmt":"2025-07-14T10:06:44","guid":{"rendered":"https:\/\/hamma-uwt.de\/produkt\/pochoden\/"},"modified":"2025-07-14T12:06:44","modified_gmt":"2025-07-14T10:06:44","slug":"pochoden","status":"publish","type":"product","link":"https:\/\/hamma-uwt.de\/cs\/produkt\/pochoden\/","title":{"rendered":"Pochode\u0148"},"content":{"rendered":"<p>Titanov\u00e9 sv\u00edtilny LED<\/p>\n","protected":false},"excerpt":{"rendered":"<p>v\u010detn\u011b. 3 baterie AAA<\/p>\n","protected":false},"featured_media":2521,"comment_status":"closed","ping_status":"closed","template":"","meta":{"_acf_changed":false},"product_brand":[],"product_cat":[1039],"product_tag":[],"class_list":{"0":"post-17221","1":"product","2":"type-product","3":"status-publish","4":"has-post-thumbnail","6":"product_cat-prislusenstvi-testovaciho-pripadu","8":"first","9":"instock","10":"purchasable","11":"product-type-simple"},"acf":[],"_links":{"self":[{"href":"https:\/\/hamma-uwt.de\/cs\/wp-json\/wp\/v2\/product\/17221","targetHints":{"allow":["GET"]}}],"collection":[{"href":"https:\/\/hamma-uwt.de\/cs\/wp-json\/wp\/v2\/product"}],"about":[{"href":"https:\/\/hamma-uwt.de\/cs\/wp-json\/wp\/v2\/types\/product"}],"replies":[{"embeddable":true,"href":"https:\/\/hamma-uwt.de\/cs\/wp-json\/wp\/v2\/comments?post=17221"}],"wp:featuredmedia":[{"embeddable":true,"href":"https:\/\/hamma-uwt.de\/cs\/wp-json\/wp\/v2\/media\/2521"}],"wp:attachment":[{"href":"https:\/\/hamma-uwt.de\/cs\/wp-json\/wp\/v2\/media?parent=17221"}],"wp:term":[{"taxonomy":"product_brand","embeddable":true,"href":"https:\/\/hamma-uwt.de\/cs\/wp-json\/wp\/v2\/product_brand?post=17221"},{"taxonomy":"product_cat","embeddable":true,"href":"https:\/\/hamma-uwt.de\/cs\/wp-json\/wp\/v2\/product_cat?post=17221"},{"taxonomy":"product_tag","embeddable":true,"href":"https:\/\/hamma-uwt.de\/cs\/wp-json\/wp\/v2\/product_tag?post=17221"}],"curies":[{"name":"wp","href":"https:\/\/api.w.org\/{rel}","templated":true}]}}