{"id":17350,"date":"2025-07-14T11:22:37","date_gmt":"2025-07-14T09:22:37","guid":{"rendered":"https:\/\/hamma-uwt.de\/produkt\/hadicova-svorka\/"},"modified":"2025-07-14T11:22:37","modified_gmt":"2025-07-14T09:22:37","slug":"hadicova-svorka","status":"publish","type":"product","link":"https:\/\/hamma-uwt.de\/cs\/produkt\/hadicova-svorka\/","title":{"rendered":"Hadicov\u00e1 svorka"},"content":{"rendered":"","protected":false},"excerpt":{"rendered":"<p>Dvouuch\u00e1 hadicov\u00e1 spona 23 - 27 mm, pozinkovan\u00e1 ocel, \u0161\u00ed\u0159ka p\u00e1su 10 mm<\/p>\n","protected":false},"featured_media":1084,"comment_status":"closed","ping_status":"closed","template":"","meta":{"_acf_changed":false},"product_brand":[],"product_cat":[1038],"product_tag":[],"class_list":{"0":"post-17350","1":"product","2":"type-product","3":"status-publish","4":"has-post-thumbnail","6":"product_cat-nahradni-dily-clean-tower","8":"first","9":"instock","10":"purchasable","11":"product-type-simple"},"acf":[],"_links":{"self":[{"href":"https:\/\/hamma-uwt.de\/cs\/wp-json\/wp\/v2\/product\/17350","targetHints":{"allow":["GET"]}}],"collection":[{"href":"https:\/\/hamma-uwt.de\/cs\/wp-json\/wp\/v2\/product"}],"about":[{"href":"https:\/\/hamma-uwt.de\/cs\/wp-json\/wp\/v2\/types\/product"}],"replies":[{"embeddable":true,"href":"https:\/\/hamma-uwt.de\/cs\/wp-json\/wp\/v2\/comments?post=17350"}],"wp:featuredmedia":[{"embeddable":true,"href":"https:\/\/hamma-uwt.de\/cs\/wp-json\/wp\/v2\/media\/1084"}],"wp:attachment":[{"href":"https:\/\/hamma-uwt.de\/cs\/wp-json\/wp\/v2\/media?parent=17350"}],"wp:term":[{"taxonomy":"product_brand","embeddable":true,"href":"https:\/\/hamma-uwt.de\/cs\/wp-json\/wp\/v2\/product_brand?post=17350"},{"taxonomy":"product_cat","embeddable":true,"href":"https:\/\/hamma-uwt.de\/cs\/wp-json\/wp\/v2\/product_cat?post=17350"},{"taxonomy":"product_tag","embeddable":true,"href":"https:\/\/hamma-uwt.de\/cs\/wp-json\/wp\/v2\/product_tag?post=17350"}],"curies":[{"name":"wp","href":"https:\/\/api.w.org\/{rel}","templated":true}]}}