{"id":17409,"date":"2025-07-14T12:06:39","date_gmt":"2025-07-14T10:06:39","guid":{"rendered":"https:\/\/hamma-uwt.de\/produkt\/clean-tower-150\/"},"modified":"2025-07-14T12:06:39","modified_gmt":"2025-07-14T10:06:39","slug":"clean-tower-150","status":"publish","type":"product","link":"https:\/\/hamma-uwt.de\/cs\/produkt\/clean-tower-150\/","title":{"rendered":"CLEAN-TOWER 150"},"content":{"rendered":"<p>Clean-Tower 150 v\u00e1m nab\u00edz\u00ed kompletn\u00ed p\u00e9\u010di o chladic\u00ed mazivo. D\u00edky pou\u017eit\u00ed flotace rozpu\u0161t\u011bn\u00e9ho vzduchu jsou za\u0161l\u00e9 oleje, suspendovan\u00e9 \u010d\u00e1stice a nedostatek kysl\u00edku minulost\u00ed. <\/p>\n<p>Mobiln\u00ed \u010distic\u00ed syst\u00e9m nas\u00e1v\u00e1 zne\u010di\u0161t\u011bn\u00e9 chladic\u00ed mazivo z povrchu a p\u0159en\u00e1\u0161\u00ed je do komory reaktoru. CLEAN-TOWER vyn\u00e1\u0161\u00ed ciz\u00ed oleje<br \/>\na suspendovan\u00e9 \u010d\u00e1stice na povrch pomoc\u00ed p\u0159iv\u00e1d\u011bn\u00e9ho vzduchu, p\u0159en\u00e1\u0161\u00ed je do integrovan\u00e9 n\u00e1dr\u017ee na ne\u010distoty, obohacuje chladic\u00ed mazivo kysl\u00edkem a vrac\u00ed je zp\u011bt do v\u00fdrobn\u00edho stroje. V budoucnu budete trvale pracovat s vysoce v\u00fdkonn\u00fdm a zdrav\u00fdm chladic\u00edm mazivem bez kompromis\u016f!  <\/p>\n<p>&nbsp;<\/p>\n<p>Va\u0161e v\u00fdhody:<\/p>\n<ul>\n<li>Sni\u017euje provozn\u00ed n\u00e1klady<\/li>\n<li>Prodlou\u017een\u00e1 \u017eivotnost maziva pro n\u00e1stroje, stroje a chlazen\u00ed<\/li>\n<li>zlep\u0161uje kvalitu v\u00fdroby<\/li>\n<li>zvy\u0161uje rychlost v\u00fdroby<\/li>\n<li>Zabra\u0148uje vzniku nep\u0159\u00edjemn\u00fdch pach\u016f<\/li>\n<li>Jasn\u00fd v\u00fdhled do stroje<\/li>\n<li>Zvy\u0161uje hygienu a spokojenost zam\u011bstnanc\u016f<\/li>\n<\/ul>\n<p>&nbsp;<\/p>\n","protected":false},"excerpt":{"rendered":"<p>v\u010detn\u011b. Potrub\u00ed \/ trubky a sac\u00ed plov\u00e1k AS 100<\/p>\n","protected":false},"featured_media":2049,"comment_status":"closed","ping_status":"closed","template":"","meta":{"_acf_changed":false},"product_brand":[],"product_cat":[2180],"product_tag":[],"class_list":{"0":"post-17409","1":"product","2":"type-product","3":"status-publish","4":"has-post-thumbnail","6":"product_cat-cista-vez","8":"first","9":"instock","10":"purchasable","11":"product-type-simple"},"acf":[],"_links":{"self":[{"href":"https:\/\/hamma-uwt.de\/cs\/wp-json\/wp\/v2\/product\/17409","targetHints":{"allow":["GET"]}}],"collection":[{"href":"https:\/\/hamma-uwt.de\/cs\/wp-json\/wp\/v2\/product"}],"about":[{"href":"https:\/\/hamma-uwt.de\/cs\/wp-json\/wp\/v2\/types\/product"}],"replies":[{"embeddable":true,"href":"https:\/\/hamma-uwt.de\/cs\/wp-json\/wp\/v2\/comments?post=17409"}],"wp:featuredmedia":[{"embeddable":true,"href":"https:\/\/hamma-uwt.de\/cs\/wp-json\/wp\/v2\/media\/2049"}],"wp:attachment":[{"href":"https:\/\/hamma-uwt.de\/cs\/wp-json\/wp\/v2\/media?parent=17409"}],"wp:term":[{"taxonomy":"product_brand","embeddable":true,"href":"https:\/\/hamma-uwt.de\/cs\/wp-json\/wp\/v2\/product_brand?post=17409"},{"taxonomy":"product_cat","embeddable":true,"href":"https:\/\/hamma-uwt.de\/cs\/wp-json\/wp\/v2\/product_cat?post=17409"},{"taxonomy":"product_tag","embeddable":true,"href":"https:\/\/hamma-uwt.de\/cs\/wp-json\/wp\/v2\/product_tag?post=17409"}],"curies":[{"name":"wp","href":"https:\/\/api.w.org\/{rel}","templated":true}]}}