{"id":17502,"date":"2025-07-14T12:06:39","date_gmt":"2025-07-14T10:06:39","guid":{"rendered":"https:\/\/hamma-uwt.de\/produkt\/rubi\/"},"modified":"2025-07-14T12:06:39","modified_gmt":"2025-07-14T10:06:39","slug":"rubi","status":"publish","type":"product","link":"https:\/\/hamma-uwt.de\/cs\/produkt\/rubi\/","title":{"rendered":"RUBI"},"content":{"rendered":"<p>Odkap\u00e1vac\u00ed miska Rubi na za\u0161l\u00fd olej je robustn\u00ed odkap\u00e1vac\u00ed miska o objemu 1,8 litru.<\/p>\n<p>Integrovan\u00e1 ochrana proti p\u0159ete\u010den\u00ed zabra\u0148uje p\u0159ete\u010den\u00ed n\u00e1doby. Pokud se n\u00e1doba Rubi nevypr\u00e1zdn\u00ed, p\u0159ebyte\u010dn\u00e9 mno\u017estv\u00ed se vr\u00e1t\u00ed zp\u011bt do stroje prost\u0159ednictv\u00edm funkce dekant\u00e9ru. Vyprazd\u0148ov\u00e1n\u00ed n\u00e1doby Rubi je d\u00edky jej\u00ed d\u016fmysln\u00e9 konstrukci velmi rychl\u00e9 a snadn\u00e9. Ke stroji ji lze p\u0159ipojit snadno a rychle - bez vrt\u00e1n\u00ed a \u0161roub\u016f.   <\/p>\n","protected":false},"excerpt":{"rendered":"<p>Sb\u011brn\u00e1 n\u00e1doba na odpadn\u00ed olej v\u010detn\u011b ochrany proti p\u0159ete\u010den\u00ed, p\u0159\u00edslu\u0161enstv\u00ed pro v\u0161echny odp\u011b\u0148ova\u010de oleje RAPID <\/p>\n","protected":false},"featured_media":3430,"comment_status":"closed","ping_status":"closed","template":"","meta":{"_acf_changed":false},"product_brand":[],"product_cat":[2390],"product_tag":[],"class_list":{"0":"post-17502","1":"product","2":"type-product","3":"status-publish","4":"has-post-thumbnail","6":"product_cat-rychly-odpenovac-oleje","8":"first","9":"instock","10":"purchasable","11":"product-type-simple"},"acf":[],"_links":{"self":[{"href":"https:\/\/hamma-uwt.de\/cs\/wp-json\/wp\/v2\/product\/17502","targetHints":{"allow":["GET"]}}],"collection":[{"href":"https:\/\/hamma-uwt.de\/cs\/wp-json\/wp\/v2\/product"}],"about":[{"href":"https:\/\/hamma-uwt.de\/cs\/wp-json\/wp\/v2\/types\/product"}],"replies":[{"embeddable":true,"href":"https:\/\/hamma-uwt.de\/cs\/wp-json\/wp\/v2\/comments?post=17502"}],"wp:featuredmedia":[{"embeddable":true,"href":"https:\/\/hamma-uwt.de\/cs\/wp-json\/wp\/v2\/media\/3430"}],"wp:attachment":[{"href":"https:\/\/hamma-uwt.de\/cs\/wp-json\/wp\/v2\/media?parent=17502"}],"wp:term":[{"taxonomy":"product_brand","embeddable":true,"href":"https:\/\/hamma-uwt.de\/cs\/wp-json\/wp\/v2\/product_brand?post=17502"},{"taxonomy":"product_cat","embeddable":true,"href":"https:\/\/hamma-uwt.de\/cs\/wp-json\/wp\/v2\/product_cat?post=17502"},{"taxonomy":"product_tag","embeddable":true,"href":"https:\/\/hamma-uwt.de\/cs\/wp-json\/wp\/v2\/product_tag?post=17502"}],"curies":[{"name":"wp","href":"https:\/\/api.w.org\/{rel}","templated":true}]}}