{"id":17593,"date":"2025-07-14T12:06:44","date_gmt":"2025-07-14T10:06:44","guid":{"rendered":"https:\/\/hamma-uwt.de\/produkt\/plnici-pistole\/"},"modified":"2025-07-14T12:06:44","modified_gmt":"2025-07-14T10:06:44","slug":"plnici-pistole","status":"publish","type":"product","link":"https:\/\/hamma-uwt.de\/cs\/produkt\/plnici-pistole\/","title":{"rendered":"Plnic\u00ed pistole"},"content":{"rendered":"<p>Plnic\u00ed pistole pro Misceo s automatick\u00fdm vyp\u00edn\u00e1n\u00edm<\/p>\n<ul>\n<li>P\u0159ipojovac\u00ed z\u00e1vit na plnic\u00ed pistoli -&gt; 3\/4 &#8222;i (vnit\u0159n\u00ed z\u00e1vit)<\/li>\n<li>P\u0159ipojovac\u00ed z\u00e1vit na hadici -&gt; 1\/2&#8243; i (vnit\u0159n\u00ed z\u00e1vit)<\/li>\n<\/ul>\n<p>P\u0159edpoklad: Inteligentn\u00ed \u0159\u00edzen\u00ed tlaku<\/p>\n","protected":false},"excerpt":{"rendered":"<p>v\u010detn\u011b. 2 m hadice, p\u0159\u00edslu\u0161enstv\u00ed Misceo 3<\/p>\n","protected":false},"featured_media":3854,"comment_status":"closed","ping_status":"closed","template":"","meta":{"_acf_changed":false},"product_brand":[],"product_cat":[844],"product_tag":[],"class_list":{"0":"post-17593","1":"product","2":"type-product","3":"status-publish","4":"has-post-thumbnail","6":"product_cat-prislusenstvi-misceo","8":"first","9":"instock","10":"purchasable","11":"product-type-simple"},"acf":[],"_links":{"self":[{"href":"https:\/\/hamma-uwt.de\/cs\/wp-json\/wp\/v2\/product\/17593","targetHints":{"allow":["GET"]}}],"collection":[{"href":"https:\/\/hamma-uwt.de\/cs\/wp-json\/wp\/v2\/product"}],"about":[{"href":"https:\/\/hamma-uwt.de\/cs\/wp-json\/wp\/v2\/types\/product"}],"replies":[{"embeddable":true,"href":"https:\/\/hamma-uwt.de\/cs\/wp-json\/wp\/v2\/comments?post=17593"}],"wp:featuredmedia":[{"embeddable":true,"href":"https:\/\/hamma-uwt.de\/cs\/wp-json\/wp\/v2\/media\/3854"}],"wp:attachment":[{"href":"https:\/\/hamma-uwt.de\/cs\/wp-json\/wp\/v2\/media?parent=17593"}],"wp:term":[{"taxonomy":"product_brand","embeddable":true,"href":"https:\/\/hamma-uwt.de\/cs\/wp-json\/wp\/v2\/product_brand?post=17593"},{"taxonomy":"product_cat","embeddable":true,"href":"https:\/\/hamma-uwt.de\/cs\/wp-json\/wp\/v2\/product_cat?post=17593"},{"taxonomy":"product_tag","embeddable":true,"href":"https:\/\/hamma-uwt.de\/cs\/wp-json\/wp\/v2\/product_tag?post=17593"}],"curies":[{"name":"wp","href":"https:\/\/api.w.org\/{rel}","templated":true}]}}