{"id":18081,"date":"2025-07-14T11:22:27","date_gmt":"2025-07-14T09:22:27","guid":{"rendered":"https:\/\/hamma-uwt.de\/produkt\/vyrovnavaci-nadrz-na-vodu\/"},"modified":"2025-07-14T11:22:27","modified_gmt":"2025-07-14T09:22:27","slug":"vyrovnavaci-nadrz-na-vodu","status":"publish","type":"product","link":"https:\/\/hamma-uwt.de\/cs\/produkt\/vyrovnavaci-nadrz-na-vodu\/","title":{"rendered":"Vyrovn\u00e1vac\u00ed n\u00e1dr\u017e na vodu"},"content":{"rendered":"","protected":false},"excerpt":{"rendered":"<p>18 l, G3\/4&#8243;, pr\u016fto\u010dn\u00fd<\/p>\n","protected":false},"featured_media":4218,"comment_status":"closed","ping_status":"closed","template":"","meta":{"_acf_changed":false},"product_brand":[],"product_cat":[780],"product_tag":[],"class_list":{"0":"post-18081","1":"product","2":"type-product","3":"status-publish","4":"has-post-thumbnail","6":"product_cat-prislusenstvi-fue-1","8":"first","9":"instock","10":"purchasable","11":"product-type-variable"},"acf":[],"_links":{"self":[{"href":"https:\/\/hamma-uwt.de\/cs\/wp-json\/wp\/v2\/product\/18081","targetHints":{"allow":["GET"]}}],"collection":[{"href":"https:\/\/hamma-uwt.de\/cs\/wp-json\/wp\/v2\/product"}],"about":[{"href":"https:\/\/hamma-uwt.de\/cs\/wp-json\/wp\/v2\/types\/product"}],"replies":[{"embeddable":true,"href":"https:\/\/hamma-uwt.de\/cs\/wp-json\/wp\/v2\/comments?post=18081"}],"wp:featuredmedia":[{"embeddable":true,"href":"https:\/\/hamma-uwt.de\/cs\/wp-json\/wp\/v2\/media\/4218"}],"wp:attachment":[{"href":"https:\/\/hamma-uwt.de\/cs\/wp-json\/wp\/v2\/media?parent=18081"}],"wp:term":[{"taxonomy":"product_brand","embeddable":true,"href":"https:\/\/hamma-uwt.de\/cs\/wp-json\/wp\/v2\/product_brand?post=18081"},{"taxonomy":"product_cat","embeddable":true,"href":"https:\/\/hamma-uwt.de\/cs\/wp-json\/wp\/v2\/product_cat?post=18081"},{"taxonomy":"product_tag","embeddable":true,"href":"https:\/\/hamma-uwt.de\/cs\/wp-json\/wp\/v2\/product_tag?post=18081"}],"curies":[{"name":"wp","href":"https:\/\/api.w.org\/{rel}","templated":true}]}}