{"id":18194,"date":"2025-07-14T12:06:39","date_gmt":"2025-07-14T10:06:39","guid":{"rendered":"https:\/\/hamma-uwt.de\/produkt\/odsavaci-system-as-200\/"},"modified":"2025-07-14T12:06:39","modified_gmt":"2025-07-14T10:06:39","slug":"odsavaci-system-as-200","status":"publish","type":"product","link":"https:\/\/hamma-uwt.de\/cs\/produkt\/odsavaci-system-as-200\/","title":{"rendered":"Ods\u00e1vac\u00ed syst\u00e9m AS 200"},"content":{"rendered":"<p>AS 200 je v\u00e1\u0161 flexibiln\u00ed ods\u00e1vac\u00ed syst\u00e9m, kter\u00fd lze pou\u017e\u00edt i v t\u011b\u017eko p\u0159\u00edstupn\u00fdch a \u00fazk\u00fdch n\u00e1dr\u017e\u00edch.<\/p>\n","protected":false},"excerpt":{"rendered":"<p>Pro mal\u00e9 a \u00fazk\u00e9 otvory<\/p>\n","protected":false},"featured_media":1003,"comment_status":"closed","ping_status":"closed","template":"","meta":{"_acf_changed":false},"product_brand":[],"product_cat":[982],"product_tag":[],"class_list":{"0":"post-18194","1":"product","2":"type-product","3":"status-publish","4":"has-post-thumbnail","6":"product_cat-prislusenstvi-clean-tower","8":"first","9":"instock","10":"purchasable","11":"product-type-simple"},"acf":[],"_links":{"self":[{"href":"https:\/\/hamma-uwt.de\/cs\/wp-json\/wp\/v2\/product\/18194","targetHints":{"allow":["GET"]}}],"collection":[{"href":"https:\/\/hamma-uwt.de\/cs\/wp-json\/wp\/v2\/product"}],"about":[{"href":"https:\/\/hamma-uwt.de\/cs\/wp-json\/wp\/v2\/types\/product"}],"replies":[{"embeddable":true,"href":"https:\/\/hamma-uwt.de\/cs\/wp-json\/wp\/v2\/comments?post=18194"}],"wp:featuredmedia":[{"embeddable":true,"href":"https:\/\/hamma-uwt.de\/cs\/wp-json\/wp\/v2\/media\/1003"}],"wp:attachment":[{"href":"https:\/\/hamma-uwt.de\/cs\/wp-json\/wp\/v2\/media?parent=18194"}],"wp:term":[{"taxonomy":"product_brand","embeddable":true,"href":"https:\/\/hamma-uwt.de\/cs\/wp-json\/wp\/v2\/product_brand?post=18194"},{"taxonomy":"product_cat","embeddable":true,"href":"https:\/\/hamma-uwt.de\/cs\/wp-json\/wp\/v2\/product_cat?post=18194"},{"taxonomy":"product_tag","embeddable":true,"href":"https:\/\/hamma-uwt.de\/cs\/wp-json\/wp\/v2\/product_tag?post=18194"}],"curies":[{"name":"wp","href":"https:\/\/api.w.org\/{rel}","templated":true}]}}