{"id":18206,"date":"2025-07-14T12:06:39","date_gmt":"2025-07-14T10:06:39","guid":{"rendered":"https:\/\/hamma-uwt.de\/produkt\/magneticke-koste\/"},"modified":"2025-07-14T12:06:39","modified_gmt":"2025-07-14T10:06:39","slug":"magneticke-koste","status":"publish","type":"product","link":"https:\/\/hamma-uwt.de\/cs\/produkt\/magneticke-koste\/","title":{"rendered":"Magnetick\u00e9 ko\u0161t\u011b"},"content":{"rendered":"<p>D\u00edky v\u00fdkonn\u00e9mu smet\u00e1ku s vysokou sb\u011brnou kapacitou a celkovou \u0161\u00ed\u0159kou 400 mm m\u016f\u017eete s magnetick\u00fdm smet\u00e1kem rychle, snadno a spolehliv\u011b \u010distit podlahov\u00e9 plochy a pracovn\u00ed prost\u0159ed\u00ed. D\u00edky praktick\u00e9 rukojeti budete m\u00edt magnetick\u00fd smet\u00e1k pevn\u011b v ruce a m\u016f\u017eete jej bezpe\u010dn\u011b v\u00e9st k t\u0159\u00edsk\u00e1m a p\u0159itahovat je. Zat\u00e1hnut\u00edm za jezdec magnetismus zmiz\u00ed a p\u0159itahovan\u00e9 t\u0159\u00edsky jednodu\u0161e odpadnou.<br \/>\n\u010cist\u00fd povrch podlahy zvy\u0161uje kvalitu a bezpe\u010dnost va\u0161\u00ed firmy a udr\u017euje pracovn\u00ed prost\u0159ed\u00ed \u010dist\u00e9 a hygienick\u00e9.<br \/>\nMagnetick\u00fd smet\u00e1k v\u00e1m tak\u00e9 pom\u016f\u017ee sb\u00edrat drobn\u00e9 magnetick\u00e9 p\u0159edm\u011bty a odd\u011blovat magnetick\u00e9 a nemagnetick\u00e9 pr\u016fmyslov\u00e9 d\u00edly.  <\/p>\n<p>Magnetick\u00fd smet\u00e1k lze prodlou\u017eit z 800 mm na celkovou v\u00fd\u0161ku 1120 mm. To umo\u017e\u0148uje p\u0159izp\u016fsobit magnetick\u00fd smet\u00e1k va\u0161im individu\u00e1ln\u00edm po\u017eadavk\u016fm. <\/p>\n","protected":false},"excerpt":{"rendered":"<p>s teleskopickou n\u00e1sadou, \u0161\u00ed\u0159ka ko\u0161t\u011bte 400 mm, celkov\u00e1 v\u00fd\u0161ka max. 1120 mm <\/p>\n","protected":false},"featured_media":3795,"comment_status":"closed","ping_status":"closed","template":"","meta":{"_acf_changed":false},"product_brand":[],"product_cat":[1392,911],"product_tag":[],"class_list":{"0":"post-18206","1":"product","2":"type-product","3":"status-publish","4":"has-post-thumbnail","6":"product_cat-chip-maxx-a-magneticke-koste","7":"product_cat-silni-pomocnici","9":"first","10":"instock","11":"purchasable","12":"product-type-simple"},"acf":[],"_links":{"self":[{"href":"https:\/\/hamma-uwt.de\/cs\/wp-json\/wp\/v2\/product\/18206","targetHints":{"allow":["GET"]}}],"collection":[{"href":"https:\/\/hamma-uwt.de\/cs\/wp-json\/wp\/v2\/product"}],"about":[{"href":"https:\/\/hamma-uwt.de\/cs\/wp-json\/wp\/v2\/types\/product"}],"replies":[{"embeddable":true,"href":"https:\/\/hamma-uwt.de\/cs\/wp-json\/wp\/v2\/comments?post=18206"}],"wp:featuredmedia":[{"embeddable":true,"href":"https:\/\/hamma-uwt.de\/cs\/wp-json\/wp\/v2\/media\/3795"}],"wp:attachment":[{"href":"https:\/\/hamma-uwt.de\/cs\/wp-json\/wp\/v2\/media?parent=18206"}],"wp:term":[{"taxonomy":"product_brand","embeddable":true,"href":"https:\/\/hamma-uwt.de\/cs\/wp-json\/wp\/v2\/product_brand?post=18206"},{"taxonomy":"product_cat","embeddable":true,"href":"https:\/\/hamma-uwt.de\/cs\/wp-json\/wp\/v2\/product_cat?post=18206"},{"taxonomy":"product_tag","embeddable":true,"href":"https:\/\/hamma-uwt.de\/cs\/wp-json\/wp\/v2\/product_tag?post=18206"}],"curies":[{"name":"wp","href":"https:\/\/api.w.org\/{rel}","templated":true}]}}