{"id":18466,"date":"2025-07-14T12:06:39","date_gmt":"2025-07-14T10:06:39","guid":{"rendered":"https:\/\/hamma-uwt.de\/produkt\/rapid-4\/"},"modified":"2025-07-14T12:06:39","modified_gmt":"2025-07-14T10:06:39","slug":"rapid-4","status":"publish","type":"product","link":"https:\/\/hamma-uwt.de\/cs\/produkt\/rapid-4\/","title":{"rendered":"RAPID 4"},"content":{"rendered":"<p>S kotou\u010dov\u00fdm odp\u011b\u0148ova\u010dem Rapid 4 je odstra\u0148ov\u00e1n\u00ed odpadn\u00edho oleje z chladic\u00edho maziva ze stroj\u016f s plochou a\u017e 2 m\u00b2 rychl\u00e9 a snadn\u00e9. Jedn\u00e1 se o flexibiln\u00ed za\u0159\u00edzen\u00ed pro mal\u00e9 stroje s otev\u0159en\u00fdmi n\u00e1dr\u017eemi. <\/p>\n","protected":false},"excerpt":{"rendered":"<p>Diskov\u00fd odp\u011b\u0148ova\u010d pro plochy do 2 m\u00b2, v\u010detn\u011b odp\u011b\u0148ovac\u00edho disku a upev\u0148ovac\u00edho magnetu <\/p>\n","protected":false},"featured_media":4185,"comment_status":"closed","ping_status":"closed","template":"","meta":{"_acf_changed":false},"product_brand":[],"product_cat":[2509],"product_tag":[],"class_list":{"0":"post-18466","1":"product","2":"type-product","3":"status-publish","4":"has-post-thumbnail","6":"product_cat-rapid-4","8":"first","9":"instock","10":"purchasable","11":"product-type-simple"},"acf":[],"_links":{"self":[{"href":"https:\/\/hamma-uwt.de\/cs\/wp-json\/wp\/v2\/product\/18466","targetHints":{"allow":["GET"]}}],"collection":[{"href":"https:\/\/hamma-uwt.de\/cs\/wp-json\/wp\/v2\/product"}],"about":[{"href":"https:\/\/hamma-uwt.de\/cs\/wp-json\/wp\/v2\/types\/product"}],"replies":[{"embeddable":true,"href":"https:\/\/hamma-uwt.de\/cs\/wp-json\/wp\/v2\/comments?post=18466"}],"wp:featuredmedia":[{"embeddable":true,"href":"https:\/\/hamma-uwt.de\/cs\/wp-json\/wp\/v2\/media\/4185"}],"wp:attachment":[{"href":"https:\/\/hamma-uwt.de\/cs\/wp-json\/wp\/v2\/media?parent=18466"}],"wp:term":[{"taxonomy":"product_brand","embeddable":true,"href":"https:\/\/hamma-uwt.de\/cs\/wp-json\/wp\/v2\/product_brand?post=18466"},{"taxonomy":"product_cat","embeddable":true,"href":"https:\/\/hamma-uwt.de\/cs\/wp-json\/wp\/v2\/product_cat?post=18466"},{"taxonomy":"product_tag","embeddable":true,"href":"https:\/\/hamma-uwt.de\/cs\/wp-json\/wp\/v2\/product_tag?post=18466"}],"curies":[{"name":"wp","href":"https:\/\/api.w.org\/{rel}","templated":true}]}}