{"id":19721,"date":"2025-07-14T11:22:12","date_gmt":"2025-07-14T09:22:12","guid":{"rendered":"https:\/\/hamma-uwt.de\/produkt\/rapid-5\/"},"modified":"2025-07-14T11:22:12","modified_gmt":"2025-07-14T09:22:12","slug":"rapid-5","status":"publish","type":"product","link":"https:\/\/hamma-uwt.de\/cs\/produkt\/rapid-5\/","title":{"rendered":"RAPID 5"},"content":{"rendered":"<p>Rapid 5 je p\u00e1sov\u00fd odp\u011b\u0148ova\u010d s nastaviteln\u00fdm ramenem a magnetick\u00fdm dr\u017e\u00e1kem, kter\u00fd je v\u00fdkonn\u00fd, flexibiln\u00ed a snadno se pou\u017e\u00edv\u00e1 i v t\u011b\u017eko p\u0159\u00edstupn\u00fdch n\u00e1dob\u00e1ch. Je vhodn\u00fd pro plochy do 2 m\u00b2. <\/p>\n","protected":false},"excerpt":{"rendered":"<p>P\u00e1sov\u00fd odp\u011b\u0148ova\u010d pro chlazen\u00ed maziv, plochy do 2 m\u00b2, v\u010detn\u011b odp\u011b\u0148ovac\u00edch p\u00e1s\u016f <\/p>\n","protected":false},"featured_media":3811,"comment_status":"closed","ping_status":"closed","template":"","meta":{"_acf_changed":false},"product_brand":[],"product_cat":[1705],"product_tag":[],"class_list":{"0":"post-19721","1":"product","2":"type-product","3":"status-publish","4":"has-post-thumbnail","6":"product_cat-rapid-5","8":"first","9":"instock","10":"purchasable","11":"product-type-variable","12":"has-default-attributes"},"acf":[],"_links":{"self":[{"href":"https:\/\/hamma-uwt.de\/cs\/wp-json\/wp\/v2\/product\/19721","targetHints":{"allow":["GET"]}}],"collection":[{"href":"https:\/\/hamma-uwt.de\/cs\/wp-json\/wp\/v2\/product"}],"about":[{"href":"https:\/\/hamma-uwt.de\/cs\/wp-json\/wp\/v2\/types\/product"}],"replies":[{"embeddable":true,"href":"https:\/\/hamma-uwt.de\/cs\/wp-json\/wp\/v2\/comments?post=19721"}],"wp:featuredmedia":[{"embeddable":true,"href":"https:\/\/hamma-uwt.de\/cs\/wp-json\/wp\/v2\/media\/3811"}],"wp:attachment":[{"href":"https:\/\/hamma-uwt.de\/cs\/wp-json\/wp\/v2\/media?parent=19721"}],"wp:term":[{"taxonomy":"product_brand","embeddable":true,"href":"https:\/\/hamma-uwt.de\/cs\/wp-json\/wp\/v2\/product_brand?post=19721"},{"taxonomy":"product_cat","embeddable":true,"href":"https:\/\/hamma-uwt.de\/cs\/wp-json\/wp\/v2\/product_cat?post=19721"},{"taxonomy":"product_tag","embeddable":true,"href":"https:\/\/hamma-uwt.de\/cs\/wp-json\/wp\/v2\/product_tag?post=19721"}],"curies":[{"name":"wp","href":"https:\/\/api.w.org\/{rel}","templated":true}]}}