{"id":19967,"date":"2025-07-14T11:22:15","date_gmt":"2025-07-14T09:22:15","guid":{"rendered":"https:\/\/hamma-uwt.de\/produkt\/klic-ibc\/"},"modified":"2025-07-14T11:22:15","modified_gmt":"2025-07-14T09:22:15","slug":"klic-ibc","status":"publish","type":"product","link":"https:\/\/hamma-uwt.de\/cs\/produkt\/klic-ibc\/","title":{"rendered":"Kl\u00ed\u010d IBC"},"content":{"rendered":"<p>Kl\u00ed\u010d IBC pro rychl\u00e9 a snadn\u00e9 otev\u00edr\u00e1n\u00ed kontejner\u016f<\/p>\n<p>S kl\u00ed\u010dem IBC m\u016f\u017eete d\u00edky p\u00e1kov\u00e9mu mechanismu otev\u00edrat a zav\u00edrat kontejnery IBC b\u011bhem chvilky a bez v\u011bt\u0161\u00ed n\u00e1mahy. Optimalizovan\u00e1 konstrukce z robustn\u00ed nerezov\u00e9 oceli zaji\u0161\u0165uje velmi snadn\u00e9, pohodln\u00e9 a ergonomick\u00e9 otev\u00edr\u00e1n\u00ed va\u0161ich IBC kontejner\u016f a kanystr\u016f. Oba otv\u00edra\u010de lze snadno skladovat d\u00edky dob\u0159e um\u00edst\u011bn\u00e9mu otvoru pro upevn\u011bn\u00ed a v p\u0159\u00edpad\u011b pot\u0159eby jsou op\u011bt rychle po ruce.  <\/p>\n<p>Va\u0161e v\u00fdhody<\/p>\n<ul>\n<li>Snadn\u00e9 otev\u00edr\u00e1n\u00ed d\u00edky optimalizovan\u00e9mu<\/li>\n<li>P\u00e1kov\u00fd efekt<\/li>\n<li>Vysoce kvalitn\u00ed proveden\u00ed z nerezov\u00e9 oceli<\/li>\n<li>Robustn\u00ed a praktick\u00e9<\/li>\n<li>Kompaktn\u00ed design<\/li>\n<li>Ergonomick\u00e9<\/li>\n<\/ul>\n","protected":false},"excerpt":{"rendered":"<p>pro otev\u00edr\u00e1n\u00ed kontejner\u016f IBC<\/p>\n","protected":false},"featured_media":3862,"comment_status":"closed","ping_status":"closed","template":"","meta":{"_acf_changed":false},"product_brand":[],"product_cat":[910,844,911],"product_tag":[],"class_list":{"0":"post-19967","1":"product","2":"type-product","3":"status-publish","4":"has-post-thumbnail","6":"product_cat-klic-ke-kontejneru","7":"product_cat-prislusenstvi-misceo","8":"product_cat-silni-pomocnici","10":"first","11":"instock","12":"purchasable","13":"product-type-variable"},"acf":[],"_links":{"self":[{"href":"https:\/\/hamma-uwt.de\/cs\/wp-json\/wp\/v2\/product\/19967","targetHints":{"allow":["GET"]}}],"collection":[{"href":"https:\/\/hamma-uwt.de\/cs\/wp-json\/wp\/v2\/product"}],"about":[{"href":"https:\/\/hamma-uwt.de\/cs\/wp-json\/wp\/v2\/types\/product"}],"replies":[{"embeddable":true,"href":"https:\/\/hamma-uwt.de\/cs\/wp-json\/wp\/v2\/comments?post=19967"}],"wp:featuredmedia":[{"embeddable":true,"href":"https:\/\/hamma-uwt.de\/cs\/wp-json\/wp\/v2\/media\/3862"}],"wp:attachment":[{"href":"https:\/\/hamma-uwt.de\/cs\/wp-json\/wp\/v2\/media?parent=19967"}],"wp:term":[{"taxonomy":"product_brand","embeddable":true,"href":"https:\/\/hamma-uwt.de\/cs\/wp-json\/wp\/v2\/product_brand?post=19967"},{"taxonomy":"product_cat","embeddable":true,"href":"https:\/\/hamma-uwt.de\/cs\/wp-json\/wp\/v2\/product_cat?post=19967"},{"taxonomy":"product_tag","embeddable":true,"href":"https:\/\/hamma-uwt.de\/cs\/wp-json\/wp\/v2\/product_tag?post=19967"}],"curies":[{"name":"wp","href":"https:\/\/api.w.org\/{rel}","templated":true}]}}