{"id":20177,"date":"2025-07-14T11:22:15","date_gmt":"2025-07-14T09:22:15","guid":{"rendered":"https:\/\/hamma-uwt.de\/produkt\/chip-maxx\/"},"modified":"2025-07-14T11:22:15","modified_gmt":"2025-07-14T09:22:15","slug":"chip-maxx","status":"publish","type":"product","link":"https:\/\/hamma-uwt.de\/cs\/produkt\/chip-maxx\/","title":{"rendered":"Chip Maxx"},"content":{"rendered":"<p>D\u00edky siln\u00e9mu magnetu, a tedy velk\u00e9mu sb\u011brn\u00e9mu v\u00fdkonu, m\u016f\u017eete s Chip Maxx rychle, snadno a spolehliv\u011b vy\u010distit n\u00e1dr\u017eku na chladic\u00ed mazivo, stroj i pracovn\u00ed prost\u0159ed\u00ed. Praktick\u00e1 rukoje\u0165 v\u00e1m poskytne pevn\u00fd \u00fachop Sp\u00e4nemaxxu a umo\u017en\u00ed v\u00e1m bezpe\u010dn\u011b jej v\u00e9st k t\u0159\u00edsk\u00e1m a p\u0159itahovat je. Zat\u00e1hnut\u00edm za jezdec magnetismus zmiz\u00ed a p\u0159itahovan\u00e9 t\u0159\u00edsky jednodu\u0161e odpadnou. Vy\u010di\u0161t\u011bn\u00e1 n\u00e1dr\u017eka na chladic\u00ed mazivo zachov\u00e1v\u00e1 zejm\u00e9na kvalitu va\u0161eho chladic\u00edho maziva, \u0161et\u0159\u00ed v\u00e1m n\u00e1klady na stroj a n\u00e1\u0159ad\u00ed a udr\u017euje pracovn\u00ed prost\u0159ed\u00ed hygienick\u00e9.    Sp\u00e4nemaxx v\u00e1m tak\u00e9 pom\u016f\u017ee zvedat mal\u00e9 magnetick\u00e9 p\u0159edm\u011bty a odd\u011blovat magnetick\u00e9 a nemagnetick\u00e9 pr\u016fmyslov\u00e9 d\u00edly.<\/p>\n<p>Chip Maxx je k dispozici v p\u011bti r\u016fzn\u00fdch d\u00e9lk\u00e1ch, tak\u017ee pro sv\u00e9 pou\u017eit\u00ed m\u00e1te v\u017edy ten spr\u00e1vn\u00fd Chip Maxx.<\/p>\n","protected":false},"excerpt":{"rendered":"<p>Magnetick\u00e1 ty\u010d pro odstra\u0148ov\u00e1n\u00ed\/odd\u011blov\u00e1n\u00ed magnetick\u00fdch \u010d\u00e1st\u00ed<\/p>\n","protected":false},"featured_media":3833,"comment_status":"closed","ping_status":"closed","template":"","meta":{"_acf_changed":false},"product_brand":[],"product_cat":[1392,911],"product_tag":[],"class_list":{"0":"post-20177","1":"product","2":"type-product","3":"status-publish","4":"has-post-thumbnail","6":"product_cat-chip-maxx-a-magneticke-koste","7":"product_cat-silni-pomocnici","9":"first","10":"instock","11":"purchasable","12":"product-type-variable"},"acf":[],"_links":{"self":[{"href":"https:\/\/hamma-uwt.de\/cs\/wp-json\/wp\/v2\/product\/20177","targetHints":{"allow":["GET"]}}],"collection":[{"href":"https:\/\/hamma-uwt.de\/cs\/wp-json\/wp\/v2\/product"}],"about":[{"href":"https:\/\/hamma-uwt.de\/cs\/wp-json\/wp\/v2\/types\/product"}],"replies":[{"embeddable":true,"href":"https:\/\/hamma-uwt.de\/cs\/wp-json\/wp\/v2\/comments?post=20177"}],"wp:featuredmedia":[{"embeddable":true,"href":"https:\/\/hamma-uwt.de\/cs\/wp-json\/wp\/v2\/media\/3833"}],"wp:attachment":[{"href":"https:\/\/hamma-uwt.de\/cs\/wp-json\/wp\/v2\/media?parent=20177"}],"wp:term":[{"taxonomy":"product_brand","embeddable":true,"href":"https:\/\/hamma-uwt.de\/cs\/wp-json\/wp\/v2\/product_brand?post=20177"},{"taxonomy":"product_cat","embeddable":true,"href":"https:\/\/hamma-uwt.de\/cs\/wp-json\/wp\/v2\/product_cat?post=20177"},{"taxonomy":"product_tag","embeddable":true,"href":"https:\/\/hamma-uwt.de\/cs\/wp-json\/wp\/v2\/product_tag?post=20177"}],"curies":[{"name":"wp","href":"https:\/\/api.w.org\/{rel}","templated":true}]}}