{"id":20735,"date":"2025-07-14T11:22:24","date_gmt":"2025-07-14T09:22:24","guid":{"rendered":"https:\/\/hamma-uwt.de\/produkt\/system-pece-maly\/"},"modified":"2026-03-16T15:51:55","modified_gmt":"2026-03-16T14:51:55","slug":"system-pece-maly","status":"publish","type":"product","link":"https:\/\/hamma-uwt.de\/cs\/produkt\/system-pece-maly\/","title":{"rendered":"Syst\u00e9m p\u00e9\u010de mal\u00fd"},"content":{"rendered":"<p>Bezstarostn\u00fd bal\u00ed\u010dek \u010dist\u00e9ho a \u00fa\u010dinn\u00e9ho chladic\u00edho maziva pro mal\u00e9 a\u017e st\u0159edn\u011b velk\u00e9 stroje se snadno instaluje a obsluhuje a z\u00e1rove\u0148 je vysoce \u00fa\u010dinn\u00fd z hlediska v\u00fdkonu.<\/p>\n<p>Rychl\u00e9 odp\u011b\u0148ova\u010de oleje a mikroperl\u00e1tory udr\u017euj\u00ed kvalitu chladic\u00edho maziva po podstatn\u011b del\u0161\u00ed dobu. V\u00fdsledkem jsou vy\u0161\u0161\u00ed \u0159ezn\u00e9 rychlosti a del\u0161\u00ed \u017eivotnost va\u0161ich n\u00e1stroj\u016f a stroj\u016f: \u017eijete zdrav\u011bji, rychle dosahujete velk\u00fdch \u00faspor a jste u\u0161et\u0159eni nep\u0159\u00edjemn\u00fdch pach\u016f. <\/p>\n<p>Mikroaer\u00e1tor Mikro zaji\u0161\u0165uje dostate\u010dn\u00fd p\u0159\u00edsun kysl\u00edku pomoc\u00ed mal\u00fdch vzduchov\u00fdch bublinek. Hygienick\u00e9 vlastnosti m\u00e9dia se tak v\u00fdrazn\u011b zlep\u0161uj\u00ed. Suspendovan\u00e9 \u010d\u00e1stice jsou vyn\u00e1\u0161eny na povrch a mohou b\u00fdt odstran\u011bny pomoc\u00ed odp\u011b\u0148ova\u010de oleje Rapid. B\u011bhem f\u00e1ze \u00fadr\u017eby chladic\u00edho maziva odstra\u0148uje odp\u011b\u0148ova\u010d oleje Rapid ne\u017e\u00e1douc\u00ed plovouc\u00ed oleje, v\u00e1penat\u00e1 m\u00fddla a suspendovan\u00e9 \u010d\u00e1stice. V\u00fdkonnost va\u0161eho chladic\u00edho maziva se zv\u00fd\u0161\u00ed a vy budete vyr\u00e1b\u011bt bezpe\u010dn\u011bji, rychleji a l\u00e9pe.    <\/p>\n","protected":false},"excerpt":{"rendered":"<p>Bez dr\u017e\u00e1ku, pro n\u00e1doby do 2 m2<sup>plochy<\/sup> \/ objemu do 1000 litr\u016f<\/p>\n","protected":false},"featured_media":23353,"comment_status":"closed","ping_status":"closed","template":"","meta":{"_acf_changed":false},"product_brand":[],"product_cat":[945],"product_tag":[],"class_list":{"0":"post-20735","1":"product","2":"type-product","3":"status-publish","4":"has-post-thumbnail","6":"product_cat-biobalance","8":"first","9":"instock","10":"purchasable","11":"product-type-simple"},"acf":[],"_links":{"self":[{"href":"https:\/\/hamma-uwt.de\/cs\/wp-json\/wp\/v2\/product\/20735","targetHints":{"allow":["GET"]}}],"collection":[{"href":"https:\/\/hamma-uwt.de\/cs\/wp-json\/wp\/v2\/product"}],"about":[{"href":"https:\/\/hamma-uwt.de\/cs\/wp-json\/wp\/v2\/types\/product"}],"replies":[{"embeddable":true,"href":"https:\/\/hamma-uwt.de\/cs\/wp-json\/wp\/v2\/comments?post=20735"}],"wp:featuredmedia":[{"embeddable":true,"href":"https:\/\/hamma-uwt.de\/cs\/wp-json\/wp\/v2\/media\/23353"}],"wp:attachment":[{"href":"https:\/\/hamma-uwt.de\/cs\/wp-json\/wp\/v2\/media?parent=20735"}],"wp:term":[{"taxonomy":"product_brand","embeddable":true,"href":"https:\/\/hamma-uwt.de\/cs\/wp-json\/wp\/v2\/product_brand?post=20735"},{"taxonomy":"product_cat","embeddable":true,"href":"https:\/\/hamma-uwt.de\/cs\/wp-json\/wp\/v2\/product_cat?post=20735"},{"taxonomy":"product_tag","embeddable":true,"href":"https:\/\/hamma-uwt.de\/cs\/wp-json\/wp\/v2\/product_tag?post=20735"}],"curies":[{"name":"wp","href":"https:\/\/api.w.org\/{rel}","templated":true}]}}