{"id":8268,"date":"2025-04-11T13:47:23","date_gmt":"2025-04-11T11:47:23","guid":{"rendered":"https:\/\/hamma-uwt.de\/servicio\/"},"modified":"2026-03-04T10:47:53","modified_gmt":"2026-03-04T09:47:53","slug":"servicio","status":"publish","type":"page","link":"https:\/\/hamma-uwt.de\/es\/servicio\/","title":{"rendered":"Servicio"},"content":{"rendered":"\t\t<div data-elementor-type=\"wp-page\" data-elementor-id=\"8268\" class=\"elementor elementor-8268 elementor-37\" data-elementor-post-type=\"page\">\n\t\t\t\t<div class=\"elementor-element elementor-element-3101cb4 e-flex e-con-boxed e-con e-parent\" data-id=\"3101cb4\" data-element_type=\"container\" data-e-type=\"container\" data-settings=\"{&quot;background_background&quot;:&quot;classic&quot;,&quot;jet_parallax_layout_list&quot;:[]}\">\n\t\t\t\t\t<div class=\"e-con-inner\">\n\t\t<div class=\"elementor-element elementor-element-d29d8c0 e-con-full e-flex e-con e-child\" data-id=\"d29d8c0\" data-element_type=\"container\" data-e-type=\"container\" data-settings=\"{&quot;jet_parallax_layout_list&quot;:[]}\">\n\t\t\t\t<div class=\"elementor-element elementor-element-bdf39cb elementor-widget elementor-widget-heading\" data-id=\"bdf39cb\" data-element_type=\"widget\" data-e-type=\"widget\" data-widget_type=\"heading.default\">\n\t\t\t\t\t<h1 class=\"elementor-heading-title elementor-size-default\">SERVICIO<\/h1>\t\t\t\t<\/div>\n\t\t\t\t<div class=\"elementor-element elementor-element-f992e32 elementor-widget elementor-widget-text-editor\" data-id=\"f992e32\" data-element_type=\"widget\" data-e-type=\"widget\" data-widget_type=\"text-editor.default\">\n\t\t\t\t\t\t\t\t\t<p>Aqu\u00ed encontrar\u00e1s todo sobre nuestros productos.<\/p>\t\t\t\t\t\t\t\t<\/div>\n\t\t\t\t<\/div>\n\t\t\t\t<div class=\"elementor-element elementor-element-9df908a elementor-widget elementor-widget-image\" data-id=\"9df908a\" data-element_type=\"widget\" data-e-type=\"widget\" data-widget_type=\"image.default\">\n\t\t\t\t\t\t\t\t\t\t\t\t\t\t\t<img fetchpriority=\"high\" decoding=\"async\" width=\"539\" height=\"1000\" src=\"https:\/\/hamma-uwt.de\/wp-content\/uploads\/Servicefrog-Modeling-008a-free.png\" class=\"attachment-large size-large wp-image-8269\" alt=\"\" srcset=\"https:\/\/hamma-uwt.de\/wp-content\/uploads\/Servicefrog-Modeling-008a-free.png 539w, https:\/\/hamma-uwt.de\/wp-content\/uploads\/Servicefrog-Modeling-008a-free-162x300.png 162w\" sizes=\"(max-width: 539px) 100vw, 539px\" \/>\t\t\t\t\t\t\t\t\t\t\t\t\t\t\t<\/div>\n\t\t\t\t\t<\/div>\n\t\t\t\t<\/div>\n\t\t<div class=\"elementor-element elementor-element-9dcc97e e-flex e-con-boxed e-con e-parent\" data-id=\"9dcc97e\" data-element_type=\"container\" data-e-type=\"container\" data-settings=\"{&quot;jet_parallax_layout_list&quot;:[]}\">\n\t\t\t\t\t<div class=\"e-con-inner\">\n\t\t<div class=\"elementor-element elementor-element-0373ef4 e-con-full e-flex e-con e-child\" data-id=\"0373ef4\" data-element_type=\"container\" data-e-type=\"container\" data-settings=\"{&quot;background_background&quot;:&quot;classic&quot;,&quot;jet_parallax_layout_list&quot;:[]}\">\n\t\t\t\t<div class=\"elementor-element elementor-element-9767d9c elementor-widget elementor-widget-heading\" data-id=\"9767d9c\" data-element_type=\"widget\" data-e-type=\"widget\" data-widget_type=\"heading.default\">\n\t\t\t\t\t<h3 class=\"elementor-heading-title elementor-size-default\">Descargas<\/h3>\t\t\t\t<\/div>\n\t\t\t\t<div class=\"elementor-element elementor-element-95a4dbe elementor-widget elementor-widget-text-editor\" data-id=\"95a4dbe\" data-element_type=\"widget\" data-e-type=\"widget\" data-widget_type=\"text-editor.default\">\n\t\t\t\t\t\t\t\t\t<div class=\"n module-type-matrix diyfeLiveArea \"><div class=\"diyfeModGridGroup diyfeModGrid2\"><div class=\"diyfeModGridElement diyfeModGridCol66\"><div class=\"diyfeModGridContent\"><div id=\"matrix_1025890055\" class=\"sortable-matrix-child\" data-matrixid=\"1025890055\"><div class=\"n module-type-text diyfeLiveArea \"><p>Gu\u00edas de funcionamiento y de referencia r\u00e1pida, descripciones de productos y otros documentos relacionados con nuestros productos.<\/p><\/div><\/div><\/div><\/div><\/div><\/div>\t\t\t\t\t\t\t\t<\/div>\n\t\t\t\t<div class=\"elementor-element elementor-element-d5f9abb ham-btn elementor-widget elementor-widget-button\" data-id=\"d5f9abb\" data-element_type=\"widget\" data-e-type=\"widget\" data-widget_type=\"button.default\">\n\t\t\t\t\t\t\t\t\t\t<a class=\"elementor-button elementor-button-link elementor-size-sm\" href=\"https:\/\/hamma-uwt.de\/es\/descargas\/\">\n\t\t\t\t\t\t<span class=\"elementor-button-content-wrapper\">\n\t\t\t\t\t\t\t\t\t<span class=\"elementor-button-text\">Seguir leyendo<\/span>\n\t\t\t\t\t<\/span>\n\t\t\t\t\t<\/a>\n\t\t\t\t\t\t\t\t<\/div>\n\t\t\t\t<\/div>\n\t\t<div class=\"elementor-element elementor-element-12e7f45 e-con-full e-flex e-con e-child\" data-id=\"12e7f45\" data-element_type=\"container\" data-e-type=\"container\" data-settings=\"{&quot;background_background&quot;:&quot;classic&quot;,&quot;jet_parallax_layout_list&quot;:[]}\">\n\t\t\t\t<div class=\"elementor-element elementor-element-0442579 elementor-widget elementor-widget-heading\" data-id=\"0442579\" data-element_type=\"widget\" data-e-type=\"widget\" data-widget_type=\"heading.default\">\n\t\t\t\t\t<h3 class=\"elementor-heading-title elementor-size-default\">PREGUNTAS FRECUENTES<\/h3>\t\t\t\t<\/div>\n\t\t\t\t<div class=\"elementor-element elementor-element-b2314fa elementor-widget elementor-widget-text-editor\" data-id=\"b2314fa\" data-element_type=\"widget\" data-e-type=\"widget\" data-widget_type=\"text-editor.default\">\n\t\t\t\t\t\t\t\t\t<p>Aqu\u00ed encontrar\u00e1s respuestas a las preguntas m\u00e1s frecuentes.<\/p>\t\t\t\t\t\t\t\t<\/div>\n\t\t\t\t<div class=\"elementor-element elementor-element-3e3ae05 ham-btn elementor-widget elementor-widget-button\" data-id=\"3e3ae05\" data-element_type=\"widget\" data-e-type=\"widget\" data-widget_type=\"button.default\">\n\t\t\t\t\t\t\t\t\t\t<a class=\"elementor-button elementor-button-link elementor-size-sm\" href=\"https:\/\/hamma-uwt.de\/es\/servicio\/preguntas-frecuentes\/\">\n\t\t\t\t\t\t<span class=\"elementor-button-content-wrapper\">\n\t\t\t\t\t\t\t\t\t<span class=\"elementor-button-text\">Seguir leyendo<\/span>\n\t\t\t\t\t<\/span>\n\t\t\t\t\t<\/a>\n\t\t\t\t\t\t\t\t<\/div>\n\t\t\t\t<\/div>\n\t\t<div class=\"elementor-element elementor-element-6d237b9 e-con-full e-flex e-con e-child\" data-id=\"6d237b9\" data-element_type=\"container\" data-e-type=\"container\" data-settings=\"{&quot;background_background&quot;:&quot;classic&quot;,&quot;jet_parallax_layout_list&quot;:[]}\">\n\t\t\t\t<div class=\"elementor-element elementor-element-016be6b elementor-widget elementor-widget-heading\" data-id=\"016be6b\" data-element_type=\"widget\" data-e-type=\"widget\" data-widget_type=\"heading.default\">\n\t\t\t\t\t<h3 class=\"elementor-heading-title elementor-size-default\">GTC<\/h3>\t\t\t\t<\/div>\n\t\t\t\t<div class=\"elementor-element elementor-element-d00adc9 elementor-widget elementor-widget-text-editor\" data-id=\"d00adc9\" data-element_type=\"widget\" data-e-type=\"widget\" data-widget_type=\"text-editor.default\">\n\t\t\t\t\t\t\t\t\t<div class=\"n module-type-spacer diyfeLiveArea \"><div class=\"the-spacer id5799633250\">Aqu\u00ed encontrar\u00e1s nuestras Condiciones Generales.<\/div><\/div>\t\t\t\t\t\t\t\t<\/div>\n\t\t\t\t<div class=\"elementor-element elementor-element-921fcec ham-btn elementor-widget elementor-widget-button\" data-id=\"921fcec\" data-element_type=\"widget\" data-e-type=\"widget\" data-widget_type=\"button.default\">\n\t\t\t\t\t\t\t\t\t\t<a class=\"elementor-button elementor-button-link elementor-size-sm\" href=\"https:\/\/hamma-uwt.de\/es\/servicio\/gtc\/\">\n\t\t\t\t\t\t<span class=\"elementor-button-content-wrapper\">\n\t\t\t\t\t\t\t\t\t<span class=\"elementor-button-text\">Seguir leyendo<\/span>\n\t\t\t\t\t<\/span>\n\t\t\t\t\t<\/a>\n\t\t\t\t\t\t\t\t<\/div>\n\t\t\t\t<\/div>\n\t\t\t\t\t<\/div>\n\t\t\t\t<\/div>\n\t\t<div class=\"elementor-element elementor-element-2cba74a e-flex e-con-boxed e-con e-parent\" data-id=\"2cba74a\" data-element_type=\"container\" data-e-type=\"container\" data-settings=\"{&quot;jet_parallax_layout_list&quot;:[]}\">\n\t\t\t\t\t<div class=\"e-con-inner\">\n\t\t\t\t<div class=\"elementor-element elementor-element-1b1720b elementor-widget elementor-widget-heading\" data-id=\"1b1720b\" data-element_type=\"widget\" data-e-type=\"widget\" data-widget_type=\"heading.default\">\n\t\t\t\t\t<h2 class=\"elementor-heading-title elementor-size-default\">Nuestro servicio: para que obtengas lo mejor de tus productos Hamma<br> \n<\/h2>\t\t\t\t<\/div>\n\t\t\t\t<div class=\"elementor-element elementor-element-757360e elementor-widget elementor-widget-text-editor\" data-id=\"757360e\" data-element_type=\"widget\" data-e-type=\"widget\" data-widget_type=\"text-editor.default\">\n\t\t\t\t\t\t\t\t\t<p>Como empresa familiar, no s\u00f3lo nos preocupamos por la calidad de nuestros productos, sino tambi\u00e9n por cuidar de nuestros clientes. En nuestra \u00e1rea de servicio encontrar\u00e1s toda la informaci\u00f3n importante sobre nuestras soluciones para el cuidado de los lubricantes refrigerantes: desde las instrucciones de uso y las descripciones de los productos hasta las preguntas m\u00e1s frecuentes y nuestras condiciones generales. <\/p><p>Ya sea la mezcladora MISCEO, el aireador MIKRO, el skimmer RAPID o la torre CLEAN-TOWER, ponemos a tu disposici\u00f3n una completa documentaci\u00f3n para descargar sobre cada uno de nuestros productos. Esto significa que siempre tendr\u00e1s a mano instrucciones, gu\u00edas r\u00e1pidas, fichas t\u00e9cnicas y otros documentos. En nuestra secci\u00f3n de preguntas frecuentes respondemos a las preguntas m\u00e1s frecuentes sobre el funcionamiento, el mantenimiento y el uso de nuestra tecnolog\u00eda de mantenimiento. Si necesitas m\u00e1s ayuda, por supuesto tambi\u00e9n estamos a tu disposici\u00f3n personalmente.   <\/p><p>Armin Hamma Umwelttechnik est\u00e1 certificada seg\u00fan la norma DIN EN ISO 9001:2015, una promesa de calidad que se extiende a toda nuestra gama de servicios: desde el desarrollo y la producci\u00f3n hasta el servicio.<\/p>\t\t\t\t\t\t\t\t<\/div>\n\t\t\t\t\t<\/div>\n\t\t\t\t<\/div>\n\t\t\t\t<\/div>\n\t\t","protected":false},"excerpt":{"rendered":"<p>SERVICIO Aqu\u00ed encontrar\u00e1s todo sobre nuestros productos. Descargas Gu\u00edas de funcionamiento y de referencia r\u00e1pida, descripciones de productos y otros documentos relacionados con nuestros productos. Seguir leyendo PREGUNTAS FRECUENTES Aqu\u00ed encontrar\u00e1s respuestas a las preguntas m\u00e1s frecuentes. Seguir leyendo GTC Aqu\u00ed encontrar\u00e1s nuestras Condiciones Generales. Seguir leyendo Nuestro servicio: para que obtengas lo mejor de [&hellip;]<\/p>\n","protected":false},"author":3,"featured_media":0,"parent":0,"menu_order":40,"comment_status":"closed","ping_status":"closed","template":"","meta":{"_acf_changed":false,"footnotes":""},"class_list":["post-8268","page","type-page","status-publish","hentry"],"acf":[],"_links":{"self":[{"href":"https:\/\/hamma-uwt.de\/es\/wp-json\/wp\/v2\/pages\/8268","targetHints":{"allow":["GET"]}}],"collection":[{"href":"https:\/\/hamma-uwt.de\/es\/wp-json\/wp\/v2\/pages"}],"about":[{"href":"https:\/\/hamma-uwt.de\/es\/wp-json\/wp\/v2\/types\/page"}],"author":[{"embeddable":true,"href":"https:\/\/hamma-uwt.de\/es\/wp-json\/wp\/v2\/users\/3"}],"replies":[{"embeddable":true,"href":"https:\/\/hamma-uwt.de\/es\/wp-json\/wp\/v2\/comments?post=8268"}],"version-history":[{"count":1,"href":"https:\/\/hamma-uwt.de\/es\/wp-json\/wp\/v2\/pages\/8268\/revisions"}],"predecessor-version":[{"id":8270,"href":"https:\/\/hamma-uwt.de\/es\/wp-json\/wp\/v2\/pages\/8268\/revisions\/8270"}],"wp:attachment":[{"href":"https:\/\/hamma-uwt.de\/es\/wp-json\/wp\/v2\/media?parent=8268"}],"curies":[{"name":"wp","href":"https:\/\/api.w.org\/{rel}","templated":true}]}}