{"id":11629,"date":"2025-07-14T12:06:44","date_gmt":"2025-07-14T10:06:44","guid":{"rendered":"https:\/\/hamma-uwt.de\/produkt\/refractometro-manual-analogico\/"},"modified":"2025-07-14T12:06:44","modified_gmt":"2025-07-14T10:06:44","slug":"refractometro-manual-analogico","status":"publish","type":"product","link":"https:\/\/hamma-uwt.de\/es\/produkt\/refractometro-manual-analogico\/","title":{"rendered":"Refract\u00f3metro manual anal\u00f3gico"},"content":{"rendered":"<div class=\"n module-type-text diyfeLiveArea \">\n<p>Con el refract\u00f3metro anal\u00f3gico, puedes comprobar f\u00e1cil y c\u00f3modamente la concentraci\u00f3n de tu lubricante refrigerante. El refract\u00f3metro dispone de ecualizaci\u00f3n autom\u00e1tica de la temperatura, lo que garantiza una medici\u00f3n r\u00e1pida y fiable. Puedes utilizar el refract\u00f3metro para medir un intervalo porcentual de 0,0 - 18,0 %.  <\/p>\n<p>Tus ventajas:<\/p>\n<ul>\n<li>Con iluminaci\u00f3n integrada (LED)<\/li>\n<li>F\u00e1cil de manejar<\/li>\n<li>Igualaci\u00f3n autom\u00e1tica de la temperatura<\/li>\n<li>Escala optimizada para la medici\u00f3n del lubricante refrigerante (0 - 18)<\/li>\n<\/ul>\n<\/div>\n<p>&nbsp;<\/p>\n<p>Dise\u00f1o ligero gracias a la nueva tecnolog\u00eda de prismas<\/p>\n","protected":false},"excerpt":{"rendered":"<p>0 - 18 % (incremento = 0,1 %)<\/p>\n","protected":false},"featured_media":2479,"comment_status":"closed","ping_status":"closed","template":"","meta":{"_acf_changed":false},"product_brand":[],"product_cat":[755],"product_tag":[],"class_list":{"0":"post-11629","1":"product","2":"type-product","3":"status-publish","4":"has-post-thumbnail","6":"product_cat-accesorios-del-caso-de-prueba","8":"first","9":"instock","10":"purchasable","11":"product-type-simple"},"acf":[],"_links":{"self":[{"href":"https:\/\/hamma-uwt.de\/es\/wp-json\/wp\/v2\/product\/11629","targetHints":{"allow":["GET"]}}],"collection":[{"href":"https:\/\/hamma-uwt.de\/es\/wp-json\/wp\/v2\/product"}],"about":[{"href":"https:\/\/hamma-uwt.de\/es\/wp-json\/wp\/v2\/types\/product"}],"replies":[{"embeddable":true,"href":"https:\/\/hamma-uwt.de\/es\/wp-json\/wp\/v2\/comments?post=11629"}],"wp:featuredmedia":[{"embeddable":true,"href":"https:\/\/hamma-uwt.de\/es\/wp-json\/wp\/v2\/media\/2479"}],"wp:attachment":[{"href":"https:\/\/hamma-uwt.de\/es\/wp-json\/wp\/v2\/media?parent=11629"}],"wp:term":[{"taxonomy":"product_brand","embeddable":true,"href":"https:\/\/hamma-uwt.de\/es\/wp-json\/wp\/v2\/product_brand?post=11629"},{"taxonomy":"product_cat","embeddable":true,"href":"https:\/\/hamma-uwt.de\/es\/wp-json\/wp\/v2\/product_cat?post=11629"},{"taxonomy":"product_tag","embeddable":true,"href":"https:\/\/hamma-uwt.de\/es\/wp-json\/wp\/v2\/product_tag?post=11629"}],"curies":[{"name":"wp","href":"https:\/\/api.w.org\/{rel}","templated":true}]}}