{"id":11942,"date":"2025-08-11T13:19:15","date_gmt":"2025-08-11T11:19:15","guid":{"rendered":"https:\/\/hamma-uwt.de\/produkt\/manguera-de-aspiracion-de-concentrado-de-pu\/"},"modified":"2025-08-11T13:19:15","modified_gmt":"2025-08-11T11:19:15","slug":"manguera-de-aspiracion-de-concentrado-de-pu","status":"publish","type":"product","link":"https:\/\/hamma-uwt.de\/es\/produkt\/manguera-de-aspiracion-de-concentrado-de-pu\/","title":{"rendered":"Manguera de aspiraci\u00f3n de concentrado de PU"},"content":{"rendered":"<p>Manguera de aspiraci\u00f3n de concentrado de 2 m de PU para Misceo 3, incl. pie de aspiraci\u00f3n. <\/p>\n","protected":false},"excerpt":{"rendered":"<p>incl. Pie de aspiraci\u00f3n, accesorio MISCEO 3<\/p>\n","protected":false},"featured_media":1783,"comment_status":"closed","ping_status":"closed","template":"","meta":{"_acf_changed":false},"product_brand":[],"product_cat":[890,891],"product_tag":[],"class_list":{"0":"post-11942","1":"product","2":"type-product","3":"status-publish","4":"has-post-thumbnail","6":"product_cat-accesorios-misceo","7":"product_cat-manguera","9":"first","10":"instock","11":"shipping-taxable","12":"purchasable","13":"product-type-simple"},"acf":[],"_links":{"self":[{"href":"https:\/\/hamma-uwt.de\/es\/wp-json\/wp\/v2\/product\/11942","targetHints":{"allow":["GET"]}}],"collection":[{"href":"https:\/\/hamma-uwt.de\/es\/wp-json\/wp\/v2\/product"}],"about":[{"href":"https:\/\/hamma-uwt.de\/es\/wp-json\/wp\/v2\/types\/product"}],"replies":[{"embeddable":true,"href":"https:\/\/hamma-uwt.de\/es\/wp-json\/wp\/v2\/comments?post=11942"}],"wp:featuredmedia":[{"embeddable":true,"href":"https:\/\/hamma-uwt.de\/es\/wp-json\/wp\/v2\/media\/1783"}],"wp:attachment":[{"href":"https:\/\/hamma-uwt.de\/es\/wp-json\/wp\/v2\/media?parent=11942"}],"wp:term":[{"taxonomy":"product_brand","embeddable":true,"href":"https:\/\/hamma-uwt.de\/es\/wp-json\/wp\/v2\/product_brand?post=11942"},{"taxonomy":"product_cat","embeddable":true,"href":"https:\/\/hamma-uwt.de\/es\/wp-json\/wp\/v2\/product_cat?post=11942"},{"taxonomy":"product_tag","embeddable":true,"href":"https:\/\/hamma-uwt.de\/es\/wp-json\/wp\/v2\/product_tag?post=11942"}],"curies":[{"name":"wp","href":"https:\/\/api.w.org\/{rel}","templated":true}]}}