{"id":12346,"date":"2025-08-11T15:06:38","date_gmt":"2025-08-11T13:06:38","guid":{"rendered":"https:\/\/hamma-uwt.de\/produkt\/manguera-de-aspiracion-presion\/"},"modified":"2025-08-11T15:06:38","modified_gmt":"2025-08-11T13:06:38","slug":"manguera-de-aspiracion-presion","status":"publish","type":"product","link":"https:\/\/hamma-uwt.de\/es\/produkt\/manguera-de-aspiracion-presion\/","title":{"rendered":"Manguera de aspiraci\u00f3n-presi\u00f3n"},"content":{"rendered":"<p>Manguera de aspiraci\u00f3n\/presi\u00f3n 16 x 3 mm de PU, transparente.<\/p>\n","protected":false},"excerpt":{"rendered":"<p>(por metro) con espiral de acero, accesorio MISCEO 3<\/p>\n","protected":false},"featured_media":2045,"comment_status":"closed","ping_status":"closed","template":"","meta":{"_acf_changed":false},"product_brand":[],"product_cat":[890,891],"product_tag":[],"class_list":{"0":"post-12346","1":"product","2":"type-product","3":"status-publish","4":"has-post-thumbnail","6":"product_cat-accesorios-misceo","7":"product_cat-manguera","9":"first","10":"instock","11":"shipping-taxable","12":"purchasable","13":"product-type-simple"},"acf":[],"_links":{"self":[{"href":"https:\/\/hamma-uwt.de\/es\/wp-json\/wp\/v2\/product\/12346","targetHints":{"allow":["GET"]}}],"collection":[{"href":"https:\/\/hamma-uwt.de\/es\/wp-json\/wp\/v2\/product"}],"about":[{"href":"https:\/\/hamma-uwt.de\/es\/wp-json\/wp\/v2\/types\/product"}],"replies":[{"embeddable":true,"href":"https:\/\/hamma-uwt.de\/es\/wp-json\/wp\/v2\/comments?post=12346"}],"wp:featuredmedia":[{"embeddable":true,"href":"https:\/\/hamma-uwt.de\/es\/wp-json\/wp\/v2\/media\/2045"}],"wp:attachment":[{"href":"https:\/\/hamma-uwt.de\/es\/wp-json\/wp\/v2\/media?parent=12346"}],"wp:term":[{"taxonomy":"product_brand","embeddable":true,"href":"https:\/\/hamma-uwt.de\/es\/wp-json\/wp\/v2\/product_brand?post=12346"},{"taxonomy":"product_cat","embeddable":true,"href":"https:\/\/hamma-uwt.de\/es\/wp-json\/wp\/v2\/product_cat?post=12346"},{"taxonomy":"product_tag","embeddable":true,"href":"https:\/\/hamma-uwt.de\/es\/wp-json\/wp\/v2\/product_tag?post=12346"}],"curies":[{"name":"wp","href":"https:\/\/api.w.org\/{rel}","templated":true}]}}