{"id":12401,"date":"2025-08-13T16:30:40","date_gmt":"2025-08-13T14:30:40","guid":{"rendered":"https:\/\/hamma-uwt.de\/produkt\/especial-rapido-5\/"},"modified":"2025-08-13T16:30:40","modified_gmt":"2025-08-13T14:30:40","slug":"especial-rapido-5","status":"publish","type":"product","link":"https:\/\/hamma-uwt.de\/es\/produkt\/especial-rapido-5\/","title":{"rendered":"Especial R\u00c1PIDO 5"},"content":{"rendered":"<p>La Rapid 5 Special es una espumadera de cinta con brazo ajustable y soporte magn\u00e9tico, que la hace potente, flexible y f\u00e1cil de usar, incluso para recipientes de dif\u00edcil acceso. Es adecuada para superficies de hasta 2 m\u00b2. <\/p>\n","protected":false},"excerpt":{"rendered":"<p>Desnatador de cinta para medios calientes, superficies de hasta 2 m\u00b2, incl. cintas desnatadoras <\/p>\n","protected":false},"featured_media":968,"comment_status":"closed","ping_status":"closed","template":"","meta":{"_acf_changed":false},"product_brand":[],"product_cat":[1114],"product_tag":[],"class_list":{"0":"post-12401","1":"product","2":"type-product","3":"status-publish","4":"has-post-thumbnail","6":"product_cat-rapido-5","8":"first","9":"instock","10":"purchasable","11":"product-type-variable"},"acf":[],"_links":{"self":[{"href":"https:\/\/hamma-uwt.de\/es\/wp-json\/wp\/v2\/product\/12401","targetHints":{"allow":["GET"]}}],"collection":[{"href":"https:\/\/hamma-uwt.de\/es\/wp-json\/wp\/v2\/product"}],"about":[{"href":"https:\/\/hamma-uwt.de\/es\/wp-json\/wp\/v2\/types\/product"}],"replies":[{"embeddable":true,"href":"https:\/\/hamma-uwt.de\/es\/wp-json\/wp\/v2\/comments?post=12401"}],"wp:featuredmedia":[{"embeddable":true,"href":"https:\/\/hamma-uwt.de\/es\/wp-json\/wp\/v2\/media\/968"}],"wp:attachment":[{"href":"https:\/\/hamma-uwt.de\/es\/wp-json\/wp\/v2\/media?parent=12401"}],"wp:term":[{"taxonomy":"product_brand","embeddable":true,"href":"https:\/\/hamma-uwt.de\/es\/wp-json\/wp\/v2\/product_brand?post=12401"},{"taxonomy":"product_cat","embeddable":true,"href":"https:\/\/hamma-uwt.de\/es\/wp-json\/wp\/v2\/product_cat?post=12401"},{"taxonomy":"product_tag","embeddable":true,"href":"https:\/\/hamma-uwt.de\/es\/wp-json\/wp\/v2\/product_tag?post=12401"}],"curies":[{"name":"wp","href":"https:\/\/api.w.org\/{rel}","templated":true}]}}