{"id":12521,"date":"2025-08-20T08:29:04","date_gmt":"2025-08-20T06:29:04","guid":{"rendered":"https:\/\/hamma-uwt.de\/produkt\/misceo-estandar\/"},"modified":"2025-08-20T08:29:04","modified_gmt":"2025-08-20T06:29:04","slug":"misceo-estandar","status":"publish","type":"product","link":"https:\/\/hamma-uwt.de\/es\/produkt\/misceo-estandar\/","title":{"rendered":"Misceo Est\u00e1ndar"},"content":{"rendered":"<p>La soluci\u00f3n profesional para mezclar lubricantes refrigerantes miscibles en agua. Su exclusiva unidad de mezcla y su sistema electr\u00f3nico con un sencillo men\u00fa de navegaci\u00f3n garantizan unos resultados \u00f3ptimos. Ahorras tiempo y dinero.  <\/p>\n<p>Tus ventajas:<\/p>\n<ul>\n<li>perfectamente mezclado<\/li>\n<li>Lubricante refrigerante<\/li>\n<li>Resultado de mezcla preciso<\/li>\n<li>Reconoce los envases vac\u00edos<\/li>\n<li>Mangueras flexibles<\/li>\n<li>Desconexi\u00f3n autom\u00e1tica<\/li>\n<li>Con cerradura<\/li>\n<li>Llenado autom\u00e1tico de m\u00e1quinas<\/li>\n<li>Funcionamiento sencillo<\/li>\n<li>Repostar como en la gasolinera<\/li>\n<\/ul>\n<p>Requisitos de funcionamiento: Separador de sistemas seg\u00fan DIN EN 1717<\/p>\n","protected":false},"excerpt":{"rendered":"<p>Unidad de mezcla totalmente controlada electr\u00f3nicamente<\/p>\n","protected":false},"featured_media":3964,"comment_status":"closed","ping_status":"closed","template":"","meta":{"_acf_changed":false},"product_brand":[],"product_cat":[1172],"product_tag":[],"class_list":{"0":"post-12521","1":"product","2":"type-product","3":"status-publish","4":"has-post-thumbnail","6":"product_cat-mezcladora-misceo","8":"first","9":"instock","10":"purchasable","11":"product-type-simple"},"acf":[],"_links":{"self":[{"href":"https:\/\/hamma-uwt.de\/es\/wp-json\/wp\/v2\/product\/12521","targetHints":{"allow":["GET"]}}],"collection":[{"href":"https:\/\/hamma-uwt.de\/es\/wp-json\/wp\/v2\/product"}],"about":[{"href":"https:\/\/hamma-uwt.de\/es\/wp-json\/wp\/v2\/types\/product"}],"replies":[{"embeddable":true,"href":"https:\/\/hamma-uwt.de\/es\/wp-json\/wp\/v2\/comments?post=12521"}],"wp:featuredmedia":[{"embeddable":true,"href":"https:\/\/hamma-uwt.de\/es\/wp-json\/wp\/v2\/media\/3964"}],"wp:attachment":[{"href":"https:\/\/hamma-uwt.de\/es\/wp-json\/wp\/v2\/media?parent=12521"}],"wp:term":[{"taxonomy":"product_brand","embeddable":true,"href":"https:\/\/hamma-uwt.de\/es\/wp-json\/wp\/v2\/product_brand?post=12521"},{"taxonomy":"product_cat","embeddable":true,"href":"https:\/\/hamma-uwt.de\/es\/wp-json\/wp\/v2\/product_cat?post=12521"},{"taxonomy":"product_tag","embeddable":true,"href":"https:\/\/hamma-uwt.de\/es\/wp-json\/wp\/v2\/product_tag?post=12521"}],"curies":[{"name":"wp","href":"https:\/\/api.w.org\/{rel}","templated":true}]}}