{"id":12523,"date":"2025-08-27T09:00:08","date_gmt":"2025-08-27T07:00:08","guid":{"rendered":"https:\/\/hamma-uwt.de\/produkt\/gran-sistema-asistencial\/"},"modified":"2025-08-27T09:00:08","modified_gmt":"2025-08-27T07:00:08","slug":"gran-sistema-asistencial","status":"publish","type":"product","link":"https:\/\/hamma-uwt.de\/es\/produkt\/gran-sistema-asistencial\/","title":{"rendered":"Gran sistema asistencial"},"content":{"rendered":"<p>El paquete despreocupado de lubricante refrigerante limpio y eficaz para m\u00e1quinas medianas y grandes es f\u00e1cil de instalar y manejar y, al mismo tiempo, muy eficaz en t\u00e9rminos de rendimiento.<\/p>\n<p>Los desnatadores r\u00e1pidos de aceite y los microaireadores mantienen la calidad de tu lubricante refrigerante durante un periodo de tiempo considerablemente m\u00e1s largo. El resultado es una mayor velocidad de corte y una vida \u00fatil m\u00e1s larga de tus herramientas y m\u00e1quinas: vives m\u00e1s sano, ahorras r\u00e1pidamente y te ahorras los malos olores. <\/p>\n<p>El microaireador Mikro garantiza un aporte suficiente de ox\u00edgeno mediante diminutas burbujas de aire. Las propiedades higi\u00e9nicas del medio mejoran dr\u00e1sticamente. Las part\u00edculas en suspensi\u00f3n son transportadas a la superficie y pueden ser eliminadas por el desnatador de aceite Rapid. Durante la fase de mantenimiento de tu lubricante refrigerante, el desnatador de aceite Rapid elimina los aceites flotantes no deseados, los jabones de cal y las part\u00edculas en suspensi\u00f3n. El rendimiento de tu lubricante refrigerante aumenta y produces m\u00e1s seguro, m\u00e1s r\u00e1pido y mejor.    <\/p>\n","protected":false},"excerpt":{"rendered":"<p>Sin soporte, para recipientes de hasta 6 m\u00b2 de superficie \/ volumen de hasta 1000 litros<\/p>\n","protected":false},"featured_media":1067,"comment_status":"closed","ping_status":"closed","template":"","meta":{"_acf_changed":false},"product_brand":[],"product_cat":[1174],"product_tag":[],"class_list":{"0":"post-12523","1":"product","2":"type-product","3":"status-publish","4":"has-post-thumbnail","6":"product_cat-biobalance","8":"first","9":"instock","10":"purchasable","11":"product-type-simple"},"acf":[],"_links":{"self":[{"href":"https:\/\/hamma-uwt.de\/es\/wp-json\/wp\/v2\/product\/12523","targetHints":{"allow":["GET"]}}],"collection":[{"href":"https:\/\/hamma-uwt.de\/es\/wp-json\/wp\/v2\/product"}],"about":[{"href":"https:\/\/hamma-uwt.de\/es\/wp-json\/wp\/v2\/types\/product"}],"replies":[{"embeddable":true,"href":"https:\/\/hamma-uwt.de\/es\/wp-json\/wp\/v2\/comments?post=12523"}],"wp:featuredmedia":[{"embeddable":true,"href":"https:\/\/hamma-uwt.de\/es\/wp-json\/wp\/v2\/media\/1067"}],"wp:attachment":[{"href":"https:\/\/hamma-uwt.de\/es\/wp-json\/wp\/v2\/media?parent=12523"}],"wp:term":[{"taxonomy":"product_brand","embeddable":true,"href":"https:\/\/hamma-uwt.de\/es\/wp-json\/wp\/v2\/product_brand?post=12523"},{"taxonomy":"product_cat","embeddable":true,"href":"https:\/\/hamma-uwt.de\/es\/wp-json\/wp\/v2\/product_cat?post=12523"},{"taxonomy":"product_tag","embeddable":true,"href":"https:\/\/hamma-uwt.de\/es\/wp-json\/wp\/v2\/product_tag?post=12523"}],"curies":[{"name":"wp","href":"https:\/\/api.w.org\/{rel}","templated":true}]}}